{"id":32,"date":"2023-07-07T09:07:21","date_gmt":"2023-07-07T09:07:21","guid":{"rendered":"https:\/\/achdsepatient-dev-001.azurewebsites.net\/en-us\/?page_id=32"},"modified":"2025-05-11T23:10:09","modified_gmt":"2025-05-11T23:10:09","slug":"resources","status":"publish","type":"page","link":"https:\/\/achondroplasia.biomarin.com\/pt-pt\/resources\/","title":{"rendered":"Resources"},"content":{"rendered":"<div id=\"acf-block-675c6bb64cc0f\" class=\"hero\">\n    \t<div class=\"overlay\"><\/div>\n\t<div class=\"wrapper\">\n\t\t<div class=\"inner-wrapper\">\n\t\t\t<div class=\"hero-content\">\n\t\t\t    \t\t\t\t\t\t\t\t\t\t\t\t    <h1>Recursos\n<\/h1>\n\t\t\t\t\t\t\t\t\t\t\t\t    <p>Explore os nossos recursos mais recentes para saber mais sobre acondroplasia e a sua gest\u00e3o<\/p>\n\t\t\t\t\t\t\t\t\n                <p class=\"inline-buttons\">\n                                                        <\/p>\n\t\t\t\t\t\t\t<\/div>\n\t\t<\/div>\n\t<\/div>\n<\/div>\n\n\n<div id=\"videos\" class=\"block featured-resources-listing\">\n\t<div class=\"wrapper\">\n\t\t<div class=\"inner-wrapper\">\n                            <div class=\"listing-title\">\n                                            <h2>V\u00eddeos\n<\/h2>\n                                                        <\/div>\n\t\t\t\t\t\t                                                                    \n                    \n                    \n                                                                                                                                                                                                                                                \n                                                                                        \n                                        <article class=\"resource resource-article\">\n                                                    <p class=\"resource-type\">v\u00eddeo<\/p>\n                                                <div class=\"resource-image\">\n                                                            <div class=\"resource-feature-image\" style=\"background-image: url(https:\/\/achondroplasia.biomarin.com\/pt-pt\/wp-content\/uploads\/sites\/20\/2025\/05\/untitled-f000383-it-1024x576.jpg);\"><\/div>\n                                                                                <\/div>\n                        <div class=\"resource-information\">\n                                                                                                                    <h2>Fique a saber mais com o \u2018In The Know\u2019 e a Dra. Melita Irving\n<\/h2>\n                                                                                        <p>A geneticista cl\u00ednica, Dra. Melita Irving, responde a perguntas-chave sobre acondroplasia.<\/p>\n                                                    <\/div>\n\n                                                                                                                                                                                                                                        <p><a class=\"button modal-video permitted\" href=\"https:\/\/player.vimeo.com\/video\/747531319\" target=\"_self\">Ver<\/a><\/p>\n                                                                    <\/article>\n                                                        \n                    \n                    \n                                                                                                                                                                                                                                                \n                                                                                        \n                                        <article class=\"resource resource-article\">\n                                                    <p class=\"resource-type\">v\u00eddeo<\/p>\n                                                <div class=\"resource-image\">\n                                                            <div class=\"resource-feature-image\" style=\"background-image: url(https:\/\/achondroplasia.biomarin.com\/pt-pt\/wp-content\/uploads\/sites\/20\/2025\/05\/untitled-f000101-1024x576.jpg);\"><\/div>\n                                                                                <\/div>\n                        <div class=\"resource-information\">\n                                                                                                                    <h2>Anima\u00e7\u00e3o sobre crescimento \u00f3sseo\n<\/h2>\n                                                                                        <p>Saiba como crescem os ossos e como os sinais no corpo abrandam este processo nas pessoas com acondroplasia. <\/p>\n                                                    <\/div>\n\n                                                                                                                                                                                                                                        <p><a class=\"button modal-video permitted\" href=\"https:\/\/player.vimeo.com\/video\/764521046\" target=\"_self\">Ver<\/a><\/p>\n                                                                    <\/article>\n                                                        \n                    \n                    \n                                                                                                                                                                                                                                                \n                                                                                        \n                                        <article class=\"resource resource-article\">\n                                                    <p class=\"resource-type\">v\u00eddeo<\/p>\n                                                <div class=\"resource-image\">\n                                                            <div class=\"resource-feature-image\" style=\"background-image: url(https:\/\/achondroplasia.biomarin.com\/pt-pt\/wp-content\/uploads\/sites\/20\/2025\/05\/untitled-f000087-1024x576.jpg);\"><\/div>\n                                                                                <\/div>\n                        <div class=\"resource-information\">\n                                                                                                                    <h2>Free To Be Me\n<\/h2>\n                                                                                        <p>O document\u00e1rio Free To Be Me tem a participa\u00e7\u00e3o de um conjunto de pessoas de toda a Europa e coloca a quest\u00e3o: \u201co que \u00e9 que te define?\u201d<br \/>\nVeja o Riccardo, a Anna, a Sandy e a Claudia a falarem sobre as suas experi\u00eancias e como os seus percursos de vida pessoal e escolhas individuais moldaram as suas identidades, ao viverem com uma afe\u00e7\u00e3o rara ou incapacidade.<br \/>\n#FreeToBeMe<\/p>\n                                                    <\/div>\n\n                                                                                                                                                                                                                                        <p><a class=\"button modal-video permitted\" href=\"https:\/\/player.vimeo.com\/video\/779161839\" target=\"_self\">Ver<\/a><\/p>\n                                                                    <\/article>\n                            \t\t<\/div>\n\t<\/div>\n<\/div>\n\n<div id=\"Achondroplasia-Articles-Facts\" class=\"block featured-resources-listing\">\n\t<div class=\"wrapper\">\n\t\t<div class=\"inner-wrapper\">\n                            <div class=\"listing-title\">\n                                            <h2>Fichas t\u00e9cnicas\n<\/h2>\n                                                        <\/div>\n\t\t\t\t\t\t                                                                    \n                    \n                    \n                                                                                                                                                                                                                                                \n                                                                                        \n                                        <article class=\"resource resource-article\">\n                                                    <p class=\"resource-type\">Transferir<\/p>\n                                                <div class=\"resource-image\">\n                                                            <div class=\"resource-feature-image\" style=\"background-image: url(https:\/\/achondroplasia.biomarin.com\/pt-pt\/wp-content\/uploads\/sites\/20\/2024\/12\/img-hero-1-2-1.svg);\"><\/div>\n                                                                                <\/div>\n                        <div class=\"resource-information\">\n                                                                                                                    <h2>Perguntas frequentes InTheKnow\n<\/h2>\n                                                                                        <p>Consulte o recurso FAQ InTheKnow para quaisquer quest\u00f5es relacionadas com a vida com a acondroplasia, o diagn\u00f3stico e o tratamento.<\/p>\n                                                    <\/div>\n\n                                                                                                                                                                                                        <p><a class=\"button\" href=\"https:\/\/achondroplasia.biomarin.com\/pt-pt\/wp-content\/uploads\/sites\/20\/2025\/05\/Perguntas-frequentes-In-TheKnow.pdf?v=0.110\" target=\"_blank\">Transferir<\/a><\/p>\n                                                                    <\/article>\n                                                        \n                    \n                    \n                                                                                                                                                                                                                                                \n                                                                                        \n                                        <article class=\"resource resource-article\">\n                                                    <p class=\"resource-type\">gloss\u00e1rio<\/p>\n                                                <div class=\"resource-image\">\n                                                            <div class=\"resource-feature-image\" style=\"background-image: url(https:\/\/achondroplasia.biomarin.com\/pt-pt\/wp-content\/uploads\/sites\/20\/2024\/12\/PEP-Jackson-BrushingTeeth.svg);\"><\/div>\n                                                                                <\/div>\n                        <div class=\"resource-information\">\n                                                                                                                    <h2>Gloss\u00e1rio InTheKnow\n<\/h2>\n                                                                                        <p>Leia o Gloss\u00e1rio InTheKnow para descobrir termos-chave ou palavras relacionadas com acondroplasia.<\/p>\n                                                    <\/div>\n\n                                                                                                                                                                                                        <p><a class=\"button\" href=\"https:\/\/achondroplasia.biomarin.com\/pt-pt\/wp-content\/uploads\/sites\/20\/2025\/05\/Glossario-In-TheKnow.pdf?v=0.110\" target=\"_blank\">Transferir<\/a><\/p>\n                                                                    <\/article>\n                                                        \n                    \n                    \n                                                                                                                                                                                                                                                \n                                                                                        \n                                        <article class=\"resource resource-article\">\n                                                    <p class=\"resource-type\">Transferir<\/p>\n                                                <div class=\"resource-image\">\n                                                            <div class=\"resource-feature-image\" style=\"background-image: url(https:\/\/achondroplasia.biomarin.com\/pt-pt\/wp-content\/uploads\/sites\/20\/2024\/12\/img-hero-1-2-1.svg);\"><\/div>\n                                                                                <\/div>\n                        <div class=\"resource-information\">\n                                                                                                                    <h2>Crescimento \u00f3sseo e acondroplasia\n<\/h2>\n                                                                                        <p>Conhe\u00e7a as causas, caracter\u00edsticas e efeitos da acondroplasia com esta ficha de informa\u00e7\u00e3o \u00fatil.<\/p>\n                                                    <\/div>\n\n                                                                                                                                                                                                        <p><a class=\"button\" href=\"https:\/\/achondroplasia.biomarin.com\/pt-pt\/wp-content\/uploads\/sites\/20\/2025\/05\/ACH_In-the-Know-Portugal-Bone-Growth-Factsheet.pdf?v=0.110\" target=\"_blank\">Transferir<\/a><\/p>\n                                                                    <\/article>\n                            \t\t<\/div>\n\t<\/div>\n<\/div>\n\n<div id=\"acf-block-675c7a1f4858e\" class=\"block featured-resources-listing\">\n\t<div class=\"wrapper\">\n\t\t<div class=\"inner-wrapper\">\n            \t\t\t                                                                    \n                                                        \t\t<\/div>\n\t<\/div>\n<\/div>","protected":false},"excerpt":{"rendered":"","protected":false},"author":3,"featured_media":0,"parent":0,"menu_order":0,"comment_status":"closed","ping_status":"closed","template":"","meta":{"_acf_changed":false,"inline_featured_image":false,"footnotes":""},"class_list":["post-32","page","type-page","status-publish","hentry"],"acf":[],"yoast_head":"<!-- This site is optimized with the Yoast SEO plugin v27.1.1 - https:\/\/yoast.com\/product\/yoast-seo-wordpress\/ -->\n<title>Achondroplasia Awareness Resources | Videos &amp; Articles<\/title>\n<meta name=\"description\" content=\"Get expert knowledge directly from doctors, specialists, advocates, and caregivers through BioMarin&#039;s educational resource library concerning Achondroplasia.\" \/>\n<meta name=\"robots\" content=\"index, follow, max-snippet:-1, max-image-preview:large, max-video-preview:-1\" \/>\n<link rel=\"canonical\" href=\"https:\/\/achondroplasia.biomarin.com\/pt-pt\/resources\/\" \/>\n<meta property=\"og:locale\" content=\"pt_PT\" \/>\n<meta property=\"og:type\" content=\"article\" \/>\n<meta property=\"og:title\" content=\"Achondroplasia Awareness Resources | Videos &amp; Articles\" \/>\n<meta property=\"og:description\" content=\"Get expert knowledge directly from doctors, specialists, advocates, and caregivers through BioMarin&#039;s educational resource library concerning Achondroplasia.\" \/>\n<meta property=\"og:url\" content=\"https:\/\/achondroplasia.biomarin.com\/pt-pt\/resources\/\" \/>\n<meta property=\"og:site_name\" content=\"BioMarin ACH DSE Patient PT-PT\" \/>\n<meta property=\"article:modified_time\" content=\"2025-05-11T23:10:09+00:00\" \/>\n<meta name=\"twitter:card\" content=\"summary_large_image\" \/>\n<script type=\"application\/ld+json\" class=\"yoast-schema-graph\">{\"@context\":\"https:\/\/schema.org\",\"@graph\":[{\"@type\":\"WebPage\",\"@id\":\"https:\/\/achondroplasia.biomarin.com\/pt-pt\/resources\/\",\"url\":\"https:\/\/achondroplasia.biomarin.com\/pt-pt\/resources\/\",\"name\":\"Achondroplasia Awareness Resources | Videos & Articles\",\"isPartOf\":{\"@id\":\"https:\/\/achondroplasia.biomarin.com\/pt-pt\/#website\"},\"datePublished\":\"2023-07-07T09:07:21+00:00\",\"dateModified\":\"2025-05-11T23:10:09+00:00\",\"description\":\"Get expert knowledge directly from doctors, specialists, advocates, and caregivers through BioMarin's educational resource library concerning Achondroplasia.\",\"breadcrumb\":{\"@id\":\"https:\/\/achondroplasia.biomarin.com\/pt-pt\/resources\/#breadcrumb\"},\"inLanguage\":\"pt-PT\",\"potentialAction\":[{\"@type\":\"ReadAction\",\"target\":[\"https:\/\/achondroplasia.biomarin.com\/pt-pt\/resources\/\"]}]},{\"@type\":\"BreadcrumbList\",\"@id\":\"https:\/\/achondroplasia.biomarin.com\/pt-pt\/resources\/#breadcrumb\",\"itemListElement\":[{\"@type\":\"ListItem\",\"position\":1,\"name\":\"Home\",\"item\":\"https:\/\/achondroplasia.biomarin.com\/pt-pt\/\"},{\"@type\":\"ListItem\",\"position\":2,\"name\":\"Resources\"}]},{\"@type\":\"WebSite\",\"@id\":\"https:\/\/achondroplasia.biomarin.com\/pt-pt\/#website\",\"url\":\"https:\/\/achondroplasia.biomarin.com\/pt-pt\/\",\"name\":\"BioMarin ACH DSE Patient PT-PT\",\"description\":\"\",\"potentialAction\":[{\"@type\":\"SearchAction\",\"target\":{\"@type\":\"EntryPoint\",\"urlTemplate\":\"https:\/\/achondroplasia.biomarin.com\/pt-pt\/?s={search_term_string}\"},\"query-input\":{\"@type\":\"PropertyValueSpecification\",\"valueRequired\":true,\"valueName\":\"search_term_string\"}}],\"inLanguage\":\"pt-PT\"}]}<\/script>\n<!-- \/ Yoast SEO plugin. -->","yoast_head_json":{"title":"Achondroplasia Awareness Resources | Videos & Articles","description":"Get expert knowledge directly from doctors, specialists, advocates, and caregivers through BioMarin's educational resource library concerning Achondroplasia.","robots":{"index":"index","follow":"follow","max-snippet":"max-snippet:-1","max-image-preview":"max-image-preview:large","max-video-preview":"max-video-preview:-1"},"canonical":"https:\/\/achondroplasia.biomarin.com\/pt-pt\/resources\/","og_locale":"pt_PT","og_type":"article","og_title":"Achondroplasia Awareness Resources | Videos & Articles","og_description":"Get expert knowledge directly from doctors, specialists, advocates, and caregivers through BioMarin's educational resource library concerning Achondroplasia.","og_url":"https:\/\/achondroplasia.biomarin.com\/pt-pt\/resources\/","og_site_name":"BioMarin ACH DSE Patient PT-PT","article_modified_time":"2025-05-11T23:10:09+00:00","twitter_card":"summary_large_image","schema":{"@context":"https:\/\/schema.org","@graph":[{"@type":"WebPage","@id":"https:\/\/achondroplasia.biomarin.com\/pt-pt\/resources\/","url":"https:\/\/achondroplasia.biomarin.com\/pt-pt\/resources\/","name":"Achondroplasia Awareness Resources | Videos & Articles","isPartOf":{"@id":"https:\/\/achondroplasia.biomarin.com\/pt-pt\/#website"},"datePublished":"2023-07-07T09:07:21+00:00","dateModified":"2025-05-11T23:10:09+00:00","description":"Get expert knowledge directly from doctors, specialists, advocates, and caregivers through BioMarin's educational resource library concerning Achondroplasia.","breadcrumb":{"@id":"https:\/\/achondroplasia.biomarin.com\/pt-pt\/resources\/#breadcrumb"},"inLanguage":"pt-PT","potentialAction":[{"@type":"ReadAction","target":["https:\/\/achondroplasia.biomarin.com\/pt-pt\/resources\/"]}]},{"@type":"BreadcrumbList","@id":"https:\/\/achondroplasia.biomarin.com\/pt-pt\/resources\/#breadcrumb","itemListElement":[{"@type":"ListItem","position":1,"name":"Home","item":"https:\/\/achondroplasia.biomarin.com\/pt-pt\/"},{"@type":"ListItem","position":2,"name":"Resources"}]},{"@type":"WebSite","@id":"https:\/\/achondroplasia.biomarin.com\/pt-pt\/#website","url":"https:\/\/achondroplasia.biomarin.com\/pt-pt\/","name":"BioMarin ACH DSE Patient PT-PT","description":"","potentialAction":[{"@type":"SearchAction","target":{"@type":"EntryPoint","urlTemplate":"https:\/\/achondroplasia.biomarin.com\/pt-pt\/?s={search_term_string}"},"query-input":{"@type":"PropertyValueSpecification","valueRequired":true,"valueName":"search_term_string"}}],"inLanguage":"pt-PT"}]}},"_links":{"self":[{"href":"https:\/\/achondroplasia.biomarin.com\/pt-pt\/wp-json\/wp\/v2\/pages\/32","targetHints":{"allow":["GET"]}}],"collection":[{"href":"https:\/\/achondroplasia.biomarin.com\/pt-pt\/wp-json\/wp\/v2\/pages"}],"about":[{"href":"https:\/\/achondroplasia.biomarin.com\/pt-pt\/wp-json\/wp\/v2\/types\/page"}],"author":[{"embeddable":true,"href":"https:\/\/achondroplasia.biomarin.com\/pt-pt\/wp-json\/wp\/v2\/users\/3"}],"replies":[{"embeddable":true,"href":"https:\/\/achondroplasia.biomarin.com\/pt-pt\/wp-json\/wp\/v2\/comments?post=32"}],"version-history":[{"count":155,"href":"https:\/\/achondroplasia.biomarin.com\/pt-pt\/wp-json\/wp\/v2\/pages\/32\/revisions"}],"predecessor-version":[{"id":2303,"href":"https:\/\/achondroplasia.biomarin.com\/pt-pt\/wp-json\/wp\/v2\/pages\/32\/revisions\/2303"}],"wp:attachment":[{"href":"https:\/\/achondroplasia.biomarin.com\/pt-pt\/wp-json\/wp\/v2\/media?parent=32"}],"curies":[{"name":"wp","href":"https:\/\/api.w.org\/{rel}","templated":true}]}}