{"id":11,"date":"2023-07-05T17:19:08","date_gmt":"2023-07-05T17:19:08","guid":{"rendered":"https:\/\/achdsepatient-dev-001.azurewebsites.net\/en-us\/?page_id=11"},"modified":"2025-06-12T13:33:49","modified_gmt":"2025-06-12T13:33:49","slug":"home","status":"publish","type":"page","link":"https:\/\/achondroplasia.biomarin.com\/pt-pt\/","title":{"rendered":"Home"},"content":{"rendered":"<div id=\"acf-block-64a5a60c6bad1\" class=\"hero hero-no-overlay\">\n            <div class=\"hero-background-image hero-background-image-desktop\" style=\"background-image: url(https:\/\/achondroplasia.biomarin.com\/pt-pt\/wp-content\/uploads\/sites\/20\/2023\/07\/care_hero.jpg?v=0.110);\"><\/div>\n\t    <div class=\"hero-background-image hero-background-image-mobile\" style=\"background-image: url(https:\/\/achondroplasia.biomarin.com\/pt-pt\/wp-content\/uploads\/sites\/20\/2023\/09\/care_mobile_hero@2x.png?v=0.110);\"><\/div>\n    \t<div class=\"overlay\"><\/div>\n\t<div class=\"wrapper\">\n\t\t<div class=\"inner-wrapper\">\n\t\t\t<div class=\"hero-content\">\n\t\t\t    \t\t\t\t\t\t\t\t\t\t\t\t    <h1>Os cuidados come\u00e7am com o <span style=\"color: #000000\">CONHECIMENTO<\/span>\n<\/h1>\n\t\t\t\t\t\t\t\t\t\t\t\t    <p><span style=\"color: #0c455a\">Saiba mais sobre a acondroplasia, o respetivo tratamento e os recursos que tem \u00e0 sua disposi\u00e7\u00e3o.<\/span><\/p>\n\t\t\t\t\t\t\t\t\n                <p class=\"inline-buttons\">\n                    \t\t\t\t        <a class=\"button\" href=\"https:\/\/achondroplasia.biomarin.com\/pt-pt\/#RESOURCES\" target=\"_self\">Des\u00e7a o cursor para ver os recursos<\/a>\t\t\t\t                                        <\/p>\n\t\t\t\t\t\t\t<\/div>\n\t\t<\/div>\n\t<\/div>\n<\/div>\n\n\n<div id=\"acf-block-64a7da67aa120\" class=\"block cards cards-3-col bg-band bg-band-tertiary block-zero-top block-zero-bottom block-remove-bottom-padding\">\n\t<div class=\"wrapper\">\n\t\t<div class=\"inner-wrapper\">\n\t\t\t<div class=\"cards-title\">\n\t\t\t    \t\t\t\t\t\t\t<\/div>\n\t\t\t<div class=\"cards-wrapper\">\n\t\t\t    \n<div id=\"acf-block-64a7da67aa88a\" class=\"card card-fixed-button\" data-muted-autoplay=\"false\">\n    \t    \n\n                    <img decoding=\"async\" class=\"card-image\" src=\"https:\/\/achondroplasia.biomarin.com\/pt-pt\/wp-content\/uploads\/sites\/20\/2023\/07\/Facts_promo-v0.3.png?v=0.110\" alt=\"\" \/>        \n\t    <div class=\"card-content\">\n                            <h4>Conhe\u00e7a os factos\n<\/h4>\n        \n                                                                                                            <p>Saiba mais sobre o impacto no crescimento \u00f3sseo em todo o corpo.<\/p>\n                                                                                                                                                                                                                                                                        \n                                                                                        <\/div>\n                                <div class=\"card-actions\">\n                            \n                            <p><a class=\"button button-text button-arrow\" href=\"https:\/\/achondroplasia.biomarin.com\/pt-pt\/what-is-achondroplasia\/\" target=\"_self\">Mais<\/a><\/p>\n                                                                                    <\/div>\n<\/div>\n\n<div id=\"acf-block-64a7da67aa921\" class=\"card card-fixed-button\" data-muted-autoplay=\"false\">\n    \t    \n\n                    <img decoding=\"async\" class=\"card-image\" src=\"https:\/\/achondroplasia.biomarin.com\/pt-pt\/wp-content\/uploads\/sites\/20\/2023\/07\/Expect_promo-v0.3.png?v=0.110\" alt=\"\" \/>        \n\t    <div class=\"card-content\">\n                            <h4>Saiba o que esperar\n<\/h4>\n        \n                                                                                                            <p>Veja os efeitos na sa\u00fade funcional, emocional e f\u00edsica de uma pessoa ao longo da sua vida.<\/p>\n                                                                                                                                                                                                                                                                        \n                                                                                        <\/div>\n                                <div class=\"card-actions\">\n                            \n                            <p><a class=\"button button-text button-arrow\" href=\"https:\/\/achondroplasia.biomarin.com\/pt-pt\/living-with-achondroplasia\/\" target=\"_self\">Mais<\/a><\/p>\n                                                                                    <\/div>\n<\/div>\n\n<div id=\"acf-block-64a7da67aa9b8\" class=\"card card-fixed-button\" data-muted-autoplay=\"false\">\n    \t    \n\n                    <img decoding=\"async\" class=\"card-image\" src=\"https:\/\/achondroplasia.biomarin.com\/pt-pt\/wp-content\/uploads\/sites\/20\/2023\/07\/Action_promo-v0.3.png?v=0.110\" alt=\"\" \/>        \n\t    <div class=\"card-content\">\n                            <h4>Obtenha ajuda\n<\/h4>\n        \n                                                                                                            <p>Obtenha os cuidados especializados necess\u00e1rios para o ajudar a gerir pr\u00f3-ativamente eventuais complica\u00e7\u00f5es.<\/p>\n                                                                                                                                                                                                                                                                        \n                                                                                        <\/div>\n                                <div class=\"card-actions\">\n                            \n                            <p><a class=\"button button-text button-arrow\" href=\"https:\/\/achondroplasia.biomarin.com\/pt-pt\/care\/\" target=\"_self\">Mais<\/a><\/p>\n                                                                                    <\/div>\n<\/div>\n\t\t\t<\/div>\n\t\t<\/div>\n\t<\/div>\n<\/div>\n\n<div id=\"acf-block-64e7cd80cf130\" class=\"block wrapped-content bg-band bg-band-tertiary block-zero-top block-zero-bottom block-remove-top-padding block-remove-bottom-padding\">\n    <div class=\"wrapper\">\n        <div class=\"inner-wrapper\">\n                \n<div id=\"acf-block-64e7cd80cf510\" class=\"block quote bg-tertiary quote-image\">\n    <div class=\"wrapper\">\n\t\t<div class=\"inner-wrapper\">\n\t\t\t<div class=\"box\">\n\t\t\t\t<div class=\"quote-content\">\n\t\t\t\t    \t\t\t\t\t    <div class=\"quote-image\" style=\"background-image: url(https:\/\/achondroplasia.biomarin.com\/pt-pt\/wp-content\/uploads\/sites\/20\/2023\/09\/testimonial@2x_B_New.png?v=0.110);\"><\/div>\n\t\t\t\t\t\t\t\t\t\t<div class=\"content-block\">\n\t\t\t\t\t\t<blockquote>\n\t\t\t\t\t\t    \t\t\t\t\t\t\t    <p>\u00c9 importante que nos deem as informa\u00e7\u00f5es certas para que possamos tomar as decis\u00f5es certas para o nosso filho<\/p>\n\t\t\t\t\t\t\t\t\t\t\t\t\t\t\t\t\t\t\t\t\t    <cite>\u2013 Cuidador de uma crian\u00e7a com acondroplasia <\/cite>\n\t\t\t\t\t\t\t\t\t\t\t\t\t<\/blockquote>\n\t\t\t\t\t<\/div>\n\t\t\t\t<\/div>\n\t\t\t<\/div>\n\t\t<\/div>\n\t<\/div>\n<\/div>\n        <\/div>\n    <\/div>\n<\/div>\n\n<div id=\"RESOURCES\" class=\"block featured-resources-listing\">\n\t<div class=\"wrapper\">\n\t\t<div class=\"inner-wrapper\">\n                            <div class=\"listing-title\">\n                                            <h2>Recursos mais recentes\n<\/h2>\n                                                        <\/div>\n\t\t\t\t\t\t                                                                    \n                    \n                    \n                                                                                                                                                                                                                                                \n                                                                                        \n                                        <article class=\"resource resource-article\">\n                                                    <p class=\"resource-type\">v\u00eddeo<\/p>\n                                                <div class=\"resource-image\">\n                                                            <div class=\"resource-feature-image\" style=\"background-image: url(https:\/\/achondroplasia.biomarin.com\/pt-pt\/wp-content\/uploads\/sites\/20\/2025\/05\/untitled-f000101-1024x576.jpg);\"><\/div>\n                                                                                <\/div>\n                        <div class=\"resource-information\">\n                                                                                                                    <h2>Anima\u00e7\u00e3o sobre crescimento \u00f3sseo\n<\/h2>\n                                                                                        <p>Saiba como crescem os ossos e como os sinais no corpo abrandam este processo nas pessoas com acondroplasia. <\/p>\n                                                    <\/div>\n\n                                                                                                                                                                                                                                        <p><a class=\"button modal-video permitted\" href=\"https:\/\/player.vimeo.com\/video\/764521046\" target=\"_self\">Ver<\/a><\/p>\n                                                                    <\/article>\n                                                        \n                    \n                    \n                                                                                                                                                                                                                                                \n                                                                                        \n                                        <article class=\"resource resource-article\">\n                                                    <p class=\"resource-type\">Transferir<\/p>\n                                                <div class=\"resource-image\">\n                                                            <div class=\"resource-feature-image\" style=\"background-image: url(https:\/\/achondroplasia.biomarin.com\/pt-pt\/wp-content\/uploads\/sites\/20\/2024\/12\/img-hero-1-2-1.svg);\"><\/div>\n                                                                                <\/div>\n                        <div class=\"resource-information\">\n                                                                                                                    <h2>Crescimento \u00f3sseo e acondroplasia\n<\/h2>\n                                                                                        <p>Conhe\u00e7a as causas, caracter\u00edsticas e efeitos da acondroplasia com esta ficha de informa\u00e7\u00e3o \u00fatil.<\/p>\n                                                    <\/div>\n\n                                                                                                                                                                                                        <p><a class=\"button\" href=\"https:\/\/achondroplasia.biomarin.com\/pt-pt\/wp-content\/uploads\/sites\/20\/2025\/05\/ACH_In-the-Know-Portugal-Bone-Growth-Factsheet.pdf?v=0.110\" target=\"_blank\">Transferir<\/a><\/p>\n                                                                    <\/article>\n                                                        \n                    \n                    \n                                                                                                                                                                                                                                                \n                                                                                        \n                                        <article class=\"resource resource-article\">\n                                                    <p class=\"resource-type\">v\u00eddeo<\/p>\n                                                <div class=\"resource-image\">\n                                                            <div class=\"resource-feature-image\" style=\"background-image: url(https:\/\/achondroplasia.biomarin.com\/pt-pt\/wp-content\/uploads\/sites\/20\/2025\/05\/untitled-f000087-1024x576.jpg);\"><\/div>\n                                                                                <\/div>\n                        <div class=\"resource-information\">\n                                                                                                                    <h2>Free To Be Me\n<\/h2>\n                                                                                        <p>O document\u00e1rio Free To Be Me tem a participa\u00e7\u00e3o de um conjunto de pessoas de toda a Europa e coloca a quest\u00e3o: \u201co que \u00e9 que te define?\u201d<br \/>\nVeja o Riccardo, a Anna, a Sandy e a Claudia a falarem sobre as suas experi\u00eancias e como os seus percursos de vida pessoal e escolhas individuais moldaram as suas identidades, ao viverem com uma afe\u00e7\u00e3o rara ou incapacidade.<br \/>\n#FreeToBeMe<\/p>\n                                                    <\/div>\n\n                                                                                                                                                                                                                                        <p><a class=\"button modal-video permitted\" href=\"https:\/\/player.vimeo.com\/video\/779161839\" target=\"_self\">Ver<\/a><\/p>\n                                                                    <\/article>\n                            \t\t<\/div>\n\t<\/div>\n<\/div>\n\n<div id=\"acf-block-675c48aedb8b7\" class=\"block call-to-action call-to-action-no-bg\">\n    <div class=\"wrapper\">\n\t\t<div class=\"inner-wrapper\">\n\t\t\t<div class=\"box\" style=\"\">\n\t\t\t\t<div class=\"overlay\"><\/div>\n\t\t\t\t<div class=\"cta-content\">\n\t\t\t\t    \t\t\t\t\t<div class=\"cta-content-main\">\n                        <div class=\"content-block\">\n\t\t\t\t\t        \t\t\t\t\t        \t\t\t\t\t\t    \t\t\t\t\t    <\/div>\n\t\t\t\t\t                                <div class=\"content-block\">\n                                <p><a class=\"button button-ghost\" href=\"https:\/\/achondroplasia.biomarin.com\/pt-pt\/resources\/\" target=\"_self\">VER TODOS OS RECURSOS<\/a><\/p>\n                            <\/div>\n\t\t\t\t\t                        <\/div>\n\t\t\t\t<\/div>\n\t\t\t<\/div>\n\t\t<\/div>\n\t<\/div>\n<\/div>","protected":false},"excerpt":{"rendered":"","protected":false},"author":3,"featured_media":0,"parent":0,"menu_order":0,"comment_status":"closed","ping_status":"closed","template":"","meta":{"_acf_changed":false,"inline_featured_image":false,"footnotes":""},"class_list":["post-11","page","type-page","status-publish","hentry"],"acf":[],"yoast_head":"<!-- This site is optimized with the Yoast SEO plugin v27.1.1 - https:\/\/yoast.com\/product\/yoast-seo-wordpress\/ -->\n<title>Achondroplasia, a Type of Dwarfism | Facts and Resources<\/title>\n<meta name=\"description\" content=\"Learn more about Achondroplasia, its management, and the resources available to you. Get the facts, know what to expect and take action.\" \/>\n<meta name=\"robots\" content=\"index, follow, max-snippet:-1, max-image-preview:large, max-video-preview:-1\" \/>\n<link rel=\"canonical\" href=\"https:\/\/achondroplasia.biomarin.com\/pt-pt\/\" \/>\n<meta property=\"og:locale\" content=\"pt_PT\" \/>\n<meta property=\"og:type\" content=\"article\" \/>\n<meta property=\"og:title\" content=\"Achondroplasia, a Type of Dwarfism | Facts and Resources\" \/>\n<meta property=\"og:description\" content=\"Learn more about Achondroplasia, its management, and the resources available to you. Get the facts, know what to expect and take action.\" \/>\n<meta property=\"og:url\" content=\"https:\/\/achondroplasia.biomarin.com\/pt-pt\/\" \/>\n<meta property=\"og:site_name\" content=\"BioMarin ACH DSE Patient PT-PT\" \/>\n<meta property=\"article:modified_time\" content=\"2025-06-12T13:33:49+00:00\" \/>\n<meta name=\"twitter:card\" content=\"summary_large_image\" \/>\n<script type=\"application\/ld+json\" class=\"yoast-schema-graph\">{\"@context\":\"https:\/\/schema.org\",\"@graph\":[{\"@type\":\"WebPage\",\"@id\":\"https:\/\/achondroplasia.biomarin.com\/pt-pt\/\",\"url\":\"https:\/\/achondroplasia.biomarin.com\/pt-pt\/\",\"name\":\"Achondroplasia, a Type of Dwarfism | Facts and Resources\",\"isPartOf\":{\"@id\":\"https:\/\/achondroplasia.biomarin.com\/pt-pt\/#website\"},\"datePublished\":\"2023-07-05T17:19:08+00:00\",\"dateModified\":\"2025-06-12T13:33:49+00:00\",\"description\":\"Learn more about Achondroplasia, its management, and the resources available to you. Get the facts, know what to expect and take action.\",\"breadcrumb\":{\"@id\":\"https:\/\/achondroplasia.biomarin.com\/pt-pt\/#breadcrumb\"},\"inLanguage\":\"pt-PT\",\"potentialAction\":[{\"@type\":\"ReadAction\",\"target\":[\"https:\/\/achondroplasia.biomarin.com\/pt-pt\/\"]}]},{\"@type\":\"BreadcrumbList\",\"@id\":\"https:\/\/achondroplasia.biomarin.com\/pt-pt\/#breadcrumb\",\"itemListElement\":[{\"@type\":\"ListItem\",\"position\":1,\"name\":\"Home\",\"item\":\"https:\/\/achondroplasia.biomarin.com\/pt-pt\/\"},{\"@type\":\"ListItem\",\"position\":2,\"name\":\"Home\"}]},{\"@type\":\"WebSite\",\"@id\":\"https:\/\/achondroplasia.biomarin.com\/pt-pt\/#website\",\"url\":\"https:\/\/achondroplasia.biomarin.com\/pt-pt\/\",\"name\":\"BioMarin ACH DSE Patient PT-PT\",\"description\":\"\",\"potentialAction\":[{\"@type\":\"SearchAction\",\"target\":{\"@type\":\"EntryPoint\",\"urlTemplate\":\"https:\/\/achondroplasia.biomarin.com\/pt-pt\/?s={search_term_string}\"},\"query-input\":{\"@type\":\"PropertyValueSpecification\",\"valueRequired\":true,\"valueName\":\"search_term_string\"}}],\"inLanguage\":\"pt-PT\"}]}<\/script>\n<!-- \/ Yoast SEO plugin. -->","yoast_head_json":{"title":"Achondroplasia, a Type of Dwarfism | Facts and Resources","description":"Learn more about Achondroplasia, its management, and the resources available to you. Get the facts, know what to expect and take action.","robots":{"index":"index","follow":"follow","max-snippet":"max-snippet:-1","max-image-preview":"max-image-preview:large","max-video-preview":"max-video-preview:-1"},"canonical":"https:\/\/achondroplasia.biomarin.com\/pt-pt\/","og_locale":"pt_PT","og_type":"article","og_title":"Achondroplasia, a Type of Dwarfism | Facts and Resources","og_description":"Learn more about Achondroplasia, its management, and the resources available to you. Get the facts, know what to expect and take action.","og_url":"https:\/\/achondroplasia.biomarin.com\/pt-pt\/","og_site_name":"BioMarin ACH DSE Patient PT-PT","article_modified_time":"2025-06-12T13:33:49+00:00","twitter_card":"summary_large_image","schema":{"@context":"https:\/\/schema.org","@graph":[{"@type":"WebPage","@id":"https:\/\/achondroplasia.biomarin.com\/pt-pt\/","url":"https:\/\/achondroplasia.biomarin.com\/pt-pt\/","name":"Achondroplasia, a Type of Dwarfism | Facts and Resources","isPartOf":{"@id":"https:\/\/achondroplasia.biomarin.com\/pt-pt\/#website"},"datePublished":"2023-07-05T17:19:08+00:00","dateModified":"2025-06-12T13:33:49+00:00","description":"Learn more about Achondroplasia, its management, and the resources available to you. Get the facts, know what to expect and take action.","breadcrumb":{"@id":"https:\/\/achondroplasia.biomarin.com\/pt-pt\/#breadcrumb"},"inLanguage":"pt-PT","potentialAction":[{"@type":"ReadAction","target":["https:\/\/achondroplasia.biomarin.com\/pt-pt\/"]}]},{"@type":"BreadcrumbList","@id":"https:\/\/achondroplasia.biomarin.com\/pt-pt\/#breadcrumb","itemListElement":[{"@type":"ListItem","position":1,"name":"Home","item":"https:\/\/achondroplasia.biomarin.com\/pt-pt\/"},{"@type":"ListItem","position":2,"name":"Home"}]},{"@type":"WebSite","@id":"https:\/\/achondroplasia.biomarin.com\/pt-pt\/#website","url":"https:\/\/achondroplasia.biomarin.com\/pt-pt\/","name":"BioMarin ACH DSE Patient PT-PT","description":"","potentialAction":[{"@type":"SearchAction","target":{"@type":"EntryPoint","urlTemplate":"https:\/\/achondroplasia.biomarin.com\/pt-pt\/?s={search_term_string}"},"query-input":{"@type":"PropertyValueSpecification","valueRequired":true,"valueName":"search_term_string"}}],"inLanguage":"pt-PT"}]}},"_links":{"self":[{"href":"https:\/\/achondroplasia.biomarin.com\/pt-pt\/wp-json\/wp\/v2\/pages\/11","targetHints":{"allow":["GET"]}}],"collection":[{"href":"https:\/\/achondroplasia.biomarin.com\/pt-pt\/wp-json\/wp\/v2\/pages"}],"about":[{"href":"https:\/\/achondroplasia.biomarin.com\/pt-pt\/wp-json\/wp\/v2\/types\/page"}],"author":[{"embeddable":true,"href":"https:\/\/achondroplasia.biomarin.com\/pt-pt\/wp-json\/wp\/v2\/users\/3"}],"replies":[{"embeddable":true,"href":"https:\/\/achondroplasia.biomarin.com\/pt-pt\/wp-json\/wp\/v2\/comments?post=11"}],"version-history":[{"count":236,"href":"https:\/\/achondroplasia.biomarin.com\/pt-pt\/wp-json\/wp\/v2\/pages\/11\/revisions"}],"predecessor-version":[{"id":2319,"href":"https:\/\/achondroplasia.biomarin.com\/pt-pt\/wp-json\/wp\/v2\/pages\/11\/revisions\/2319"}],"wp:attachment":[{"href":"https:\/\/achondroplasia.biomarin.com\/pt-pt\/wp-json\/wp\/v2\/media?parent=11"}],"curies":[{"name":"wp","href":"https:\/\/api.w.org\/{rel}","templated":true}]}}