{"id":596,"date":"2023-07-11T11:35:31","date_gmt":"2023-07-11T11:35:31","guid":{"rendered":"https:\/\/achdsepatient-dev-001.azurewebsites.net\/en-us\/?page_id=596"},"modified":"2024-08-06T13:18:45","modified_gmt":"2024-08-06T13:18:45","slug":"receba-atualizacoes","status":"publish","type":"page","link":"https:\/\/achondroplasia.biomarin.com\/pt-br\/receba-atualizacoes\/","title":{"rendered":"RECEBA ATUALIZA\u00c7\u00d5ES"},"content":{"rendered":"<div id=\"acf-block-66630ea67668c\" class=\"block patient-sign-up-form\">\n    <div class=\"wrapper\">\n        <div class=\"inner-wrapper\">\n            <div class=\"above-form-copy\">\n                                    <h2>Mantenha-se atualizado sobre a acondroplasia\n<\/h2>\n                                                    <p>* Obrigat\u00f3rio<\/p>\n                            <\/div>\n\n            <div class=\"block form-box\">\n                <form id=\"patient-sign-up\" name=\"Sign Up to Stay in the Know!\">\n                    <div class=\"form-columns\">\n                        <div class=\"form-item\">\n                            <label for=\"first-name\">Nome<span class=\"required\">*<\/span><\/label>\n                            <input class=\"text\" id=\"first-name\" type=\"text\" required\n                            data-pristine-required-message=\"Digite seu nome\">\n                        <\/div>\n\n                        <div class=\"form-item\">\n                            <label for=\"last-name\">Sobrenome<span class=\"required\">*<\/span><\/label>\n                            <input class=\"text\" id=\"last-name\" type=\"text\" required\n                            data-pristine-required-message=\"Digite seu sobrenome\">\n                        <\/div>\n                    <\/div>\n\n                    <div class=\"form-item\">\n                        <label for=\"email\">E-mail<span class=\"required\">*<\/span><\/label>\n                        <input class=\"text\" id=\"email\" type=\"email\" required\n                        data-pristine-required-message=\"Digite seu endere\u00e7o de e-mail\">\n                    <\/div>\n\n                    <div class=\"form-columns\">\n                        <div class=\"form-item\">\n                            <label for=\"zip-code\">Estado<span class=\"required\">*<\/span><\/label>\n                            <input class=\"text\" id=\"zip-code\" type=\"text\" required\n                            data-pristine-required-message=\"Digite seu Estado\">\n                        <\/div>\n\n                        <div class=\"form-item\">\n                            <label for=\"city\">Cidade<\/label>\n                            <input class=\"text\" id=\"city\" type=\"text\" required\n                            data-pristine-required-message=\"Por favor digite sua cidade\">\n                        <\/div>\n                    <\/div>\n\n                    <div class=\"form-item\">\n                        <label for=\"contact-type\">O que melhor descreve voc\u00ea?<span class=\"required\">*<\/span><\/label>\n                        <select class=\"text\" id=\"contact-type\" required\n                        data-pristine-required-message=\"Por favor, selecione uma op\u00e7\u00e3o\">\n                            <option value=\"\">Por favor, selecione uma op\u00e7\u00e3o<\/option>\n                            <option value=\"Parent\">Sou pai ou respons\u00e1vel principal de uma crian\u00e7a com acondroplasia<\/option>\n                            <option value=\"Patient\">Sou uma pessoa com acondroplasia<\/option>\n                            <option value=\"HCP\">Sou um profissional de sa\u00fade<\/option>\n                            <option value=\"Advocate\">Sou membro de uma associa\u00e7\u00e3o de pacientes com acondroplasia<\/option>\n                            <option value=\"Other\">Nenhuma das anteriores<\/option>\n                        <\/select>\n                    <\/div>\n\n                    <div class=\"form-item check-item\">\n                        <input type=\"checkbox\" id=\"accept-ts-cs\" name=\"accept_ts_cs\" required\n                        data-pristine-required-message=\"Por favor, concorde com os termos de uso\">\n                        <label for=\"accept-ts-cs\">Ao enviar este formul\u00e1rio, certifico que li e concordo com os <a href=\"https:\/\/www.biomarin.com\/terms-of-use\/en-us\/\" target=\"_blank\">Termos e Condi\u00e7\u00f5es<\/a> <a href=\"https:\/\/www.biomarin.com\/data-privacy-center\/\" target=\"_blank\">e Pol\u00edtica de Privacidade<\/a> e compreendo que as informa\u00e7\u00f5es que estou fornecendo ser\u00e3o usadas de acordo com as minhas respostas.<span class=\"required\">*<\/span><\/label>\n                    <\/div>\n\n                    <div class=\"form-item\">\n                        <input type=\"submit\" class=\"button\" value=\"REGISTRAR-SE\">\n                    <\/div>\n                <\/form>\n                <form id=\"mktoForm_3470\" style=\"display:none;\"><\/form>\n            <\/div>\n\n            <div class=\"block form-success-confirmation\" style=\"display:none;\">\n                                    <h3>OBRIGADO(A)!<\/h3>\n<p>Voc\u00ea receber\u00e1 informa\u00e7\u00f5es em breve!<\/p>\n                                            <\/div>\n        <\/div>\n    <\/div>\n<\/div>","protected":false},"excerpt":{"rendered":"","protected":false},"author":3,"featured_media":0,"parent":0,"menu_order":0,"comment_status":"closed","ping_status":"closed","template":"","meta":{"_acf_changed":false,"inline_featured_image":false,"footnotes":""},"class_list":["post-596","page","type-page","status-publish","hentry"],"acf":[],"yoast_head":"<!-- This site is optimized with the Yoast SEO plugin v27.4 - https:\/\/yoast.com\/product\/yoast-seo-wordpress\/ -->\n<title>RECEBA ATUALIZA\u00c7\u00d5ES - BioMarin ACH DSE Patient PT-BR<\/title>\n<meta name=\"robots\" content=\"index, follow, max-snippet:-1, max-image-preview:large, max-video-preview:-1\" \/>\n<link rel=\"canonical\" href=\"https:\/\/achondroplasia.biomarin.com\/pt-br\/receba-atualizacoes\/\" \/>\n<meta property=\"og:locale\" content=\"pt_BR\" \/>\n<meta property=\"og:type\" content=\"article\" \/>\n<meta property=\"og:title\" content=\"RECEBA ATUALIZA\u00c7\u00d5ES - BioMarin ACH DSE Patient PT-BR\" \/>\n<meta property=\"og:url\" content=\"https:\/\/achondroplasia.biomarin.com\/pt-br\/receba-atualizacoes\/\" \/>\n<meta property=\"og:site_name\" content=\"BioMarin ACH DSE Patient PT-BR\" \/>\n<meta property=\"article:modified_time\" content=\"2024-08-06T13:18:45+00:00\" \/>\n<meta name=\"twitter:card\" content=\"summary_large_image\" \/>\n<script type=\"application\/ld+json\" class=\"yoast-schema-graph\">{\"@context\":\"https:\\\/\\\/schema.org\",\"@graph\":[{\"@type\":\"WebPage\",\"@id\":\"https:\\\/\\\/achondroplasia.biomarin.com\\\/pt-br\\\/receba-atualizacoes\\\/\",\"url\":\"https:\\\/\\\/achondroplasia.biomarin.com\\\/pt-br\\\/receba-atualizacoes\\\/\",\"name\":\"RECEBA ATUALIZA\u00c7\u00d5ES - BioMarin ACH DSE Patient PT-BR\",\"isPartOf\":{\"@id\":\"https:\\\/\\\/achondroplasia.biomarin.com\\\/pt-br\\\/#website\"},\"datePublished\":\"2023-07-11T11:35:31+00:00\",\"dateModified\":\"2024-08-06T13:18:45+00:00\",\"breadcrumb\":{\"@id\":\"https:\\\/\\\/achondroplasia.biomarin.com\\\/pt-br\\\/receba-atualizacoes\\\/#breadcrumb\"},\"inLanguage\":\"pt-BR\",\"potentialAction\":[{\"@type\":\"ReadAction\",\"target\":[\"https:\\\/\\\/achondroplasia.biomarin.com\\\/pt-br\\\/receba-atualizacoes\\\/\"]}]},{\"@type\":\"BreadcrumbList\",\"@id\":\"https:\\\/\\\/achondroplasia.biomarin.com\\\/pt-br\\\/receba-atualizacoes\\\/#breadcrumb\",\"itemListElement\":[{\"@type\":\"ListItem\",\"position\":1,\"name\":\"Home\",\"item\":\"https:\\\/\\\/achondroplasia.biomarin.com\\\/pt-br\\\/\"},{\"@type\":\"ListItem\",\"position\":2,\"name\":\"RECEBA ATUALIZA\u00c7\u00d5ES\"}]},{\"@type\":\"WebSite\",\"@id\":\"https:\\\/\\\/achondroplasia.biomarin.com\\\/pt-br\\\/#website\",\"url\":\"https:\\\/\\\/achondroplasia.biomarin.com\\\/pt-br\\\/\",\"name\":\"BioMarin ACH DSE Patient PT-BR\",\"description\":\"\",\"potentialAction\":[{\"@type\":\"SearchAction\",\"target\":{\"@type\":\"EntryPoint\",\"urlTemplate\":\"https:\\\/\\\/achondroplasia.biomarin.com\\\/pt-br\\\/?s={search_term_string}\"},\"query-input\":{\"@type\":\"PropertyValueSpecification\",\"valueRequired\":true,\"valueName\":\"search_term_string\"}}],\"inLanguage\":\"pt-BR\"}]}<\/script>\n<!-- \/ Yoast SEO plugin. -->","yoast_head_json":{"title":"RECEBA ATUALIZA\u00c7\u00d5ES - BioMarin ACH DSE Patient PT-BR","robots":{"index":"index","follow":"follow","max-snippet":"max-snippet:-1","max-image-preview":"max-image-preview:large","max-video-preview":"max-video-preview:-1"},"canonical":"https:\/\/achondroplasia.biomarin.com\/pt-br\/receba-atualizacoes\/","og_locale":"pt_BR","og_type":"article","og_title":"RECEBA ATUALIZA\u00c7\u00d5ES - BioMarin ACH DSE Patient PT-BR","og_url":"https:\/\/achondroplasia.biomarin.com\/pt-br\/receba-atualizacoes\/","og_site_name":"BioMarin ACH DSE Patient PT-BR","article_modified_time":"2024-08-06T13:18:45+00:00","twitter_card":"summary_large_image","schema":{"@context":"https:\/\/schema.org","@graph":[{"@type":"WebPage","@id":"https:\/\/achondroplasia.biomarin.com\/pt-br\/receba-atualizacoes\/","url":"https:\/\/achondroplasia.biomarin.com\/pt-br\/receba-atualizacoes\/","name":"RECEBA ATUALIZA\u00c7\u00d5ES - BioMarin ACH DSE Patient PT-BR","isPartOf":{"@id":"https:\/\/achondroplasia.biomarin.com\/pt-br\/#website"},"datePublished":"2023-07-11T11:35:31+00:00","dateModified":"2024-08-06T13:18:45+00:00","breadcrumb":{"@id":"https:\/\/achondroplasia.biomarin.com\/pt-br\/receba-atualizacoes\/#breadcrumb"},"inLanguage":"pt-BR","potentialAction":[{"@type":"ReadAction","target":["https:\/\/achondroplasia.biomarin.com\/pt-br\/receba-atualizacoes\/"]}]},{"@type":"BreadcrumbList","@id":"https:\/\/achondroplasia.biomarin.com\/pt-br\/receba-atualizacoes\/#breadcrumb","itemListElement":[{"@type":"ListItem","position":1,"name":"Home","item":"https:\/\/achondroplasia.biomarin.com\/pt-br\/"},{"@type":"ListItem","position":2,"name":"RECEBA ATUALIZA\u00c7\u00d5ES"}]},{"@type":"WebSite","@id":"https:\/\/achondroplasia.biomarin.com\/pt-br\/#website","url":"https:\/\/achondroplasia.biomarin.com\/pt-br\/","name":"BioMarin ACH DSE Patient PT-BR","description":"","potentialAction":[{"@type":"SearchAction","target":{"@type":"EntryPoint","urlTemplate":"https:\/\/achondroplasia.biomarin.com\/pt-br\/?s={search_term_string}"},"query-input":{"@type":"PropertyValueSpecification","valueRequired":true,"valueName":"search_term_string"}}],"inLanguage":"pt-BR"}]}},"_links":{"self":[{"href":"https:\/\/achondroplasia.biomarin.com\/pt-br\/wp-json\/wp\/v2\/pages\/596","targetHints":{"allow":["GET"]}}],"collection":[{"href":"https:\/\/achondroplasia.biomarin.com\/pt-br\/wp-json\/wp\/v2\/pages"}],"about":[{"href":"https:\/\/achondroplasia.biomarin.com\/pt-br\/wp-json\/wp\/v2\/types\/page"}],"author":[{"embeddable":true,"href":"https:\/\/achondroplasia.biomarin.com\/pt-br\/wp-json\/wp\/v2\/users\/3"}],"replies":[{"embeddable":true,"href":"https:\/\/achondroplasia.biomarin.com\/pt-br\/wp-json\/wp\/v2\/comments?post=596"}],"version-history":[{"count":20,"href":"https:\/\/achondroplasia.biomarin.com\/pt-br\/wp-json\/wp\/v2\/pages\/596\/revisions"}],"predecessor-version":[{"id":2493,"href":"https:\/\/achondroplasia.biomarin.com\/pt-br\/wp-json\/wp\/v2\/pages\/596\/revisions\/2493"}],"wp:attachment":[{"href":"https:\/\/achondroplasia.biomarin.com\/pt-br\/wp-json\/wp\/v2\/media?parent=596"}],"curies":[{"name":"wp","href":"https:\/\/api.w.org\/{rel}","templated":true}]}}