{"id":32,"date":"2023-07-07T09:07:21","date_gmt":"2023-07-07T09:07:21","guid":{"rendered":"https:\/\/achdsepatient-dev-001.azurewebsites.net\/en-us\/?page_id=32"},"modified":"2024-08-27T14:57:42","modified_gmt":"2024-08-27T14:57:42","slug":"recursos","status":"publish","type":"page","link":"https:\/\/achondroplasia.biomarin.com\/pt-br\/recursos\/","title":{"rendered":"Recursos"},"content":{"rendered":"<div id=\"acf-block-64ac30769a711\" class=\"block wrapped-content\">\n    <div class=\"wrapper\">\n        <div class=\"inner-wrapper\">\n                \n<div id=\"acf-block-64ac30769a8d1\" class=\"block-wysiwyg\">\n            <h2>Recursos para download e v\u00eddeos<\/h2>\n<p>&nbsp;<\/p>\n<p class=\"p1\"><strong>Saiba mais diretamente de m\u00e9dicos, especialistas, representantes de pacientes e cuidadores.<\/strong><\/p>\n<p>&nbsp;<\/p>\n<p class=\"p1\">Este site e seus recursos n\u00e3o fornecem conselhos m\u00e9dicos. Converse com seu m\u00e9dico sobre quest\u00f5es cl\u00ednicas\/m\u00e9dicas.<\/p>\n    <\/div>\n        <\/div>\n    <\/div>\n<\/div>\n\n<div id=\"resources-downloads\" class=\"block resources-listing\">\n\t<div class=\"wrapper\">\n\t\t<div class=\"inner-wrapper\">\n                            <div class=\"listing-title\">\n                                            <h2>CONTE\u00daDOS PARA IMPRIMIR\n<\/h2>\n                                                        <\/div>\n\t\t\t\t\t\t                                    \n                    \n                                                                                                                                                                                                                                                \n                                                                                        \n                                        <article class=\"resource resource-article\">\n                                                    <p class=\"resource-type\">Material<\/p>\n                                                <div class=\"resource-split-layout\">\n                            <div class=\"resource-image-block\">\n                                <div class=\"resource-image\">\n                                                                            <div class=\"resource-feature-image\" style=\"background-image: url(https:\/\/achondroplasia.biomarin.com\/pt-br\/wp-content\/uploads\/sites\/15\/2023\/09\/DIGITAL_O-QUE-E-ACONDROPLASIA_PT-791x1024.jpg);\"><\/div>\n                                                                    <\/div>\n                                                                                                                                                                                                                                                                <p><a class=\"button\" href=\"https:\/\/achondroplasia.biomarin.com\/pt-br\/wp-content\/uploads\/sites\/15\/2023\/09\/DIGITAL_O-QUE-E-ACONDROPLASIA_PT.pdf?v=0.110\" target=\"_blank\">BAIXAR<\/a><\/p>\n                                                                                            <\/div>\n                            <div class=\"resource-information\">\n                                                                                                                                    <h2>O que \u00e9 acondroplasia?\n<\/h2>\n                                                                                                <div class=\"resource-links\">\n                                                                                                                                                                                                                                                                                            <p><a class=\"button\" href=\"https:\/\/achondroplasia.biomarin.com\/pt-br\/wp-content\/uploads\/sites\/15\/2023\/09\/DIGITAL_O-QUE-E-ACONDROPLASIA_PT.pdf?v=0.110\" target=\"_blank\">BAIXAR<\/a><\/p>\n                                                                    <\/div>\n                                                            <\/div>\n                        <\/div>\n                    <\/article>\n                                    \n                    \n                                                                                                                                                                                                                                                \n                                                                                        \n                                        <article class=\"resource resource-article\">\n                                                    <p class=\"resource-type\">Material<\/p>\n                                                <div class=\"resource-split-layout\">\n                            <div class=\"resource-image-block\">\n                                <div class=\"resource-image\">\n                                                                            <div class=\"resource-feature-image\" style=\"background-image: url(https:\/\/achondroplasia.biomarin.com\/pt-br\/wp-content\/uploads\/sites\/15\/2023\/07\/DIGITAL_PROFISSIONAIS-DE-SAUDE_PT.jpg?v=0.110);\"><\/div>\n                                                                    <\/div>\n                                                                                                                                                                                                                                                                <p><a class=\"button\" href=\"https:\/\/achondroplasia.biomarin.com\/pt-br\/wp-content\/uploads\/sites\/15\/2023\/07\/DIGITAL_PROFISSIONAIS-DE-SAUDE_PT.pdf?v=0.110\" target=\"_blank\">BAIXAR<\/a><\/p>\n                                                                                            <\/div>\n                            <div class=\"resource-information\">\n                                                                                                                                    <h2>Profissionais de sa\u00fade\n<\/h2>\n                                                                                                <div class=\"resource-links\">\n                                                                                                                                                                                                                                                                                            <p><a class=\"button\" href=\"https:\/\/achondroplasia.biomarin.com\/pt-br\/wp-content\/uploads\/sites\/15\/2023\/07\/DIGITAL_PROFISSIONAIS-DE-SAUDE_PT.pdf?v=0.110\" target=\"_blank\">BAIXAR<\/a><\/p>\n                                                                    <\/div>\n                                                            <\/div>\n                        <\/div>\n                    <\/article>\n                            \t\t<\/div>\n\t<\/div>\n<\/div>\n\n<div id=\"community\" class=\"block wrapped-content block-zero-top block-zero-bottom\">\n    <div class=\"wrapper\">\n        <div class=\"inner-wrapper\">\n                \n<div id=\"acf-block-64ac26e51cb02\" class=\"block-wysiwyg\">\n            <h2>COMUNIDADE<\/h2>\n<p>Informa\u00e7\u00f5es e recursos \u00fateis para viver com acondroplasia podem ser encontradas nestas associa\u00e7\u00f5es:<\/p>\n    <\/div>\n        <\/div>\n    <\/div>\n<\/div>\n\n<div id=\"acf-block-66326df450544\" class=\"block accordion block-tight-top\">\n\t<div class=\"wrapper\">\n\t\t<div class=\"inner-wrapper\">\n\t\t                                                                                <div class=\"accordion-item\">\n                        <div class=\"accordion-title\">\n                            <div class=\"accordion-trigger\">\n                                <span><\/span>\n                                <span><\/span>\n                            <\/div>\n                            <h2>INSTITUTO NACIONAL DE NANISMO\n<\/h2>\n                        <\/div>\n                        <div class=\"accordion-content\">\n                                                            <p><a href=\"https:\/\/www.institutonacionaldenanismo.com.br\/\" target=\"_blank\" rel=\"noopener\">www.institutonacionaldenanismo.com.br<\/a><\/p>\n                                                    <\/div>\n                    <\/div>\n                                                                            <div class=\"accordion-item\">\n                        <div class=\"accordion-title\">\n                            <div class=\"accordion-trigger\">\n                                <span><\/span>\n                                <span><\/span>\n                            <\/div>\n                            <h2>Annabra &#8211; Associa\u00e7\u00e3o Nanismo Brasil\n<\/h2>\n                        <\/div>\n                        <div class=\"accordion-content\">\n                                                            <p><a href=\"https:\/\/www.annabra.com.br\/\" rel=\"noopener\" target=\"_blank\">www.annabra.com.br<\/a><\/p>\n                                                    <\/div>\n                    <\/div>\n                            \t\t<\/div>\n\t<\/div>\n<\/div>\n\n<div id=\"acf-block-64a7da67aec2b\" class=\"block call-to-action call-to-action-no-bg\">\n    <div class=\"wrapper\">\n\t\t<div class=\"inner-wrapper\">\n\t\t\t<div class=\"box\" style=\"\">\n\t\t\t\t<div class=\"overlay\"><\/div>\n\t\t\t\t<div class=\"cta-content\">\n\t\t\t\t    \t\t\t\t\t<div class=\"cta-content-main\">\n                        <div class=\"content-block\">\n\t\t\t\t\t        \t\t\t\t\t        \t\t\t\t\t\t    \t\t\t\t\t\t        <h3>FIQUE POR DENTRO DA ACONDROPLASIA<\/h3>\n<p>Inscreva-se para obter atualiza\u00e7\u00f5es sobre o que \u00e9 importante para voc\u00ea.<\/p>\n\t\t\t\t\t\t    \t\t\t\t\t    <\/div>\n\t\t\t\t\t                                <div class=\"content-block\">\n                                <p><a class=\"button button-ghost\" href=\"https:\/\/achondroplasia.biomarin.com\/pt-br\/receba-atualizacoes\/\" target=\"_self\">RECEBA ATUALIZA\u00c7\u00d5ES<\/a><\/p>\n                            <\/div>\n\t\t\t\t\t                        <\/div>\n\t\t\t\t<\/div>\n\t\t\t<\/div>\n\t\t<\/div>\n\t<\/div>\n<\/div>","protected":false},"excerpt":{"rendered":"","protected":false},"author":3,"featured_media":0,"parent":0,"menu_order":0,"comment_status":"closed","ping_status":"closed","template":"","meta":{"_acf_changed":false,"inline_featured_image":false,"footnotes":""},"class_list":["post-32","page","type-page","status-publish","hentry"],"acf":[],"yoast_head":"<!-- This site is optimized with the Yoast SEO plugin v27.4 - https:\/\/yoast.com\/product\/yoast-seo-wordpress\/ -->\n<title>Achondroplasia Awareness Resources | Videos &amp; Articles<\/title>\n<meta name=\"description\" content=\"Get expert knowledge directly from doctors, specialists, advocates, and caregivers through BioMarin&#039;s educational resource library concerning Achondroplasia.\" \/>\n<meta name=\"robots\" content=\"index, follow, max-snippet:-1, max-image-preview:large, max-video-preview:-1\" \/>\n<link rel=\"canonical\" href=\"https:\/\/achondroplasia.biomarin.com\/pt-br\/recursos\/\" \/>\n<meta property=\"og:locale\" content=\"pt_BR\" \/>\n<meta property=\"og:type\" content=\"article\" \/>\n<meta property=\"og:title\" content=\"Achondroplasia Awareness Resources | Videos &amp; Articles\" \/>\n<meta property=\"og:description\" content=\"Get expert knowledge directly from doctors, specialists, advocates, and caregivers through BioMarin&#039;s educational resource library concerning Achondroplasia.\" \/>\n<meta property=\"og:url\" content=\"https:\/\/achondroplasia.biomarin.com\/pt-br\/recursos\/\" \/>\n<meta property=\"og:site_name\" content=\"BioMarin ACH DSE Patient PT-BR\" \/>\n<meta property=\"article:modified_time\" content=\"2024-08-27T14:57:42+00:00\" \/>\n<meta name=\"twitter:card\" content=\"summary_large_image\" \/>\n<script type=\"application\/ld+json\" class=\"yoast-schema-graph\">{\"@context\":\"https:\\\/\\\/schema.org\",\"@graph\":[{\"@type\":\"WebPage\",\"@id\":\"https:\\\/\\\/achondroplasia.biomarin.com\\\/pt-br\\\/recursos\\\/\",\"url\":\"https:\\\/\\\/achondroplasia.biomarin.com\\\/pt-br\\\/recursos\\\/\",\"name\":\"Achondroplasia Awareness Resources | Videos & Articles\",\"isPartOf\":{\"@id\":\"https:\\\/\\\/achondroplasia.biomarin.com\\\/pt-br\\\/#website\"},\"datePublished\":\"2023-07-07T09:07:21+00:00\",\"dateModified\":\"2024-08-27T14:57:42+00:00\",\"description\":\"Get expert knowledge directly from doctors, specialists, advocates, and caregivers through BioMarin's educational resource library concerning Achondroplasia.\",\"breadcrumb\":{\"@id\":\"https:\\\/\\\/achondroplasia.biomarin.com\\\/pt-br\\\/recursos\\\/#breadcrumb\"},\"inLanguage\":\"pt-BR\",\"potentialAction\":[{\"@type\":\"ReadAction\",\"target\":[\"https:\\\/\\\/achondroplasia.biomarin.com\\\/pt-br\\\/recursos\\\/\"]}]},{\"@type\":\"BreadcrumbList\",\"@id\":\"https:\\\/\\\/achondroplasia.biomarin.com\\\/pt-br\\\/recursos\\\/#breadcrumb\",\"itemListElement\":[{\"@type\":\"ListItem\",\"position\":1,\"name\":\"Home\",\"item\":\"https:\\\/\\\/achondroplasia.biomarin.com\\\/pt-br\\\/\"},{\"@type\":\"ListItem\",\"position\":2,\"name\":\"Recursos\"}]},{\"@type\":\"WebSite\",\"@id\":\"https:\\\/\\\/achondroplasia.biomarin.com\\\/pt-br\\\/#website\",\"url\":\"https:\\\/\\\/achondroplasia.biomarin.com\\\/pt-br\\\/\",\"name\":\"BioMarin ACH DSE Patient PT-BR\",\"description\":\"\",\"potentialAction\":[{\"@type\":\"SearchAction\",\"target\":{\"@type\":\"EntryPoint\",\"urlTemplate\":\"https:\\\/\\\/achondroplasia.biomarin.com\\\/pt-br\\\/?s={search_term_string}\"},\"query-input\":{\"@type\":\"PropertyValueSpecification\",\"valueRequired\":true,\"valueName\":\"search_term_string\"}}],\"inLanguage\":\"pt-BR\"}]}<\/script>\n<!-- \/ Yoast SEO plugin. -->","yoast_head_json":{"title":"Achondroplasia Awareness Resources | Videos & Articles","description":"Get expert knowledge directly from doctors, specialists, advocates, and caregivers through BioMarin's educational resource library concerning Achondroplasia.","robots":{"index":"index","follow":"follow","max-snippet":"max-snippet:-1","max-image-preview":"max-image-preview:large","max-video-preview":"max-video-preview:-1"},"canonical":"https:\/\/achondroplasia.biomarin.com\/pt-br\/recursos\/","og_locale":"pt_BR","og_type":"article","og_title":"Achondroplasia Awareness Resources | Videos & Articles","og_description":"Get expert knowledge directly from doctors, specialists, advocates, and caregivers through BioMarin's educational resource library concerning Achondroplasia.","og_url":"https:\/\/achondroplasia.biomarin.com\/pt-br\/recursos\/","og_site_name":"BioMarin ACH DSE Patient PT-BR","article_modified_time":"2024-08-27T14:57:42+00:00","twitter_card":"summary_large_image","schema":{"@context":"https:\/\/schema.org","@graph":[{"@type":"WebPage","@id":"https:\/\/achondroplasia.biomarin.com\/pt-br\/recursos\/","url":"https:\/\/achondroplasia.biomarin.com\/pt-br\/recursos\/","name":"Achondroplasia Awareness Resources | Videos & Articles","isPartOf":{"@id":"https:\/\/achondroplasia.biomarin.com\/pt-br\/#website"},"datePublished":"2023-07-07T09:07:21+00:00","dateModified":"2024-08-27T14:57:42+00:00","description":"Get expert knowledge directly from doctors, specialists, advocates, and caregivers through BioMarin's educational resource library concerning Achondroplasia.","breadcrumb":{"@id":"https:\/\/achondroplasia.biomarin.com\/pt-br\/recursos\/#breadcrumb"},"inLanguage":"pt-BR","potentialAction":[{"@type":"ReadAction","target":["https:\/\/achondroplasia.biomarin.com\/pt-br\/recursos\/"]}]},{"@type":"BreadcrumbList","@id":"https:\/\/achondroplasia.biomarin.com\/pt-br\/recursos\/#breadcrumb","itemListElement":[{"@type":"ListItem","position":1,"name":"Home","item":"https:\/\/achondroplasia.biomarin.com\/pt-br\/"},{"@type":"ListItem","position":2,"name":"Recursos"}]},{"@type":"WebSite","@id":"https:\/\/achondroplasia.biomarin.com\/pt-br\/#website","url":"https:\/\/achondroplasia.biomarin.com\/pt-br\/","name":"BioMarin ACH DSE Patient PT-BR","description":"","potentialAction":[{"@type":"SearchAction","target":{"@type":"EntryPoint","urlTemplate":"https:\/\/achondroplasia.biomarin.com\/pt-br\/?s={search_term_string}"},"query-input":{"@type":"PropertyValueSpecification","valueRequired":true,"valueName":"search_term_string"}}],"inLanguage":"pt-BR"}]}},"_links":{"self":[{"href":"https:\/\/achondroplasia.biomarin.com\/pt-br\/wp-json\/wp\/v2\/pages\/32","targetHints":{"allow":["GET"]}}],"collection":[{"href":"https:\/\/achondroplasia.biomarin.com\/pt-br\/wp-json\/wp\/v2\/pages"}],"about":[{"href":"https:\/\/achondroplasia.biomarin.com\/pt-br\/wp-json\/wp\/v2\/types\/page"}],"author":[{"embeddable":true,"href":"https:\/\/achondroplasia.biomarin.com\/pt-br\/wp-json\/wp\/v2\/users\/3"}],"replies":[{"embeddable":true,"href":"https:\/\/achondroplasia.biomarin.com\/pt-br\/wp-json\/wp\/v2\/comments?post=32"}],"version-history":[{"count":129,"href":"https:\/\/achondroplasia.biomarin.com\/pt-br\/wp-json\/wp\/v2\/pages\/32\/revisions"}],"predecessor-version":[{"id":2532,"href":"https:\/\/achondroplasia.biomarin.com\/pt-br\/wp-json\/wp\/v2\/pages\/32\/revisions\/2532"}],"wp:attachment":[{"href":"https:\/\/achondroplasia.biomarin.com\/pt-br\/wp-json\/wp\/v2\/media?parent=32"}],"curies":[{"name":"wp","href":"https:\/\/api.w.org\/{rel}","templated":true}]}}