{"id":30,"date":"2023-07-07T09:07:05","date_gmt":"2023-07-07T09:07:05","guid":{"rendered":"https:\/\/achdsepatient-dev-001.azurewebsites.net\/en-us\/?page_id=30"},"modified":"2024-09-10T16:28:54","modified_gmt":"2024-09-10T16:28:54","slug":"depoimentos-de-pacientes","status":"publish","type":"page","link":"https:\/\/achondroplasia.biomarin.com\/pt-br\/depoimentos-de-pacientes\/","title":{"rendered":"Depoimentos de Pacientes"},"content":{"rendered":"<div id=\"acf-block-64ac2b19a6ad4\" class=\"hero hero-no-overlay\">\n            <div class=\"hero-background-image hero-background-image-desktop\" style=\"background-image: url(https:\/\/achondroplasia.biomarin.com\/pt-br\/wp-content\/uploads\/sites\/15\/2024\/08\/Copy-of-Untitled-3.png?v=0.110);\"><\/div>\n\t    <div class=\"hero-background-image hero-background-image-mobile\" style=\"background-image: url(https:\/\/achondroplasia.biomarin.com\/pt-br\/wp-content\/uploads\/sites\/15\/2024\/09\/hero_6_mobile.jpg?v=0.110);\"><\/div>\n    \t<div class=\"overlay\"><\/div>\n\t<div class=\"wrapper\">\n\t\t<div class=\"inner-wrapper\">\n\t\t\t<div class=\"hero-content\">\n\t\t\t    \t\t\t\t\t\t\t\t\t\t\t\t    <h1>HIST\u00d3RIAS DE FAM\u00cdLIA\n<\/h1>\n\t\t\t\t\t\t\t\t\t\t\t\t    <p class=\"p1\">Conhe\u00e7a mais sobre fam\u00edlias que j\u00e1 estiveram exatamente onde voc\u00ea est\u00e1.<\/p>\n<p class=\"p1\">Eles compartilharam suas hist\u00f3rias para te apoiar a se sentir seguro com a vida que voc\u00ea est\u00e1 criando para seu(sua) filho(a).<\/p>\n\t\t\t\t\t\t\t\t\n                <p class=\"inline-buttons\">\n                                                        <\/p>\n\t\t\t\t\t\t\t<\/div>\n\t\t<\/div>\n\t<\/div>\n<\/div>\n\n\n<div id=\"acf-block-64ac2b19aabff\" class=\"block split-content equal-bias bg-band bg-band-white block-zero-top block-zero-bottom\" data-muted-autoplay=\"false\">\n\t<div class=\"wrapper\">\n\t\t<div class=\"inner-wrapper\">\n\t\t                                                                <div class=\"content-block first-block\">\n                                                                                                                                                                                                                                                <div class=\"video-poster\">\n\t\t\t                            <a class=\"modal-video permitted\" href=\"https:\/\/player.vimeo.com\/video\/992163798\" style=\"background-image: url(https:\/\/achondroplasia.biomarin.com\/pt-br\/wp-content\/uploads\/sites\/15\/2024\/08\/jackson-lisa-poster.jpg?v=0.110);\">Play<\/a>\n\t\t                            <\/div>\n                                    \n                                                                                                                    \n                                                                                                                \n\t\t                                                                            <\/div>\n                    \n                                            <div class=\"content-block second-block\">\n                                                                                                <h2 class=\"p1\">CONHE\u00c7A JACKSON E SUA M\u00c3E, LISA<\/h2>\n<p class=\"p1\">Jackson pratica snowboard, nata\u00e7\u00e3o e \u00e9 um defensor dos direitos para acondroplasia. Sua m\u00e3e \u00e9 terap\u00eauta ocupacional pedi\u00e1trica, e utilizou sua experi\u00eancia para guiar sua pr\u00f3pria busca por respostas. Seguindo a lideran\u00e7a de Jackson, sua fam\u00edlia o ajuda a flexibilizar seus m\u00fasculos e quebrar paradigmas sobre os limites do que uma crian\u00e7a com acondroplasia pode fazer.<\/p>\n                                                                                    <\/div>\n                                                \t\t<\/div>\n\t<\/div>\n<\/div>\n\n<div id=\"acf-block-64ac2b19aace7\" class=\"block split-content equal-bias bg-band bg-band-white block-zero-top\" data-muted-autoplay=\"false\">\n\t<div class=\"wrapper\">\n\t\t<div class=\"inner-wrapper\">\n\t\t                                                                <div class=\"content-block first-block\">\n                                                                                                <h2 class=\"p1\">CONHE\u00c7A MARIA FERNANDA E A SUA FAM\u00cdLIA<\/h2>\n<p>Conhe\u00e7a mais sobre a vida da Maria Fernanda de 2 anos e meio, filha de Neila e Rodrigo. Ap\u00f3s um diagn\u00f3stico de acondroplasia rodeado de muitos medos e incertezas ainda na gravidez, a fam\u00edlia conta como ter encontrado uma rede de apoio foi essencial para entender que a acondroplasia vai al\u00e9m da baixa estatura e que o acompanhamento com v\u00e1rios profissionais de sa\u00fade tem sido essencial para garantir a melhor qualidade de vida da Maria Fernanda.<\/p>\n                                                                                    <\/div>\n                    \n                                            <div class=\"content-block second-block\">\n                                                                                                                                                                                                                                                <div class=\"video-poster\">\n\t\t\t                            <a class=\"modal-video permitted\" href=\"https:\/\/player.vimeo.com\/video\/989189019\" style=\"background-image: url(https:\/\/achondroplasia.biomarin.com\/pt-br\/wp-content\/uploads\/sites\/15\/2024\/09\/Raegan_poster_new.jpg?v=0.110);\">Play<\/a>\n\t\t                            <\/div> \n                                    \n                                                                                                                    \n                                                                                                                                                   \n                                    \n\t\t                                                                            <\/div>\n                                                \t\t<\/div>\n\t<\/div>\n<\/div>\n\n<div id=\"acf-block-64a7da67aec2b\" class=\"block call-to-action call-to-action-no-bg\">\n    <div class=\"wrapper\">\n\t\t<div class=\"inner-wrapper\">\n\t\t\t<div class=\"box\" style=\"\">\n\t\t\t\t<div class=\"overlay\"><\/div>\n\t\t\t\t<div class=\"cta-content\">\n\t\t\t\t    \t\t\t\t\t<div class=\"cta-content-main\">\n                        <div class=\"content-block\">\n\t\t\t\t\t        \t\t\t\t\t        \t\t\t\t\t\t    \t\t\t\t\t\t        <h3>FIQUE POR DENTRO DA ACONDROPLASIA<\/h3>\n<p>Inscreva-se para obter atualiza\u00e7\u00f5es sobre o que \u00e9 importante para voc\u00ea.<\/p>\n\t\t\t\t\t\t    \t\t\t\t\t    <\/div>\n\t\t\t\t\t                                <div class=\"content-block\">\n                                <p><a class=\"button button-ghost\" href=\"https:\/\/achondroplasia.biomarin.com\/pt-br\/receba-atualizacoes\/\" target=\"_self\">RECEBA ATUALIZA\u00c7\u00d5ES<\/a><\/p>\n                            <\/div>\n\t\t\t\t\t                        <\/div>\n\t\t\t\t<\/div>\n\t\t\t<\/div>\n\t\t<\/div>\n\t<\/div>\n<\/div>","protected":false},"excerpt":{"rendered":"","protected":false},"author":3,"featured_media":0,"parent":0,"menu_order":0,"comment_status":"closed","ping_status":"closed","template":"","meta":{"_acf_changed":false,"inline_featured_image":false,"footnotes":""},"class_list":["post-30","page","type-page","status-publish","hentry"],"acf":[],"yoast_head":"<!-- This site is optimized with the Yoast SEO plugin v27.4 - https:\/\/yoast.com\/product\/yoast-seo-wordpress\/ -->\n<title>Achondroplasia Family Stories | Management &amp; Support<\/title>\n<meta name=\"description\" content=\"You\u2019re not alone in Achondroplasia. Hear from families sharing their stories to help you feel secure in the life you\u2019re creating for your child.\" \/>\n<meta name=\"robots\" content=\"index, follow, max-snippet:-1, max-image-preview:large, max-video-preview:-1\" \/>\n<link rel=\"canonical\" href=\"https:\/\/achondroplasia.biomarin.com\/pt-br\/depoimentos-de-pacientes\/\" \/>\n<meta property=\"og:locale\" content=\"pt_BR\" \/>\n<meta property=\"og:type\" content=\"article\" \/>\n<meta property=\"og:title\" content=\"Achondroplasia Family Stories | Management &amp; Support\" \/>\n<meta property=\"og:description\" content=\"You\u2019re not alone in Achondroplasia. Hear from families sharing their stories to help you feel secure in the life you\u2019re creating for your child.\" \/>\n<meta property=\"og:url\" content=\"https:\/\/achondroplasia.biomarin.com\/pt-br\/depoimentos-de-pacientes\/\" \/>\n<meta property=\"og:site_name\" content=\"BioMarin ACH DSE Patient PT-BR\" \/>\n<meta property=\"article:modified_time\" content=\"2024-09-10T16:28:54+00:00\" \/>\n<meta name=\"twitter:card\" content=\"summary_large_image\" \/>\n<script type=\"application\/ld+json\" class=\"yoast-schema-graph\">{\"@context\":\"https:\\\/\\\/schema.org\",\"@graph\":[{\"@type\":\"WebPage\",\"@id\":\"https:\\\/\\\/achondroplasia.biomarin.com\\\/pt-br\\\/depoimentos-de-pacientes\\\/\",\"url\":\"https:\\\/\\\/achondroplasia.biomarin.com\\\/pt-br\\\/depoimentos-de-pacientes\\\/\",\"name\":\"Achondroplasia Family Stories | Management & Support\",\"isPartOf\":{\"@id\":\"https:\\\/\\\/achondroplasia.biomarin.com\\\/pt-br\\\/#website\"},\"datePublished\":\"2023-07-07T09:07:05+00:00\",\"dateModified\":\"2024-09-10T16:28:54+00:00\",\"description\":\"You\u2019re not alone in Achondroplasia. Hear from families sharing their stories to help you feel secure in the life you\u2019re creating for your child.\",\"breadcrumb\":{\"@id\":\"https:\\\/\\\/achondroplasia.biomarin.com\\\/pt-br\\\/depoimentos-de-pacientes\\\/#breadcrumb\"},\"inLanguage\":\"pt-BR\",\"potentialAction\":[{\"@type\":\"ReadAction\",\"target\":[\"https:\\\/\\\/achondroplasia.biomarin.com\\\/pt-br\\\/depoimentos-de-pacientes\\\/\"]}]},{\"@type\":\"BreadcrumbList\",\"@id\":\"https:\\\/\\\/achondroplasia.biomarin.com\\\/pt-br\\\/depoimentos-de-pacientes\\\/#breadcrumb\",\"itemListElement\":[{\"@type\":\"ListItem\",\"position\":1,\"name\":\"Home\",\"item\":\"https:\\\/\\\/achondroplasia.biomarin.com\\\/pt-br\\\/\"},{\"@type\":\"ListItem\",\"position\":2,\"name\":\"Depoimentos de Pacientes\"}]},{\"@type\":\"WebSite\",\"@id\":\"https:\\\/\\\/achondroplasia.biomarin.com\\\/pt-br\\\/#website\",\"url\":\"https:\\\/\\\/achondroplasia.biomarin.com\\\/pt-br\\\/\",\"name\":\"BioMarin ACH DSE Patient PT-BR\",\"description\":\"\",\"potentialAction\":[{\"@type\":\"SearchAction\",\"target\":{\"@type\":\"EntryPoint\",\"urlTemplate\":\"https:\\\/\\\/achondroplasia.biomarin.com\\\/pt-br\\\/?s={search_term_string}\"},\"query-input\":{\"@type\":\"PropertyValueSpecification\",\"valueRequired\":true,\"valueName\":\"search_term_string\"}}],\"inLanguage\":\"pt-BR\"}]}<\/script>\n<!-- \/ Yoast SEO plugin. -->","yoast_head_json":{"title":"Achondroplasia Family Stories | Management & Support","description":"You\u2019re not alone in Achondroplasia. Hear from families sharing their stories to help you feel secure in the life you\u2019re creating for your child.","robots":{"index":"index","follow":"follow","max-snippet":"max-snippet:-1","max-image-preview":"max-image-preview:large","max-video-preview":"max-video-preview:-1"},"canonical":"https:\/\/achondroplasia.biomarin.com\/pt-br\/depoimentos-de-pacientes\/","og_locale":"pt_BR","og_type":"article","og_title":"Achondroplasia Family Stories | Management & Support","og_description":"You\u2019re not alone in Achondroplasia. Hear from families sharing their stories to help you feel secure in the life you\u2019re creating for your child.","og_url":"https:\/\/achondroplasia.biomarin.com\/pt-br\/depoimentos-de-pacientes\/","og_site_name":"BioMarin ACH DSE Patient PT-BR","article_modified_time":"2024-09-10T16:28:54+00:00","twitter_card":"summary_large_image","schema":{"@context":"https:\/\/schema.org","@graph":[{"@type":"WebPage","@id":"https:\/\/achondroplasia.biomarin.com\/pt-br\/depoimentos-de-pacientes\/","url":"https:\/\/achondroplasia.biomarin.com\/pt-br\/depoimentos-de-pacientes\/","name":"Achondroplasia Family Stories | Management & Support","isPartOf":{"@id":"https:\/\/achondroplasia.biomarin.com\/pt-br\/#website"},"datePublished":"2023-07-07T09:07:05+00:00","dateModified":"2024-09-10T16:28:54+00:00","description":"You\u2019re not alone in Achondroplasia. Hear from families sharing their stories to help you feel secure in the life you\u2019re creating for your child.","breadcrumb":{"@id":"https:\/\/achondroplasia.biomarin.com\/pt-br\/depoimentos-de-pacientes\/#breadcrumb"},"inLanguage":"pt-BR","potentialAction":[{"@type":"ReadAction","target":["https:\/\/achondroplasia.biomarin.com\/pt-br\/depoimentos-de-pacientes\/"]}]},{"@type":"BreadcrumbList","@id":"https:\/\/achondroplasia.biomarin.com\/pt-br\/depoimentos-de-pacientes\/#breadcrumb","itemListElement":[{"@type":"ListItem","position":1,"name":"Home","item":"https:\/\/achondroplasia.biomarin.com\/pt-br\/"},{"@type":"ListItem","position":2,"name":"Depoimentos de Pacientes"}]},{"@type":"WebSite","@id":"https:\/\/achondroplasia.biomarin.com\/pt-br\/#website","url":"https:\/\/achondroplasia.biomarin.com\/pt-br\/","name":"BioMarin ACH DSE Patient PT-BR","description":"","potentialAction":[{"@type":"SearchAction","target":{"@type":"EntryPoint","urlTemplate":"https:\/\/achondroplasia.biomarin.com\/pt-br\/?s={search_term_string}"},"query-input":{"@type":"PropertyValueSpecification","valueRequired":true,"valueName":"search_term_string"}}],"inLanguage":"pt-BR"}]}},"_links":{"self":[{"href":"https:\/\/achondroplasia.biomarin.com\/pt-br\/wp-json\/wp\/v2\/pages\/30","targetHints":{"allow":["GET"]}}],"collection":[{"href":"https:\/\/achondroplasia.biomarin.com\/pt-br\/wp-json\/wp\/v2\/pages"}],"about":[{"href":"https:\/\/achondroplasia.biomarin.com\/pt-br\/wp-json\/wp\/v2\/types\/page"}],"author":[{"embeddable":true,"href":"https:\/\/achondroplasia.biomarin.com\/pt-br\/wp-json\/wp\/v2\/users\/3"}],"replies":[{"embeddable":true,"href":"https:\/\/achondroplasia.biomarin.com\/pt-br\/wp-json\/wp\/v2\/comments?post=30"}],"version-history":[{"count":78,"href":"https:\/\/achondroplasia.biomarin.com\/pt-br\/wp-json\/wp\/v2\/pages\/30\/revisions"}],"predecessor-version":[{"id":2603,"href":"https:\/\/achondroplasia.biomarin.com\/pt-br\/wp-json\/wp\/v2\/pages\/30\/revisions\/2603"}],"wp:attachment":[{"href":"https:\/\/achondroplasia.biomarin.com\/pt-br\/wp-json\/wp\/v2\/media?parent=30"}],"curies":[{"name":"wp","href":"https:\/\/api.w.org\/{rel}","templated":true}]}}