{"id":26,"date":"2023-07-07T09:06:06","date_gmt":"2023-07-07T09:06:06","guid":{"rendered":"https:\/\/achdsepatient-dev-001.azurewebsites.net\/en-us\/?page_id=26"},"modified":"2024-09-10T16:25:45","modified_gmt":"2024-09-10T16:25:45","slug":"pesquisa","status":"publish","type":"page","link":"https:\/\/achondroplasia.biomarin.com\/pt-br\/pesquisa\/","title":{"rendered":"Pesquisa"},"content":{"rendered":"<div id=\"acf-block-64ab37178b5b2\" class=\"hero hero-no-overlay\">\n            <div class=\"hero-background-image hero-background-image-desktop\" style=\"background-image: url(https:\/\/achondroplasia.biomarin.com\/pt-br\/wp-content\/uploads\/sites\/15\/2024\/04\/img-hero-1-3.jpg?v=0.110);\"><\/div>\n\t    <div class=\"hero-background-image hero-background-image-mobile\" style=\"background-image: url(https:\/\/achondroplasia.biomarin.com\/pt-br\/wp-content\/uploads\/sites\/15\/2024\/09\/hero_4_mobile.jpg?v=0.110);\"><\/div>\n    \t<div class=\"overlay\"><\/div>\n\t<div class=\"wrapper\">\n\t\t<div class=\"inner-wrapper\">\n\t\t\t<div class=\"hero-content\">\n\t\t\t    \t\t\t\t\t\t\t\t\t\t\t\t    <h1>Pesquisa em Acondroplasia\n<\/h1>\n\t\t\t\t\t\t\t\t\t\t\t\t    <p>Pesquisas est\u00e3o trazendo avan\u00e7os quanto ao conhecimento sobre a acondroplasia, tratamento atual e poss\u00edveis tratamentos que est\u00e3o sob an\u00e1lise para ajudar e minimizar ou evitar algumas das complica\u00e7\u00f5es causadas pelo comprometimento do crescimento \u00f3sseo.<\/p>\n<p>&nbsp;<\/p>\n\t\t\t\t\t\t\t\t\n                <p class=\"inline-buttons\">\n                                                        <\/p>\n\t\t\t\t\t\t\t<\/div>\n\t\t<\/div>\n\t<\/div>\n<\/div>\n\n\n<div id=\"acf-block-64ab37178b85e\" class=\"block wrapped-content bg-band bg-band-tertiary block-zero-top block-zero-bottom\">\n    <div class=\"wrapper\">\n        <div class=\"inner-wrapper\">\n                \n<div id=\"acf-block-64ab37178ce94\" class=\"block-wysiwyg\">\n            <h2>PRINCIPAIS TIPOS DE TERAPIA QUE J\u00c1 FORAM E EST\u00c3O SENDO ESTUDADAS, RESPECTIVAMENTE:<\/h2>\n    <\/div>\n\n<div id=\"acf-block-64bfe910b4e45\" class=\"card\" data-muted-autoplay=\"false\">\n        <div class=\"card-content\">\n                \n                                                                                                            <h3><span style=\"color: #008ab1\">An\u00e1logos de CNP<\/span><\/h3>\n<p>CNP (que significa pept\u00eddeo natriur\u00e9tico tipo C) \u00e9 um horm\u00f4nio que desempenha um importante papel no crescimento \u00f3sseo.<\/p>\n<p>O CNP ativa os receptores do NPRB (receptor do pept\u00eddeo natriur\u00e9tico tipo B), reduzindo os efeitos dos receptores de FGFR3 super-ativados, que &#8220;dizem&#8221; aos ossos para que parem de crescer.<\/p>\n<p>Os cientistas conduziram estudos cl\u00ednicos com terapias que tentam dar ao corpo mais CNP para avaliar se os receptores de FGFR3 super-ativados podem ser combatidos, permitindo que os ossos cres\u00e7am e se desenvolvam. Nesses estudos, os cientistas investigaram e seguem investigando quais outros impactos o CNP tem sobre a forma como os ossos crescem e se desenvolvem, bem como quais s\u00e3o os riscos.<\/p>\n<p>&nbsp;<\/p>\n<h3><span style=\"color: #008ab1\">M\u00c9TODO DECOY<\/span><\/h3>\n<p>M\u00e9todo Decoy \u00e9 uma estrat\u00e9gia onde se cria uma &#8220;distra\u00e7\u00e3o&#8221; para os ativadores do FGFR3, para impedir que eles sejam ativados de forma excessiva.<\/p>\n<p>&nbsp;<\/p>\n                                                                                    <\/div>\n<\/div>\n        <\/div>\n    <\/div>\n<\/div>\n\n<div id=\"acf-block-66311225d1f20\" class=\"block wrapped-content\">\n    <div class=\"wrapper\">\n        <div class=\"inner-wrapper\">\n                \n<div id=\"acf-block-66311225d2067\" class=\"block-wysiwyg\">\n            <h2>O que s\u00e3o estudos cl\u00ednicos?<\/h2>\n<p>Avan\u00e7os cient\u00edficos na medicina ganham vida por meio de estudos cl\u00ednicos. Eles s\u00e3o a chave para a pesquisa e o desenvolvimento de qualquer nova terapia. O objetivo de um estudo cl\u00ednico \u00e9 avaliar o perfil de seguran\u00e7a e a efic\u00e1cia da terapia em estudo.<\/p>\n<p><strong>Os estudos cl\u00ednicos ocorrem em etapas ou fases<\/strong>. Dependendo do que est\u00e1 sendo medido, cada etapa pode durar muitos anos ou at\u00e9 mesmo d\u00e9cadas. Os cientistas muitas vezes escolhem o que ser\u00e1 estudado de forma que os resultados podem ser observados em um curto espa\u00e7o de tempo.<\/p>\n    <\/div>\n        <\/div>\n    <\/div>\n<\/div>\n\n<div id=\"acf-block-663113a768a91\" class=\"block boxed-content top-border boxed-content-white\">\n\t<div class=\"wrapper\">\n\t\t<div class=\"inner-wrapper\">\n\t\t\t<div class=\"box\">\n\t\t\t\t\t\t\t\t\n<div id=\"acf-block-663113a768e21\" class=\"image-text-block content-align-center bottom-border\">\n            <div class=\"image-block medium\">\n            <figure>\n                <div class=\"image image-rounded\">\n                    <img decoding=\"async\" class=\"\" src=\"https:\/\/achondroplasia.biomarin.com\/pt-br\/wp-content\/uploads\/sites\/15\/2023\/08\/Picture-1.png?v=0.110\" alt=\"\" \/>                <\/div>\n            <\/figure>\n        <\/div>\n        <div class=\"content-block\">\n                    <h3>Fase 1\n<\/h3>\n                            <p>Uma terapia \u00e9 estudada num pequeno grupo de volunt\u00e1rios geralmente saud\u00e1veis por v\u00e1rios meses para testar sua seguran\u00e7a e conhecer quaisquer efeitos colaterais<\/p>\n                    <\/div>\n<\/div>\n\n<div id=\"acf-block-663113a768eb4\" class=\"image-text-block content-align-center bottom-border\">\n            <div class=\"image-block medium\">\n            <figure>\n                <div class=\"image image-rounded\">\n                    <img decoding=\"async\" class=\"\" src=\"https:\/\/achondroplasia.biomarin.com\/pt-br\/wp-content\/uploads\/sites\/15\/2023\/08\/Picture-2.png?v=0.110\" alt=\"\" \/>                <\/div>\n            <\/figure>\n        <\/div>\n        <div class=\"content-block\">\n                    <h3>Fase 2\n<\/h3>\n                            <p>A terapia \u00e9 estudada num grupo maior de pessoas afetadas pela condi\u00e7\u00e3o para observar sua seguran\u00e7a e se ela funciona. Esta fase tamb\u00e9m determina qual dose do medicamento \u00e9 a mais eficaz com o m\u00ednimo de efeitos colaterais.<\/p>\n                    <\/div>\n<\/div>\n\n<div id=\"acf-block-663113a768f35\" class=\"image-text-block content-align-center bottom-border\">\n            <div class=\"image-block medium\">\n            <figure>\n                <div class=\"image image-rounded\">\n                    <img decoding=\"async\" class=\"\" src=\"https:\/\/achondroplasia.biomarin.com\/pt-br\/wp-content\/uploads\/sites\/15\/2023\/08\/Picture-5.png?v=0.110\" alt=\"\" \/>                <\/div>\n            <\/figure>\n        <\/div>\n        <div class=\"content-block\">\n                    <h3>Fase 3\n<\/h3>\n                            <p>Este \u00e9 o \u201cestudo pivotal\u201d. Um estudo de Fase 3 examina a terapia em pessoas com a condi\u00e7\u00e3o comparando-a com um placebo (que n\u00e3o nenhum princ\u00edpio ativo) ou outro tratamento padr\u00e3o. Isso \u00e9 geralmente feito de maneira randomizada e cega. Isso significa que nem o paciente nem o m\u00e9dico sabem se um participante do estudo est\u00e1 recebendo a nova terapia ou n\u00e3o. A terapia \u00e9 estudada por um per\u00edodo de tempo mais longo \u2013 geralmente v\u00e1rios anos \u2013 durante esta fase.<\/p>\n                    <\/div>\n<\/div>\n\n<div id=\"acf-block-663113a768fb1\" class=\"image-text-block content-align-center bottom-border\">\n            <div class=\"image-block medium\">\n            <figure>\n                <div class=\"image image-rounded\">\n                    <img decoding=\"async\" class=\"\" src=\"https:\/\/achondroplasia.biomarin.com\/pt-br\/wp-content\/uploads\/sites\/15\/2023\/08\/Picture-4.png?v=0.110\" alt=\"\" \/>                <\/div>\n            <\/figure>\n        <\/div>\n        <div class=\"content-block\">\n                    <h3>APROVA\u00c7\u00c3O REGULAT\u00d3RIA\n<\/h3>\n                            <p>A Ag\u00eancia Nacional de Vigil\u00e2ncia Sanit\u00e1ria (ANVISA), \u00e9 respons\u00e1vel por avaliar as informa\u00e7\u00f5es dos estudos cl\u00ednicos para determinar se o medicamento ser\u00e1 aprovado para utiliza\u00e7\u00e3o pelo p\u00fablico brasileiro.<\/p>\n                    <\/div>\n<\/div>\n\n<div id=\"acf-block-663113a769028\" class=\"image-text-block content-align-center\">\n            <div class=\"image-block medium\">\n            <figure>\n                <div class=\"image image-rounded\">\n                    <img decoding=\"async\" class=\"\" src=\"https:\/\/achondroplasia.biomarin.com\/pt-br\/wp-content\/uploads\/sites\/15\/2023\/08\/Picture-3.png?v=0.110\" alt=\"\" \/>                <\/div>\n            <\/figure>\n        <\/div>\n        <div class=\"content-block\">\n                    <h3>Fase 4\n<\/h3>\n                            <p>Se a terapia for aprovada, os pesquisadores podem conduzir estudos de Fase 4 para obter mais informa\u00e7\u00f5es e continuar rastreando o qu\u00e3o segura a terapia \u00e9 para seus usu\u00e1rios.<\/p>\n                    <\/div>\n<\/div>\n\t\t\t<\/div>\n\t\t<\/div>\n\t<\/div>\n<\/div>\n\n<div id=\"acf-block-6631199f440c2\" class=\"card card-fixed-button card-centered\" data-muted-autoplay=\"false\">\n        <div class=\"card-content\">\n                            <h4>ATUALIZE-SE\n<\/h4>\n        \n                                                                                                            <p>Inscreva-se para obter atualiza\u00e7\u00f5es sobre o que \u00e9 importante para voc\u00ea.<\/p>\n                                                                                                                                                                                                                                                                        \n                                                                                        <\/div>\n                                <div class=\"card-actions\">\n                            \n                            <p><a class=\"button\" href=\"https:\/\/achondroplasia.biomarin.com\/pt-br\/receba-atualizacoes\/\" target=\"_self\">RECEBA ATUALIZA\u00c7\u00d5ES<\/a><\/p>\n                                                                                    <\/div>\n<\/div>","protected":false},"excerpt":{"rendered":"","protected":false},"author":3,"featured_media":0,"parent":0,"menu_order":0,"comment_status":"closed","ping_status":"closed","template":"","meta":{"_acf_changed":false,"inline_featured_image":false,"footnotes":""},"class_list":["post-26","page","type-page","status-publish","hentry"],"acf":[],"yoast_head":"<!-- This site is optimized with the Yoast SEO plugin v27.1.1 - https:\/\/yoast.com\/product\/yoast-seo-wordpress\/ -->\n<title>Pesquisa em Acondroplasia<\/title>\n<meta name=\"description\" content=\"Stay current about research on potential treatments that may help address impaired bone growth.\" \/>\n<meta name=\"robots\" content=\"index, follow, max-snippet:-1, max-image-preview:large, max-video-preview:-1\" \/>\n<link rel=\"canonical\" href=\"https:\/\/achondroplasia.biomarin.com\/pt-br\/pesquisa\/\" \/>\n<meta property=\"og:locale\" content=\"pt_BR\" \/>\n<meta property=\"og:type\" content=\"article\" \/>\n<meta property=\"og:title\" content=\"Pesquisa em Acondroplasia\" \/>\n<meta property=\"og:description\" content=\"Stay current about research on potential treatments that may help address impaired bone growth.\" \/>\n<meta property=\"og:url\" content=\"https:\/\/achondroplasia.biomarin.com\/pt-br\/pesquisa\/\" \/>\n<meta property=\"og:site_name\" content=\"BioMarin ACH DSE Patient PT-BR\" \/>\n<meta property=\"article:modified_time\" content=\"2024-09-10T16:25:45+00:00\" \/>\n<meta name=\"twitter:card\" content=\"summary_large_image\" \/>\n<script type=\"application\/ld+json\" class=\"yoast-schema-graph\">{\"@context\":\"https:\/\/schema.org\",\"@graph\":[{\"@type\":\"WebPage\",\"@id\":\"https:\/\/achondroplasia.biomarin.com\/pt-br\/pesquisa\/\",\"url\":\"https:\/\/achondroplasia.biomarin.com\/pt-br\/pesquisa\/\",\"name\":\"Pesquisa em Acondroplasia\",\"isPartOf\":{\"@id\":\"https:\/\/achondroplasia.biomarin.com\/pt-br\/#website\"},\"datePublished\":\"2023-07-07T09:06:06+00:00\",\"dateModified\":\"2024-09-10T16:25:45+00:00\",\"description\":\"Stay current about research on potential treatments that may help address impaired bone growth.\",\"breadcrumb\":{\"@id\":\"https:\/\/achondroplasia.biomarin.com\/pt-br\/pesquisa\/#breadcrumb\"},\"inLanguage\":\"pt-BR\",\"potentialAction\":[{\"@type\":\"ReadAction\",\"target\":[\"https:\/\/achondroplasia.biomarin.com\/pt-br\/pesquisa\/\"]}]},{\"@type\":\"BreadcrumbList\",\"@id\":\"https:\/\/achondroplasia.biomarin.com\/pt-br\/pesquisa\/#breadcrumb\",\"itemListElement\":[{\"@type\":\"ListItem\",\"position\":1,\"name\":\"Home\",\"item\":\"https:\/\/achondroplasia.biomarin.com\/pt-br\/\"},{\"@type\":\"ListItem\",\"position\":2,\"name\":\"Pesquisa\"}]},{\"@type\":\"WebSite\",\"@id\":\"https:\/\/achondroplasia.biomarin.com\/pt-br\/#website\",\"url\":\"https:\/\/achondroplasia.biomarin.com\/pt-br\/\",\"name\":\"BioMarin ACH DSE Patient PT-BR\",\"description\":\"\",\"potentialAction\":[{\"@type\":\"SearchAction\",\"target\":{\"@type\":\"EntryPoint\",\"urlTemplate\":\"https:\/\/achondroplasia.biomarin.com\/pt-br\/?s={search_term_string}\"},\"query-input\":{\"@type\":\"PropertyValueSpecification\",\"valueRequired\":true,\"valueName\":\"search_term_string\"}}],\"inLanguage\":\"pt-BR\"}]}<\/script>\n<!-- \/ Yoast SEO plugin. -->","yoast_head_json":{"title":"Pesquisa em Acondroplasia","description":"Stay current about research on potential treatments that may help address impaired bone growth.","robots":{"index":"index","follow":"follow","max-snippet":"max-snippet:-1","max-image-preview":"max-image-preview:large","max-video-preview":"max-video-preview:-1"},"canonical":"https:\/\/achondroplasia.biomarin.com\/pt-br\/pesquisa\/","og_locale":"pt_BR","og_type":"article","og_title":"Pesquisa em Acondroplasia","og_description":"Stay current about research on potential treatments that may help address impaired bone growth.","og_url":"https:\/\/achondroplasia.biomarin.com\/pt-br\/pesquisa\/","og_site_name":"BioMarin ACH DSE Patient PT-BR","article_modified_time":"2024-09-10T16:25:45+00:00","twitter_card":"summary_large_image","schema":{"@context":"https:\/\/schema.org","@graph":[{"@type":"WebPage","@id":"https:\/\/achondroplasia.biomarin.com\/pt-br\/pesquisa\/","url":"https:\/\/achondroplasia.biomarin.com\/pt-br\/pesquisa\/","name":"Pesquisa em Acondroplasia","isPartOf":{"@id":"https:\/\/achondroplasia.biomarin.com\/pt-br\/#website"},"datePublished":"2023-07-07T09:06:06+00:00","dateModified":"2024-09-10T16:25:45+00:00","description":"Stay current about research on potential treatments that may help address impaired bone growth.","breadcrumb":{"@id":"https:\/\/achondroplasia.biomarin.com\/pt-br\/pesquisa\/#breadcrumb"},"inLanguage":"pt-BR","potentialAction":[{"@type":"ReadAction","target":["https:\/\/achondroplasia.biomarin.com\/pt-br\/pesquisa\/"]}]},{"@type":"BreadcrumbList","@id":"https:\/\/achondroplasia.biomarin.com\/pt-br\/pesquisa\/#breadcrumb","itemListElement":[{"@type":"ListItem","position":1,"name":"Home","item":"https:\/\/achondroplasia.biomarin.com\/pt-br\/"},{"@type":"ListItem","position":2,"name":"Pesquisa"}]},{"@type":"WebSite","@id":"https:\/\/achondroplasia.biomarin.com\/pt-br\/#website","url":"https:\/\/achondroplasia.biomarin.com\/pt-br\/","name":"BioMarin ACH DSE Patient PT-BR","description":"","potentialAction":[{"@type":"SearchAction","target":{"@type":"EntryPoint","urlTemplate":"https:\/\/achondroplasia.biomarin.com\/pt-br\/?s={search_term_string}"},"query-input":{"@type":"PropertyValueSpecification","valueRequired":true,"valueName":"search_term_string"}}],"inLanguage":"pt-BR"}]}},"_links":{"self":[{"href":"https:\/\/achondroplasia.biomarin.com\/pt-br\/wp-json\/wp\/v2\/pages\/26","targetHints":{"allow":["GET"]}}],"collection":[{"href":"https:\/\/achondroplasia.biomarin.com\/pt-br\/wp-json\/wp\/v2\/pages"}],"about":[{"href":"https:\/\/achondroplasia.biomarin.com\/pt-br\/wp-json\/wp\/v2\/types\/page"}],"author":[{"embeddable":true,"href":"https:\/\/achondroplasia.biomarin.com\/pt-br\/wp-json\/wp\/v2\/users\/3"}],"replies":[{"embeddable":true,"href":"https:\/\/achondroplasia.biomarin.com\/pt-br\/wp-json\/wp\/v2\/comments?post=26"}],"version-history":[{"count":237,"href":"https:\/\/achondroplasia.biomarin.com\/pt-br\/wp-json\/wp\/v2\/pages\/26\/revisions"}],"predecessor-version":[{"id":2599,"href":"https:\/\/achondroplasia.biomarin.com\/pt-br\/wp-json\/wp\/v2\/pages\/26\/revisions\/2599"}],"wp:attachment":[{"href":"https:\/\/achondroplasia.biomarin.com\/pt-br\/wp-json\/wp\/v2\/media?parent=26"}],"curies":[{"name":"wp","href":"https:\/\/api.w.org\/{rel}","templated":true}]}}