{"id":22,"date":"2023-07-07T09:05:20","date_gmt":"2023-07-07T09:05:20","guid":{"rendered":"https:\/\/achdsepatient-dev-001.azurewebsites.net\/en-us\/?page_id=22"},"modified":"2024-09-10T16:22:06","modified_gmt":"2024-09-10T16:22:06","slug":"o-que-e-acondroplasia","status":"publish","type":"page","link":"https:\/\/achondroplasia.biomarin.com\/pt-br\/o-que-e-acondroplasia\/","title":{"rendered":"O que \u00e9 Acondroplasia?"},"content":{"rendered":"<div id=\"acf-block-64a7e7da3beb2\" class=\"hero hero-no-overlay\">\n            <div class=\"hero-background-image hero-background-image-desktop\" style=\"background-image: url(https:\/\/achondroplasia.biomarin.com\/pt-br\/wp-content\/uploads\/sites\/15\/2024\/07\/Copy-of-Untitled-2.png?v=0.110);\"><\/div>\n\t    <div class=\"hero-background-image hero-background-image-mobile\" style=\"background-image: url(https:\/\/achondroplasia.biomarin.com\/pt-br\/wp-content\/uploads\/sites\/15\/2024\/09\/hero_2_mobile.jpg?v=0.110);\"><\/div>\n    \t<div class=\"overlay\"><\/div>\n\t<div class=\"wrapper\">\n\t\t<div class=\"inner-wrapper\">\n\t\t\t<div class=\"hero-content\">\n\t\t\t    \t\t\t\t\t\t\t\t\t\t\t\t    <h1>O que \u00e9 Acondroplasia?\n<\/h1>\n\t\t\t\t\t\t\t\t\t\t\t\t    <p>Acondroplasia \u00e9 a causa mais comum de nanismo. Por\u00e9m, \u00e9 importante saber que seu impacto vai al\u00e9m do que apenas a baixa estatura.<\/p>\n\t\t\t\t\t\t\t\t\n                <p class=\"inline-buttons\">\n                    \t\t\t\t        <a class=\"button button-download\" href=\"https:\/\/achondroplasia.biomarin.com\/pt-br\/wp-content\/uploads\/sites\/15\/2024\/04\/What-Is-Achondroplasia-1.pdf?v=0.110\" target=\"_blank\">SAIBA MAIS<\/a>\t\t\t\t                                        <\/p>\n\t\t\t\t\t\t\t<\/div>\n\t\t<\/div>\n\t<\/div>\n<\/div>\n\n\n<div id=\"**\" class=\"block wrapped-content bg-band bg-band-alternative block-zero-top block-zero-bottom block-remove-bottom-padding\">\n    <div class=\"wrapper\">\n        <div class=\"inner-wrapper\">\n                \n<div id=\"acf-block-64a7e7da3da8b\" class=\"block-wysiwyg\">\n            <h2>A ACONDROPLASIA \u00c9<\/h2>\n<p>um tipo de displasia esquel\u00e9tica (uma condi\u00e7\u00e3o que afeta os ossos e a cartilagem). Embora os efeitos mais vis\u00edveis estejam nos bra\u00e7os, nas pernas e na face, praticamente todos os ossos do corpo s\u00e3o afetados. O amplo impacto desta condi\u00e7\u00e3o pode causar complica\u00e7\u00f5es s\u00e9rias, progressivas e permanentes. Apesar dessas complica\u00e7\u00f5es, a acondroplasia n\u00e3o impede que pessoas que a possuem tenham vidas felizes e plenas.<\/p>\n<p><strong>Quanto mais voc\u00ea souber, mais preparado estar\u00e1 para o futuro.<\/strong><\/p>\n    <\/div>\n        <\/div>\n    <\/div>\n<\/div>\n\n<div id=\"acf-block-65045eda643eb\" class=\"block wrapped-content bg-band bg-band-alternative block-zero-top block-zero-bottom block-remove-bottom-padding\">\n    <div class=\"wrapper\">\n        <div class=\"inner-wrapper\">\n                \n<div id=\"acf-block-64a7e7da3dd44\" class=\"block boxed-content block-zero-top boxed-content-white\">\n\t<div class=\"wrapper\">\n\t\t<div class=\"inner-wrapper\">\n\t\t\t<div class=\"box\">\n\t\t\t\t\t\t\t\t\n<div id=\"acf-block-64a7e7da3e25d\" class=\"image-text-block content-align-center bottom-border\">\n            <div class=\"image-block medium\">\n            <figure>\n                <div class=\"image image-rounded\">\n                    <img decoding=\"async\" class=\"\" src=\"https:\/\/achondroplasia.biomarin.com\/pt-br\/wp-content\/uploads\/sites\/15\/2024\/04\/Group-3429-1-pt.png?v=0.110\" alt=\"\" \/>                <\/div>\n            <\/figure>\n        <\/div>\n        <div class=\"content-block\">\n                    <h3>RARA\n<\/h3>\n                            <p>1 em cada 25.000 crian\u00e7as nascem com acondroplasia, e h\u00e1 aproximadamente 250.000 pessoas com esta condi\u00e7\u00e3o no mundo.<\/p>\n                    <\/div>\n<\/div>\n\n<div id=\"acf-block-64a7e7da3e31e\" class=\"image-text-block content-align-center bottom-border\">\n            <div class=\"image-block medium\">\n            <figure>\n                <div class=\"image image-rounded\">\n                    <img decoding=\"async\" class=\"\" src=\"https:\/\/achondroplasia.biomarin.com\/pt-br\/wp-content\/uploads\/sites\/15\/2023\/07\/genetic_promo@2x.png?v=0.110\" alt=\"\" \/>                <\/div>\n            <\/figure>\n        <\/div>\n        <div class=\"content-block\">\n                    <h3>GEN\u00c9TICA\n<\/h3>\n                            <p>A maioria das crian\u00e7as com acondroplasia (80%) nasce de pais de estatura m\u00e9dia como resultado de uma altera\u00e7\u00e3o aleat\u00f3ria no gene (uma muta\u00e7\u00e3o) que faz com que ele n\u00e3o funcione de maneira apropriada.<\/p>\n                    <\/div>\n<\/div>\n\n<div id=\"acf-block-64a7e7da3e3c0\" class=\"image-text-block content-align-center\">\n            <div class=\"image-block medium\">\n            <figure>\n                <div class=\"image image-rounded\">\n                    <img decoding=\"async\" class=\"\" src=\"https:\/\/achondroplasia.biomarin.com\/pt-br\/wp-content\/uploads\/sites\/15\/2023\/07\/diagnosed_promo@2x.png?v=0.110\" alt=\"\" \/>                <\/div>\n            <\/figure>\n        <\/div>\n        <div class=\"content-block\">\n                    <h3>POSSUI DIAGN\u00d3STICO EM DIFERENTES FORMAS\n<\/h3>\n                            <p>Nos \u00faltimos meses da gravidez, o ultrassom pode indicar que algo n\u00e3o est\u00e1 indo bem com o desenvolvimento do beb\u00ea. Sinais como ossos curtos, cabe\u00e7a grande, muito l\u00edquido amni\u00f3tico e testa saliente podem sugerir um diagn\u00f3stico de acondroplasia. Ap\u00f3s o nascimento, a confirma\u00e7\u00e3o do diagn\u00f3stico da acondroplasia se baseia em uma avalia\u00e7\u00e3o minuciosa das propor\u00e7\u00f5es corporais, combinada com exames de imagem (raio-x) e testes gen\u00e9ticos que buscam altera\u00e7\u00f5es no gene FGFR3. O teste gen\u00e9tico pode ser feito ainda durante a gesta\u00e7\u00e3o, por meio de coleta do l\u00edquido amni\u00f3tico, por\u00e9m \u00e9 importante ressaltar que a amniocentese envolve riscos para a gravidez e deve ser discutida em detalhes com um especialista.<\/p>\n                    <\/div>\n<\/div>\n\t\t\t<\/div>\n\t\t<\/div>\n\t<\/div>\n<\/div>\n        <\/div>\n    <\/div>\n<\/div>\n\n<div id=\"acf-block-64a7e7da3e408\" class=\"block wrapped-content bg-band bg-band-white block-zero-top block-zero-bottom\">\n    <div class=\"wrapper\">\n        <div class=\"inner-wrapper\">\n                \n<div id=\"acf-block-64a7e7da3e441\" class=\"block-wysiwyg\">\n            <h2>A Acondroplasia Come\u00e7a nos Ossos<\/h2>\n<p>Os ossos come\u00e7am a crescer antes do nascimento (no \u00fatero) e continuam a crescer at\u00e9 a idade adulta, nas placas de crescimento, onde a cartilagem \u00e9 produzida e posteriormente substitu\u00edda pelo osso.<\/p>\n<p>Os condr\u00f3citos (c\u00e9lulas na cartilagem) se alinham para formar um novo osso. Este processo \u00e9 chamado ossifica\u00e7\u00e3o endocondral e acontece em quase todos os ossos do corpo. Os receptores nos condr\u00f3citos controlam o processo enviando e recebendo sinais.<\/p>\n    <\/div>\n\n<figure id=\"acf-block-64a7e7da3fca5\">\n    <div class=\"image image-rounded image-align-left\">\n                    <img decoding=\"async\" class=\"\" src=\"https:\/\/achondroplasia.biomarin.com\/pt-br\/wp-content\/uploads\/sites\/15\/2024\/04\/bones-pt.png?v=0.110\" alt=\"\" \/>            <\/div>\n    <\/figure>\n\n<div id=\"acf-block-64a7e7da3fcee\" class=\"block-wysiwyg\">\n            <p>Alguns sinais, como os receptores do NPRB (receptor do pept\u00eddeo natriur\u00e9tico tipo B), dizem aos ossos para crescerem. Outros, como os sinais dos receptores do FGFR3 (receptor tipo 3 do fator de crescimento de fibroblastos), dizem para os ossos reduzirem a velocidade de crescimento.<\/p>\n    <\/div>\n\n<figure id=\"acf-block-64a7e9c128335\">\n    <div class=\"image image-rounded image-align-left\">\n                    <img decoding=\"async\" class=\"\" src=\"https:\/\/achondroplasia.biomarin.com\/pt-br\/wp-content\/uploads\/sites\/15\/2024\/08\/Chondrocyte_infographic-pt-new.png?v=0.110\" alt=\"\" \/>            <\/div>\n    <\/figure>\n\n<div id=\"acf-block-64a7e9c12851d\" class=\"block-wysiwyg\">\n            <p>Na acondroplasia, uma altera\u00e7\u00e3o na estrutura do gene <em>FGFR3<\/em>\u00a0faz com que o corpo envie <em>continuamente<\/em> os sinais para reduzir a velocidade de crescimento \u00f3sseo. Uma vez que os receptores FGFR3 est\u00e3o sempre \u201cligados\u201d, os sinais para reduzir a velocidade de crescimento \u00f3sseo s\u00e3o mais fortes do que os sinais que dizem para os ossos crescerem (os quais se originam dos receptores NPRB).<\/p>\n<p><strong>Como resultado, os condr\u00f3citos t\u00eam dificuldade para se alinharem para formar um novo osso, comprometendo o crescimento \u00f3sseo.<\/strong><\/p>\n    <\/div>\n        <\/div>\n    <\/div>\n<\/div>\n\n<div id=\"acf-block-64a7ea5c62d98\" class=\"block split-content equal-bias bg-band bg-band-secondary block-zero-top block-zero-bottom block-remove-top-padding block-remove-bottom-padding\" data-muted-autoplay=\"false\">\n\t<div class=\"wrapper\">\n\t\t<div class=\"inner-wrapper\">\n\t\t                                                                <div class=\"content-block first-block\">\n                                                                                                <h2 class=\"p1\">O QUE ESPERAR<\/h2>\n\n\n\n\n<p>Desde ir para a escola, at\u00e9 brincar com os amigos, as crian\u00e7as com acondroplasia podem ter vidas saud\u00e1veis e ativas.<\/p>\n\n\n\n\n<p class=\"p1\">Ao mesmo tempo, devido \u00e0 maneira com a qual seus ossos crescem, complica\u00e7\u00f5es f\u00edsicas podem ocorrer e progredir com o tempo.\u00a0 Mas, se voc\u00ea sabe o que esperar, voc\u00ea pode ajud\u00e1-la a focar na parte mais importante de todas: apenas ser crian\u00e7a.<\/p>\n                                                                                                                                                                                                                                                                                                                                                                                                                                                                        <p><a class=\"button button-ghost button-arrow\" href=\"https:\/\/achondroplasia.biomarin.com\/pt-br\/vivendo-com-acondroplasia\/\" target=\"_self\">CLIQUE E SAIBA MAIS<\/a><\/p>\n                                                                                                                        <\/div>\n                    \n                                            <div class=\"content-block second-block\">\n                                                                                                                                                                                                                                                                                    \n                                    \n                                                                                                                \n                                    \n                                    <figure>\n                                        <div class=\"image image-rounded\">\n                                                                                            <img decoding=\"async\" class=\"\" src=\"https:\/\/achondroplasia.biomarin.com\/pt-br\/wp-content\/uploads\/sites\/15\/2023\/09\/know_what_to_expect_promo_@2x.png?v=0.110\" alt=\"\" \/>                                                                                    <\/div>\n                                                                            <\/figure>\n                                                                                    <\/div>\n                                                \t\t<\/div>\n\t<\/div>\n<\/div>\n\n<div id=\"acf-block-663116c4965b5\" class=\"card card-fixed-button card-centered\" data-muted-autoplay=\"false\">\n        <div class=\"card-content\">\n                            <h4>Aprenda sobre os impactos da acondroplasia ao longo da vida\n<\/h4>\n        \n                                                                                                                                                                                                                                                                                                                                                                                    \n                                                                                        <\/div>\n                                <div class=\"card-actions\">\n                            \n                            <p><a class=\"button\" href=\"https:\/\/achondroplasia.biomarin.com\/pt-br\/vivendo-com-acondroplasia\/\" target=\"_self\">SAIBA O QUE ESPERAR<\/a><\/p>\n                                                                                    <\/div>\n<\/div>","protected":false},"excerpt":{"rendered":"","protected":false},"author":3,"featured_media":0,"parent":0,"menu_order":0,"comment_status":"closed","ping_status":"closed","template":"","meta":{"_acf_changed":false,"inline_featured_image":false,"footnotes":""},"class_list":["post-22","page","type-page","status-publish","hentry"],"acf":[],"yoast_head":"<!-- This site is optimized with the Yoast SEO plugin v27.1.1 - https:\/\/yoast.com\/product\/yoast-seo-wordpress\/ -->\n<title>O que \u00e9 Acondroplasia<\/title>\n<meta name=\"description\" content=\"Find out about the genetic cause of this inherited condition and the impact of Achondroplasia, a type of short limbed dwarfism, on bone growth.\" \/>\n<meta name=\"robots\" content=\"index, follow, max-snippet:-1, max-image-preview:large, max-video-preview:-1\" \/>\n<link rel=\"canonical\" href=\"https:\/\/achondroplasia.biomarin.com\/pt-br\/o-que-e-acondroplasia\/\" \/>\n<meta property=\"og:locale\" content=\"pt_BR\" \/>\n<meta property=\"og:type\" content=\"article\" \/>\n<meta property=\"og:title\" content=\"O que \u00e9 Acondroplasia\" \/>\n<meta property=\"og:description\" content=\"Find out about the genetic cause of this inherited condition and the impact of Achondroplasia, a type of short limbed dwarfism, on bone growth.\" \/>\n<meta property=\"og:url\" content=\"https:\/\/achondroplasia.biomarin.com\/pt-br\/o-que-e-acondroplasia\/\" \/>\n<meta property=\"og:site_name\" content=\"BioMarin ACH DSE Patient PT-BR\" \/>\n<meta property=\"article:modified_time\" content=\"2024-09-10T16:22:06+00:00\" \/>\n<meta name=\"twitter:card\" content=\"summary_large_image\" \/>\n<script type=\"application\/ld+json\" class=\"yoast-schema-graph\">{\"@context\":\"https:\/\/schema.org\",\"@graph\":[{\"@type\":\"WebPage\",\"@id\":\"https:\/\/achondroplasia.biomarin.com\/pt-br\/o-que-e-acondroplasia\/\",\"url\":\"https:\/\/achondroplasia.biomarin.com\/pt-br\/o-que-e-acondroplasia\/\",\"name\":\"O que \u00e9 Acondroplasia\",\"isPartOf\":{\"@id\":\"https:\/\/achondroplasia.biomarin.com\/pt-br\/#website\"},\"datePublished\":\"2023-07-07T09:05:20+00:00\",\"dateModified\":\"2024-09-10T16:22:06+00:00\",\"description\":\"Find out about the genetic cause of this inherited condition and the impact of Achondroplasia, a type of short limbed dwarfism, on bone growth.\",\"breadcrumb\":{\"@id\":\"https:\/\/achondroplasia.biomarin.com\/pt-br\/o-que-e-acondroplasia\/#breadcrumb\"},\"inLanguage\":\"pt-BR\",\"potentialAction\":[{\"@type\":\"ReadAction\",\"target\":[\"https:\/\/achondroplasia.biomarin.com\/pt-br\/o-que-e-acondroplasia\/\"]}]},{\"@type\":\"BreadcrumbList\",\"@id\":\"https:\/\/achondroplasia.biomarin.com\/pt-br\/o-que-e-acondroplasia\/#breadcrumb\",\"itemListElement\":[{\"@type\":\"ListItem\",\"position\":1,\"name\":\"Home\",\"item\":\"https:\/\/achondroplasia.biomarin.com\/pt-br\/\"},{\"@type\":\"ListItem\",\"position\":2,\"name\":\"O que \u00e9 Acondroplasia?\"}]},{\"@type\":\"WebSite\",\"@id\":\"https:\/\/achondroplasia.biomarin.com\/pt-br\/#website\",\"url\":\"https:\/\/achondroplasia.biomarin.com\/pt-br\/\",\"name\":\"BioMarin ACH DSE Patient PT-BR\",\"description\":\"\",\"potentialAction\":[{\"@type\":\"SearchAction\",\"target\":{\"@type\":\"EntryPoint\",\"urlTemplate\":\"https:\/\/achondroplasia.biomarin.com\/pt-br\/?s={search_term_string}\"},\"query-input\":{\"@type\":\"PropertyValueSpecification\",\"valueRequired\":true,\"valueName\":\"search_term_string\"}}],\"inLanguage\":\"pt-BR\"}]}<\/script>\n<!-- \/ Yoast SEO plugin. -->","yoast_head_json":{"title":"O que \u00e9 Acondroplasia","description":"Find out about the genetic cause of this inherited condition and the impact of Achondroplasia, a type of short limbed dwarfism, on bone growth.","robots":{"index":"index","follow":"follow","max-snippet":"max-snippet:-1","max-image-preview":"max-image-preview:large","max-video-preview":"max-video-preview:-1"},"canonical":"https:\/\/achondroplasia.biomarin.com\/pt-br\/o-que-e-acondroplasia\/","og_locale":"pt_BR","og_type":"article","og_title":"O que \u00e9 Acondroplasia","og_description":"Find out about the genetic cause of this inherited condition and the impact of Achondroplasia, a type of short limbed dwarfism, on bone growth.","og_url":"https:\/\/achondroplasia.biomarin.com\/pt-br\/o-que-e-acondroplasia\/","og_site_name":"BioMarin ACH DSE Patient PT-BR","article_modified_time":"2024-09-10T16:22:06+00:00","twitter_card":"summary_large_image","schema":{"@context":"https:\/\/schema.org","@graph":[{"@type":"WebPage","@id":"https:\/\/achondroplasia.biomarin.com\/pt-br\/o-que-e-acondroplasia\/","url":"https:\/\/achondroplasia.biomarin.com\/pt-br\/o-que-e-acondroplasia\/","name":"O que \u00e9 Acondroplasia","isPartOf":{"@id":"https:\/\/achondroplasia.biomarin.com\/pt-br\/#website"},"datePublished":"2023-07-07T09:05:20+00:00","dateModified":"2024-09-10T16:22:06+00:00","description":"Find out about the genetic cause of this inherited condition and the impact of Achondroplasia, a type of short limbed dwarfism, on bone growth.","breadcrumb":{"@id":"https:\/\/achondroplasia.biomarin.com\/pt-br\/o-que-e-acondroplasia\/#breadcrumb"},"inLanguage":"pt-BR","potentialAction":[{"@type":"ReadAction","target":["https:\/\/achondroplasia.biomarin.com\/pt-br\/o-que-e-acondroplasia\/"]}]},{"@type":"BreadcrumbList","@id":"https:\/\/achondroplasia.biomarin.com\/pt-br\/o-que-e-acondroplasia\/#breadcrumb","itemListElement":[{"@type":"ListItem","position":1,"name":"Home","item":"https:\/\/achondroplasia.biomarin.com\/pt-br\/"},{"@type":"ListItem","position":2,"name":"O que \u00e9 Acondroplasia?"}]},{"@type":"WebSite","@id":"https:\/\/achondroplasia.biomarin.com\/pt-br\/#website","url":"https:\/\/achondroplasia.biomarin.com\/pt-br\/","name":"BioMarin ACH DSE Patient PT-BR","description":"","potentialAction":[{"@type":"SearchAction","target":{"@type":"EntryPoint","urlTemplate":"https:\/\/achondroplasia.biomarin.com\/pt-br\/?s={search_term_string}"},"query-input":{"@type":"PropertyValueSpecification","valueRequired":true,"valueName":"search_term_string"}}],"inLanguage":"pt-BR"}]}},"_links":{"self":[{"href":"https:\/\/achondroplasia.biomarin.com\/pt-br\/wp-json\/wp\/v2\/pages\/22","targetHints":{"allow":["GET"]}}],"collection":[{"href":"https:\/\/achondroplasia.biomarin.com\/pt-br\/wp-json\/wp\/v2\/pages"}],"about":[{"href":"https:\/\/achondroplasia.biomarin.com\/pt-br\/wp-json\/wp\/v2\/types\/page"}],"author":[{"embeddable":true,"href":"https:\/\/achondroplasia.biomarin.com\/pt-br\/wp-json\/wp\/v2\/users\/3"}],"replies":[{"embeddable":true,"href":"https:\/\/achondroplasia.biomarin.com\/pt-br\/wp-json\/wp\/v2\/comments?post=22"}],"version-history":[{"count":260,"href":"https:\/\/achondroplasia.biomarin.com\/pt-br\/wp-json\/wp\/v2\/pages\/22\/revisions"}],"predecessor-version":[{"id":2594,"href":"https:\/\/achondroplasia.biomarin.com\/pt-br\/wp-json\/wp\/v2\/pages\/22\/revisions\/2594"}],"wp:attachment":[{"href":"https:\/\/achondroplasia.biomarin.com\/pt-br\/wp-json\/wp\/v2\/media?parent=22"}],"curies":[{"name":"wp","href":"https:\/\/api.w.org\/{rel}","templated":true}]}}