{"id":11,"date":"2023-07-05T17:19:08","date_gmt":"2023-07-05T17:19:08","guid":{"rendered":"https:\/\/achdsepatient-dev-001.azurewebsites.net\/en-us\/?page_id=11"},"modified":"2024-09-10T15:27:21","modified_gmt":"2024-09-10T15:27:21","slug":"home","status":"publish","type":"page","link":"https:\/\/achondroplasia.biomarin.com\/pt-br\/","title":{"rendered":"Home"},"content":{"rendered":"<div id=\"acf-block-64a5a60c6bad1\" class=\"hero hero-no-overlay hero-large-first-para\">\n            <div class=\"hero-background-image hero-background-image-desktop\" style=\"background-image: url(https:\/\/achondroplasia.biomarin.com\/pt-br\/wp-content\/uploads\/sites\/15\/2024\/07\/Untitled-design-1.png?v=0.110);\"><\/div>\n\t    <div class=\"hero-background-image hero-background-image-mobile\" style=\"background-image: url(https:\/\/achondroplasia.biomarin.com\/pt-br\/wp-content\/uploads\/sites\/15\/2024\/09\/home_hero_ptbr_mobile.jpg?v=0.110);\"><\/div>\n    \t<div class=\"overlay\"><\/div>\n\t<div class=\"wrapper\">\n\t\t<div class=\"inner-wrapper\">\n\t\t\t<div class=\"hero-content\">\n\t\t\t    \t\t\t\t\t\t\t\t\t\t\t\t    <h1>Tudo come\u00e7a com o<br \/>\n<span style=\"color: #000000;text-transform: uppercase\">Conhecimento<\/span>\n<\/h1>\n\t\t\t\t\t\t\t\t\t\t\t\t    <p><span style=\"color: #0c455a\">Saiba mais sobre acondroplasia, seu manejo e os recursos dispon\u00edveis para voc\u00ea.<\/span><\/p>\n\t\t\t\t\t\t\t\t\n                <p class=\"inline-buttons\">\n                    \t\t\t\t        <a class=\"button button-download\" href=\"https:\/\/achondroplasia.biomarin.com\/pt-br\/wp-content\/uploads\/sites\/15\/2024\/07\/DIGITAL_O-QUE-E-ACONDROPLASIA_PT.pdf?v=0.110\" target=\"_blank\">Download dos Fatos<\/a>\t\t\t\t                                        <\/p>\n\t\t\t\t\t\t\t<\/div>\n\t\t<\/div>\n\t<\/div>\n<\/div>\n\n\n<div id=\"acf-block-64a7da67aa120\" class=\"block cards cards-3-col bg-band bg-band-tertiary block-zero-top block-zero-bottom block-remove-bottom-padding\">\n\t<div class=\"wrapper\">\n\t\t<div class=\"inner-wrapper\">\n\t\t\t<div class=\"cards-title\">\n\t\t\t    \t\t\t\t\t\t\t<\/div>\n\t\t\t<div class=\"cards-wrapper\">\n\t\t\t    \n<div id=\"acf-block-64a7da67aa88a\" class=\"card card-fixed-button\" data-muted-autoplay=\"false\">\n    \t    \n\n                    <img decoding=\"async\" class=\"card-image\" src=\"https:\/\/achondroplasia.biomarin.com\/pt-br\/wp-content\/uploads\/sites\/15\/2023\/07\/Facts_promo-v0.3.png?v=0.110\" alt=\"\" \/>        \n\t    <div class=\"card-content\">\n                            <h4>\n\n\nCONHE\u00c7A OS DETALHES\n\n\n\n<\/h4>\n        \n                                                                                                            <p>Saiba mais sobre o impacto no crescimento \u00f3sseo em todo o corpo.<\/p>\n                                                                                                                                                                                                                                                                        \n                                                                                        <\/div>\n                                <div class=\"card-actions\">\n                            \n                            <p><a class=\"button button-text button-arrow\" href=\"https:\/\/achondroplasia.biomarin.com\/pt-br\/o-que-e-acondroplasia\/\" target=\"_self\">CLIQUE E SAIBA MAIS<\/a><\/p>\n                                                                                    <\/div>\n<\/div>\n\n<div id=\"acf-block-64a7da67aa921\" class=\"card card-fixed-button\" data-muted-autoplay=\"false\">\n    \t    \n\n                    <img decoding=\"async\" class=\"card-image\" src=\"https:\/\/achondroplasia.biomarin.com\/pt-br\/wp-content\/uploads\/sites\/15\/2023\/07\/Expect_promo-v0.3.png?v=0.110\" alt=\"\" \/>        \n\t    <div class=\"card-content\">\n                            <h4>\n\n\nSAIBA O QUE ESPERAR\n\n\n\n<\/h4>\n        \n                                                                                                            \n\n\n<p>Veja os impactos na sa\u00fade funcional, emocional e f\u00edsica da pessoa com acondroplasia de acordo com a etapa da vida.<\/p>\n\n\n\n                                                                                                                                                                                                                                                                        \n                                                                                        <\/div>\n                                <div class=\"card-actions\">\n                            \n                            <p><a class=\"button button-text button-arrow\" href=\"https:\/\/achondroplasia.biomarin.com\/pt-br\/vivendo-com-acondroplasia\/\" target=\"_self\">CLIQUE E SAIBA MAIS<\/a><\/p>\n                                                                                    <\/div>\n<\/div>\n\n<div id=\"acf-block-64a7da67aa9b8\" class=\"card card-fixed-button\" data-muted-autoplay=\"false\">\n    \t    \n\n                    <img decoding=\"async\" class=\"card-image\" src=\"https:\/\/achondroplasia.biomarin.com\/pt-br\/wp-content\/uploads\/sites\/15\/2023\/07\/Action_promo-v0.3.png?v=0.110\" alt=\"\" \/>        \n\t    <div class=\"card-content\">\n                            <h4>\n\n\nO QUE FAZER E QUEM PROCURAR\n\n\n\n<\/h4>\n        \n                                                                                                            <p>Saiba como receber o aconselhamento necess\u00e1rio para ajudar com as poss\u00edveis complica\u00e7\u00f5es de maneira proativa.<\/p>\n                                                                                                                                                                                                                                                                        \n                                                                                        <\/div>\n                                <div class=\"card-actions\">\n                            \n                            <p><a class=\"button button-text\" href=\"https:\/\/achondroplasia.biomarin.com\/pt-br\/tratamento\/\" target=\"_self\">CLIQUE E SAIBA MAIS<\/a><\/p>\n                                                                                    <\/div>\n<\/div>\n\t\t\t<\/div>\n\t\t<\/div>\n\t<\/div>\n<\/div>\n\n<div id=\"acf-block-64e7cd80cf130\" class=\"block wrapped-content bg-band bg-band-tertiary block-zero-top block-zero-bottom block-remove-top-padding block-remove-bottom-padding\">\n    <div class=\"wrapper\">\n        <div class=\"inner-wrapper\">\n                \n<div id=\"acf-block-64e7cd80cf510\" class=\"block quote bg-tertiary quote-image\">\n    <div class=\"wrapper\">\n\t\t<div class=\"inner-wrapper\">\n\t\t\t<div class=\"box\">\n\t\t\t\t<div class=\"quote-content\">\n\t\t\t\t    \t\t\t\t\t    <div class=\"quote-image\" style=\"background-image: url(https:\/\/achondroplasia.biomarin.com\/pt-br\/wp-content\/uploads\/sites\/15\/2023\/09\/testimonial@2x_B_New.png?v=0.110);\"><\/div>\n\t\t\t\t\t\t\t\t\t\t<div class=\"content-block\">\n\t\t\t\t\t\t<blockquote>\n\t\t\t\t\t\t    \t\t\t\t\t\t\t    <p>\u201c\u00c9 importante receber as informa\u00e7\u00f5es apropriadas para que voc\u00ea possa tomar as decis\u00f5es certas para seu filho.&#8221;<\/p>\n\t\t\t\t\t\t\t\t\t\t\t\t\t\t\t\t\t\t\t\t\t    <cite>\u2013 Cuidador de uma crian\u00e7a com acondroplasia <\/cite>\n\t\t\t\t\t\t\t\t\t\t\t\t\t<\/blockquote>\n\t\t\t\t\t<\/div>\n\t\t\t\t<\/div>\n\t\t\t<\/div>\n\t\t<\/div>\n\t<\/div>\n<\/div>\n        <\/div>\n    <\/div>\n<\/div>\n\n<div id=\"acf-block-663117f5ea2a8\" class=\"card card-fixed-button card-centered\" data-muted-autoplay=\"false\">\n        <div class=\"card-content\">\n                            <h4>Fique por Dentro!\n<\/h4>\n        \n                                                                                                            <p>Inscreva-se para obter atualiza\u00e7\u00f5es sobre o que \u00e9 importante para voc\u00ea.<\/p>\n                                                                                                                                                                                                                                                                        \n                                                                                        <\/div>\n                                <div class=\"card-actions\">\n                            \n                            <p><a class=\"button\" href=\"https:\/\/achondroplasia.biomarin.com\/pt-br\/receba-atualizacoes\/\" target=\"_self\">RECEBA ATUALIZA\u00c7\u00d5ES<\/a><\/p>\n                                                                                    <\/div>\n<\/div>","protected":false},"excerpt":{"rendered":"","protected":false},"author":3,"featured_media":0,"parent":0,"menu_order":0,"comment_status":"closed","ping_status":"closed","template":"","meta":{"_acf_changed":false,"inline_featured_image":false,"footnotes":""},"class_list":["post-11","page","type-page","status-publish","hentry"],"acf":[],"yoast_head":"<!-- This site is optimized with the Yoast SEO plugin v27.4 - https:\/\/yoast.com\/product\/yoast-seo-wordpress\/ -->\n<title>Tudo come\u00e7a com o Conhecimento<\/title>\n<meta name=\"description\" content=\"Obtenha as informa\u00e7\u00f5es de que voc\u00ea precisa para cuidar de seu filho com acondroplasia, o tipo mais comum de nanismo.\" \/>\n<meta name=\"robots\" content=\"index, follow, max-snippet:-1, max-image-preview:large, max-video-preview:-1\" \/>\n<link rel=\"canonical\" href=\"https:\/\/achondroplasia.biomarin.com\/pt-br\/\" \/>\n<meta property=\"og:locale\" content=\"pt_BR\" \/>\n<meta property=\"og:type\" content=\"article\" \/>\n<meta property=\"og:title\" content=\"Tudo come\u00e7a com o Conhecimento\" \/>\n<meta property=\"og:description\" content=\"Obtenha as informa\u00e7\u00f5es de que voc\u00ea precisa para cuidar de seu filho com acondroplasia, o tipo mais comum de nanismo.\" \/>\n<meta property=\"og:url\" content=\"https:\/\/achondroplasia.biomarin.com\/pt-br\/\" \/>\n<meta property=\"og:site_name\" content=\"BioMarin ACH DSE Patient PT-BR\" \/>\n<meta property=\"article:modified_time\" content=\"2024-09-10T15:27:21+00:00\" \/>\n<meta name=\"twitter:card\" content=\"summary_large_image\" \/>\n<script type=\"application\/ld+json\" class=\"yoast-schema-graph\">{\"@context\":\"https:\\\/\\\/schema.org\",\"@graph\":[{\"@type\":\"WebPage\",\"@id\":\"https:\\\/\\\/achondroplasia.biomarin.com\\\/pt-br\\\/\",\"url\":\"https:\\\/\\\/achondroplasia.biomarin.com\\\/pt-br\\\/\",\"name\":\"Tudo come\u00e7a com o Conhecimento\",\"isPartOf\":{\"@id\":\"https:\\\/\\\/achondroplasia.biomarin.com\\\/pt-br\\\/#website\"},\"datePublished\":\"2023-07-05T17:19:08+00:00\",\"dateModified\":\"2024-09-10T15:27:21+00:00\",\"description\":\"Obtenha as informa\u00e7\u00f5es de que voc\u00ea precisa para cuidar de seu filho com acondroplasia, o tipo mais comum de nanismo.\",\"breadcrumb\":{\"@id\":\"https:\\\/\\\/achondroplasia.biomarin.com\\\/pt-br\\\/#breadcrumb\"},\"inLanguage\":\"pt-BR\",\"potentialAction\":[{\"@type\":\"ReadAction\",\"target\":[\"https:\\\/\\\/achondroplasia.biomarin.com\\\/pt-br\\\/\"]}]},{\"@type\":\"BreadcrumbList\",\"@id\":\"https:\\\/\\\/achondroplasia.biomarin.com\\\/pt-br\\\/#breadcrumb\",\"itemListElement\":[{\"@type\":\"ListItem\",\"position\":1,\"name\":\"Home\",\"item\":\"https:\\\/\\\/achondroplasia.biomarin.com\\\/pt-br\\\/\"},{\"@type\":\"ListItem\",\"position\":2,\"name\":\"Home\"}]},{\"@type\":\"WebSite\",\"@id\":\"https:\\\/\\\/achondroplasia.biomarin.com\\\/pt-br\\\/#website\",\"url\":\"https:\\\/\\\/achondroplasia.biomarin.com\\\/pt-br\\\/\",\"name\":\"BioMarin ACH DSE Patient PT-BR\",\"description\":\"\",\"potentialAction\":[{\"@type\":\"SearchAction\",\"target\":{\"@type\":\"EntryPoint\",\"urlTemplate\":\"https:\\\/\\\/achondroplasia.biomarin.com\\\/pt-br\\\/?s={search_term_string}\"},\"query-input\":{\"@type\":\"PropertyValueSpecification\",\"valueRequired\":true,\"valueName\":\"search_term_string\"}}],\"inLanguage\":\"pt-BR\"}]}<\/script>\n<!-- \/ Yoast SEO plugin. -->","yoast_head_json":{"title":"Tudo come\u00e7a com o Conhecimento","description":"Obtenha as informa\u00e7\u00f5es de que voc\u00ea precisa para cuidar de seu filho com acondroplasia, o tipo mais comum de nanismo.","robots":{"index":"index","follow":"follow","max-snippet":"max-snippet:-1","max-image-preview":"max-image-preview:large","max-video-preview":"max-video-preview:-1"},"canonical":"https:\/\/achondroplasia.biomarin.com\/pt-br\/","og_locale":"pt_BR","og_type":"article","og_title":"Tudo come\u00e7a com o Conhecimento","og_description":"Obtenha as informa\u00e7\u00f5es de que voc\u00ea precisa para cuidar de seu filho com acondroplasia, o tipo mais comum de nanismo.","og_url":"https:\/\/achondroplasia.biomarin.com\/pt-br\/","og_site_name":"BioMarin ACH DSE Patient PT-BR","article_modified_time":"2024-09-10T15:27:21+00:00","twitter_card":"summary_large_image","schema":{"@context":"https:\/\/schema.org","@graph":[{"@type":"WebPage","@id":"https:\/\/achondroplasia.biomarin.com\/pt-br\/","url":"https:\/\/achondroplasia.biomarin.com\/pt-br\/","name":"Tudo come\u00e7a com o Conhecimento","isPartOf":{"@id":"https:\/\/achondroplasia.biomarin.com\/pt-br\/#website"},"datePublished":"2023-07-05T17:19:08+00:00","dateModified":"2024-09-10T15:27:21+00:00","description":"Obtenha as informa\u00e7\u00f5es de que voc\u00ea precisa para cuidar de seu filho com acondroplasia, o tipo mais comum de nanismo.","breadcrumb":{"@id":"https:\/\/achondroplasia.biomarin.com\/pt-br\/#breadcrumb"},"inLanguage":"pt-BR","potentialAction":[{"@type":"ReadAction","target":["https:\/\/achondroplasia.biomarin.com\/pt-br\/"]}]},{"@type":"BreadcrumbList","@id":"https:\/\/achondroplasia.biomarin.com\/pt-br\/#breadcrumb","itemListElement":[{"@type":"ListItem","position":1,"name":"Home","item":"https:\/\/achondroplasia.biomarin.com\/pt-br\/"},{"@type":"ListItem","position":2,"name":"Home"}]},{"@type":"WebSite","@id":"https:\/\/achondroplasia.biomarin.com\/pt-br\/#website","url":"https:\/\/achondroplasia.biomarin.com\/pt-br\/","name":"BioMarin ACH DSE Patient PT-BR","description":"","potentialAction":[{"@type":"SearchAction","target":{"@type":"EntryPoint","urlTemplate":"https:\/\/achondroplasia.biomarin.com\/pt-br\/?s={search_term_string}"},"query-input":{"@type":"PropertyValueSpecification","valueRequired":true,"valueName":"search_term_string"}}],"inLanguage":"pt-BR"}]}},"_links":{"self":[{"href":"https:\/\/achondroplasia.biomarin.com\/pt-br\/wp-json\/wp\/v2\/pages\/11","targetHints":{"allow":["GET"]}}],"collection":[{"href":"https:\/\/achondroplasia.biomarin.com\/pt-br\/wp-json\/wp\/v2\/pages"}],"about":[{"href":"https:\/\/achondroplasia.biomarin.com\/pt-br\/wp-json\/wp\/v2\/types\/page"}],"author":[{"embeddable":true,"href":"https:\/\/achondroplasia.biomarin.com\/pt-br\/wp-json\/wp\/v2\/users\/3"}],"replies":[{"embeddable":true,"href":"https:\/\/achondroplasia.biomarin.com\/pt-br\/wp-json\/wp\/v2\/comments?post=11"}],"version-history":[{"count":244,"href":"https:\/\/achondroplasia.biomarin.com\/pt-br\/wp-json\/wp\/v2\/pages\/11\/revisions"}],"predecessor-version":[{"id":2592,"href":"https:\/\/achondroplasia.biomarin.com\/pt-br\/wp-json\/wp\/v2\/pages\/11\/revisions\/2592"}],"wp:attachment":[{"href":"https:\/\/achondroplasia.biomarin.com\/pt-br\/wp-json\/wp\/v2\/media?parent=11"}],"curies":[{"name":"wp","href":"https:\/\/api.w.org\/{rel}","templated":true}]}}