{"id":6,"date":"2023-09-25T17:03:15","date_gmt":"2023-09-25T17:03:15","guid":{"rendered":"https:\/\/achdsepatient-dev-001.azurewebsites.net\/pt-br-i\/?page_id=6"},"modified":"2025-01-23T11:13:22","modified_gmt":"2025-01-23T11:13:22","slug":"home","status":"publish","type":"page","link":"https:\/\/achondroplasia.biomarin.com\/pt-br\/minhahistoriavaialem\/","title":{"rendered":"Home"},"content":{"rendered":"<div id=\"acf-block-670e6c8c4fe1f\" class=\"hero hero-no-overlay\">\n            <div class=\"hero-background-image hero-background-image-desktop\" style=\"background-image: url(https:\/\/achondroplasia.biomarin.com\/pt-br\/minhahistoriavaialem\/wp-content\/uploads\/sites\/9\/2024\/10\/Homepage_BrunoCarra_1920x1080-PT-BR-1920x800.jpg);\"><\/div>\n\t    <div class=\"hero-background-image hero-background-image-mobile\" style=\"background-image: url(https:\/\/achondroplasia.biomarin.com\/pt-br\/minhahistoriavaialem\/wp-content\/uploads\/sites\/9\/2024\/10\/mobile_bg.png?v=0.371);\"><\/div>\n    \t<div class=\"overlay\"><\/div>\n\t<div class=\"wrapper\">\n\t\t<div class=\"inner-wrapper\">\n\t\t\t<div class=\"hero-content\">\n\t\t\t    \t\t\t\t\t\t\t\t\t\t\t\t    <h1>Quem vive com acondroplasia tem hist\u00f3rias que v\u00e3o al\u00e9m do que se v\u00ea\n<\/h1>\n\t\t\t\t\t\t\t\t\t\t\t\t    <p class=\"p2\">A acondroplasia \u00e9 o tipo mais comum de nanismo e a sua caracter\u00edstica mais conhecida \u00e9 a baixa estatura. Por\u00e9m, a acondroplasia vai muito al\u00e9m disso e envolve outras complica\u00e7\u00f5es e problemas de sa\u00fade. Conhe\u00e7a mais sobre a doen\u00e7a e as hist\u00f3rias de pessoas com acondroplasia e fa\u00e7a parte desta campanha pela informa\u00e7\u00e3o.<\/p>\n\t\t\t\t\t\t\t\t\n                <p class=\"inline-buttons\">\n                    \t\t\t\t        <a class=\"button button-arrow\" href=\"https:\/\/achondroplasia.biomarin.com\/pt-br\/minhahistoriavaialem\/achondroplasia\/\" target=\"_self\">Conhe\u00e7a a acondroplasia<\/a>\t\t\t\t                                        <\/p>\n\t\t\t\t\t\t\t<\/div>\n\t\t<\/div>\n\t<\/div>\n<\/div>\n\n\n<div id=\"acf-block-651615558a7d4\" class=\"block split-content equal-bias bg-band bg-band-white bottom-border block-zero-top block-zero-bottom block-remove-bottom-padding\" data-muted-autoplay=\"false\">\n\t<div class=\"wrapper\">\n\t\t<div class=\"inner-wrapper\">\n\t\t                                                                <div class=\"content-block first-block\">\n                                                                                                                                                                                                                                                <div class=\"video-poster\">\n\t\t\t                            <a class=\"modal-video permitted\" href=\"http:\/\/player.vimeo.com\/video\/1022659357\" style=\"background-image: url(https:\/\/achondroplasia.biomarin.com\/pt-br\/minhahistoriavaialem\/wp-content\/uploads\/sites\/9\/2024\/11\/Video-thumbnail.png?v=0.371);\">Play<\/a>\n\t\t                            <\/div>\n                                    \n                                                                                                                    \n                                                                                                                \n\t\t                                                                            <\/div>\n                    \n                                            <div class=\"content-block second-block\">\n                                                                                                <h3>UMA CAMPANHA BASEADA EM HIST\u00d3RIAS REAIS<\/h3>\n<p class=\"p2\">Minha Hist\u00f3ria Vai Al\u00e9m apresenta vidas extraordin\u00e1rias de pessoas com acondroplasia, destacando suas jornadas \u00fanicas de supera\u00e7\u00e3o. Em 60 segundos, conhe\u00e7a relatos emocionantes que mostram que viver com acondroplasia \u00e9 muito mais do que enfrentar uma condi\u00e7\u00e3o gen\u00e9tica &#8211; \u00e9 seguir al\u00e9m dos limites e expectativas.<\/p>\n                                                                                    <\/div>\n                                                \t\t<\/div>\n\t<\/div>\n<\/div>\n\n<div id=\"acf-block-651615558a8f2\" class=\"block split-content equal-bias bg-band bg-band-primary block-zero-top block-zero-bottom\" data-muted-autoplay=\"false\">\n\t<div class=\"wrapper\">\n\t\t<div class=\"inner-wrapper\">\n\t\t                                                                <div class=\"content-block first-block\">\n                                                                                                <h3>OUTRAS HIST\u00d3RIAS QUE V\u00c3O AL\u00c9M<\/h3>\n<p class=\"p2\">Conhe\u00e7a as hist\u00f3rias que v\u00e3o al\u00e9m da curva de outras pessoas e de fam\u00edlias com acondroplasia. Apesar dos medos e dos desafios em rela\u00e7\u00e3o a doen\u00e7a, isso n\u00e3o os impede de serem protagonistas das suas pr\u00f3prias hist\u00f3rias.<\/p>\n                                                                                                                                                                                                                                                                                                                                                                                                                                                                        <p><a class=\"button button-ghost button-arrow\" href=\"https:\/\/achondroplasia.biomarin.com\/pt-br\/minhahistoriavaialem\/historias\/\" target=\"_self\">Conhe\u00e7a nossos protagonistas<\/a><\/p>\n                                                                                                                        <\/div>\n                    \n                                            <div class=\"content-block second-block\">\n                                                                                                                                                                                                                                                                                    \n                                    \n                                    \n                                    \n                                    <figure>\n                                        <div class=\"image\">\n                                                                                            <img decoding=\"async\" class=\"\" src=\"https:\/\/achondroplasia.biomarin.com\/pt-br\/minhahistoriavaialem\/wp-content\/uploads\/sites\/9\/2024\/10\/Banner_LP_Other-Interviews-1.png?v=0.371\" alt=\"\" \/>                                                                                    <\/div>\n                                                                            <\/figure>\n                                                                                    <\/div>\n                                                \t\t<\/div>\n\t<\/div>\n<\/div>\n\n<div id=\"acf-block-651615558abe8\" class=\"block wrapped-content bg-band bg-band-white block-zero-top block-zero-bottom\">\n    <div class=\"wrapper\">\n        <div class=\"inner-wrapper\">\n                \n<div id=\"acf-block-651615558ad8e\" class=\"block-wysiwyg\">\n            <h2 style=\"text-align: center\">APOIO<\/h2>\n    <\/div>\n\n<figure id=\"acf-block-651f56d3c6f79\">\n    <div class=\"image image-responsive image-rounded image-align-left\">\n                    <div class=\"image-desktop\">\n\t\t\t    <img decoding=\"async\" class=\"\" src=\"https:\/\/achondroplasia.biomarin.com\/pt-br\/minhahistoriavaialem\/wp-content\/uploads\/sites\/9\/2025\/01\/240121-Logos-1900x152.jpg\" alt=\"\" \/>\t\t\t<\/div>\n\t\t\t<div class=\"image-mobile\">\n\t\t\t    <img decoding=\"async\" class=\"\" src=\"https:\/\/achondroplasia.biomarin.com\/pt-br\/minhahistoriavaialem\/wp-content\/uploads\/sites\/9\/2025\/01\/240121-New-mobile-logos.jpg?v=0.371\" alt=\"\" \/>\t\t\t<\/div>\n            <\/div>\n    <\/figure>\n        <\/div>\n    <\/div>\n<\/div>","protected":false},"excerpt":{"rendered":"","protected":false},"author":1,"featured_media":0,"parent":0,"menu_order":0,"comment_status":"closed","ping_status":"closed","template":"","meta":{"_acf_changed":false,"inline_featured_image":false,"footnotes":""},"class_list":["post-6","page","type-page","status-publish","hentry"],"acf":[],"yoast_head":"<!-- This site is optimized with the Yoast SEO plugin v27.1.1 - https:\/\/yoast.com\/product\/yoast-seo-wordpress\/ -->\n<title>Minha Hist\u00f3ria Vai Al\u00e9m \u2013 BioMarin<\/title>\n<meta name=\"description\" content=\"Conhe\u00e7a mais sobre a acondroplasia, tipo mais comum de nanismo, atrav\u00e9s da campanha Minha Hist\u00f3ria Vai Al\u00e9m\" \/>\n<meta name=\"robots\" content=\"index, follow, max-snippet:-1, max-image-preview:large, max-video-preview:-1\" \/>\n<link rel=\"canonical\" href=\"https:\/\/achondroplasia.biomarin.com\/pt-br\/minhahistoriavaialem\/\" \/>\n<meta property=\"og:locale\" content=\"pt_BR\" \/>\n<meta property=\"og:type\" content=\"article\" \/>\n<meta property=\"og:title\" content=\"Minha Hist\u00f3ria Vai Al\u00e9m \u2013 BioMarin\" \/>\n<meta property=\"og:description\" content=\"Conhe\u00e7a mais sobre a acondroplasia, tipo mais comum de nanismo, atrav\u00e9s da campanha Minha Hist\u00f3ria Vai Al\u00e9m\" \/>\n<meta property=\"og:url\" content=\"https:\/\/achondroplasia.biomarin.com\/pt-br\/minhahistoriavaialem\/\" \/>\n<meta property=\"og:site_name\" content=\"Minha Hist\u00f3ria Vai Al\u00e9m - BioMarin\" \/>\n<meta property=\"article:modified_time\" content=\"2025-01-23T11:13:22+00:00\" \/>\n<meta name=\"twitter:card\" content=\"summary_large_image\" \/>\n<meta name=\"twitter:title\" content=\"Minha Hist\u00f3ria Vai Al\u00e9m \u2013 BioMarin\" \/>\n<meta name=\"twitter:description\" content=\"Conhe\u00e7a mais sobre a acondroplasia, tipo mais comum de nanismo, atrav\u00e9s da campanha Minha Hist\u00f3ria Vai Al\u00e9m\" \/>\n<script type=\"application\/ld+json\" class=\"yoast-schema-graph\">{\"@context\":\"https:\/\/schema.org\",\"@graph\":[{\"@type\":\"WebPage\",\"@id\":\"https:\/\/achondroplasia.biomarin.com\/pt-br\/minhahistoriavaialem\/\",\"url\":\"https:\/\/achondroplasia.biomarin.com\/pt-br\/minhahistoriavaialem\/\",\"name\":\"Minha Hist\u00f3ria Vai Al\u00e9m \u2013 BioMarin\",\"isPartOf\":{\"@id\":\"https:\/\/achondroplasia.biomarin.com\/pt-br\/minhahistoriavaialem\/#website\"},\"datePublished\":\"2023-09-25T17:03:15+00:00\",\"dateModified\":\"2025-01-23T11:13:22+00:00\",\"description\":\"Conhe\u00e7a mais sobre a acondroplasia, tipo mais comum de nanismo, atrav\u00e9s da campanha Minha Hist\u00f3ria Vai Al\u00e9m\",\"breadcrumb\":{\"@id\":\"https:\/\/achondroplasia.biomarin.com\/pt-br\/minhahistoriavaialem\/#breadcrumb\"},\"inLanguage\":\"pt-BR\",\"potentialAction\":[{\"@type\":\"ReadAction\",\"target\":[\"https:\/\/achondroplasia.biomarin.com\/pt-br\/minhahistoriavaialem\/\"]}]},{\"@type\":\"BreadcrumbList\",\"@id\":\"https:\/\/achondroplasia.biomarin.com\/pt-br\/minhahistoriavaialem\/#breadcrumb\",\"itemListElement\":[{\"@type\":\"ListItem\",\"position\":1,\"name\":\"Home\",\"item\":\"https:\/\/achondroplasia.biomarin.com\/pt-br\/minhahistoriavaialem\/\"},{\"@type\":\"ListItem\",\"position\":2,\"name\":\"Home\"}]},{\"@type\":\"WebSite\",\"@id\":\"https:\/\/achondroplasia.biomarin.com\/pt-br\/minhahistoriavaialem\/#website\",\"url\":\"https:\/\/achondroplasia.biomarin.com\/pt-br\/minhahistoriavaialem\/\",\"name\":\"Minha Hist\u00f3ria Vai Al\u00e9m - BioMarin\",\"description\":\"\",\"potentialAction\":[{\"@type\":\"SearchAction\",\"target\":{\"@type\":\"EntryPoint\",\"urlTemplate\":\"https:\/\/achondroplasia.biomarin.com\/pt-br\/minhahistoriavaialem\/?s={search_term_string}\"},\"query-input\":{\"@type\":\"PropertyValueSpecification\",\"valueRequired\":true,\"valueName\":\"search_term_string\"}}],\"inLanguage\":\"pt-BR\"}]}<\/script>\n<!-- \/ Yoast SEO plugin. -->","yoast_head_json":{"title":"Minha Hist\u00f3ria Vai Al\u00e9m \u2013 BioMarin","description":"Conhe\u00e7a mais sobre a acondroplasia, tipo mais comum de nanismo, atrav\u00e9s da campanha Minha Hist\u00f3ria Vai Al\u00e9m","robots":{"index":"index","follow":"follow","max-snippet":"max-snippet:-1","max-image-preview":"max-image-preview:large","max-video-preview":"max-video-preview:-1"},"canonical":"https:\/\/achondroplasia.biomarin.com\/pt-br\/minhahistoriavaialem\/","og_locale":"pt_BR","og_type":"article","og_title":"Minha Hist\u00f3ria Vai Al\u00e9m \u2013 BioMarin","og_description":"Conhe\u00e7a mais sobre a acondroplasia, tipo mais comum de nanismo, atrav\u00e9s da campanha Minha Hist\u00f3ria Vai Al\u00e9m","og_url":"https:\/\/achondroplasia.biomarin.com\/pt-br\/minhahistoriavaialem\/","og_site_name":"Minha Hist\u00f3ria Vai Al\u00e9m - BioMarin","article_modified_time":"2025-01-23T11:13:22+00:00","twitter_card":"summary_large_image","twitter_title":"Minha Hist\u00f3ria Vai Al\u00e9m \u2013 BioMarin","twitter_description":"Conhe\u00e7a mais sobre a acondroplasia, tipo mais comum de nanismo, atrav\u00e9s da campanha Minha Hist\u00f3ria Vai Al\u00e9m","schema":{"@context":"https:\/\/schema.org","@graph":[{"@type":"WebPage","@id":"https:\/\/achondroplasia.biomarin.com\/pt-br\/minhahistoriavaialem\/","url":"https:\/\/achondroplasia.biomarin.com\/pt-br\/minhahistoriavaialem\/","name":"Minha Hist\u00f3ria Vai Al\u00e9m \u2013 BioMarin","isPartOf":{"@id":"https:\/\/achondroplasia.biomarin.com\/pt-br\/minhahistoriavaialem\/#website"},"datePublished":"2023-09-25T17:03:15+00:00","dateModified":"2025-01-23T11:13:22+00:00","description":"Conhe\u00e7a mais sobre a acondroplasia, tipo mais comum de nanismo, atrav\u00e9s da campanha Minha Hist\u00f3ria Vai Al\u00e9m","breadcrumb":{"@id":"https:\/\/achondroplasia.biomarin.com\/pt-br\/minhahistoriavaialem\/#breadcrumb"},"inLanguage":"pt-BR","potentialAction":[{"@type":"ReadAction","target":["https:\/\/achondroplasia.biomarin.com\/pt-br\/minhahistoriavaialem\/"]}]},{"@type":"BreadcrumbList","@id":"https:\/\/achondroplasia.biomarin.com\/pt-br\/minhahistoriavaialem\/#breadcrumb","itemListElement":[{"@type":"ListItem","position":1,"name":"Home","item":"https:\/\/achondroplasia.biomarin.com\/pt-br\/minhahistoriavaialem\/"},{"@type":"ListItem","position":2,"name":"Home"}]},{"@type":"WebSite","@id":"https:\/\/achondroplasia.biomarin.com\/pt-br\/minhahistoriavaialem\/#website","url":"https:\/\/achondroplasia.biomarin.com\/pt-br\/minhahistoriavaialem\/","name":"Minha Hist\u00f3ria Vai Al\u00e9m - BioMarin","description":"","potentialAction":[{"@type":"SearchAction","target":{"@type":"EntryPoint","urlTemplate":"https:\/\/achondroplasia.biomarin.com\/pt-br\/minhahistoriavaialem\/?s={search_term_string}"},"query-input":{"@type":"PropertyValueSpecification","valueRequired":true,"valueName":"search_term_string"}}],"inLanguage":"pt-BR"}]}},"_links":{"self":[{"href":"https:\/\/achondroplasia.biomarin.com\/pt-br\/minhahistoriavaialem\/wp-json\/wp\/v2\/pages\/6","targetHints":{"allow":["GET"]}}],"collection":[{"href":"https:\/\/achondroplasia.biomarin.com\/pt-br\/minhahistoriavaialem\/wp-json\/wp\/v2\/pages"}],"about":[{"href":"https:\/\/achondroplasia.biomarin.com\/pt-br\/minhahistoriavaialem\/wp-json\/wp\/v2\/types\/page"}],"author":[{"embeddable":true,"href":"https:\/\/achondroplasia.biomarin.com\/pt-br\/minhahistoriavaialem\/wp-json\/wp\/v2\/users\/1"}],"replies":[{"embeddable":true,"href":"https:\/\/achondroplasia.biomarin.com\/pt-br\/minhahistoriavaialem\/wp-json\/wp\/v2\/comments?post=6"}],"version-history":[{"count":255,"href":"https:\/\/achondroplasia.biomarin.com\/pt-br\/minhahistoriavaialem\/wp-json\/wp\/v2\/pages\/6\/revisions"}],"predecessor-version":[{"id":562,"href":"https:\/\/achondroplasia.biomarin.com\/pt-br\/minhahistoriavaialem\/wp-json\/wp\/v2\/pages\/6\/revisions\/562"}],"wp:attachment":[{"href":"https:\/\/achondroplasia.biomarin.com\/pt-br\/minhahistoriavaialem\/wp-json\/wp\/v2\/media?parent=6"}],"curies":[{"name":"wp","href":"https:\/\/api.w.org\/{rel}","templated":true}]}}