{"id":11,"date":"2023-07-05T17:19:08","date_gmt":"2023-07-05T17:19:08","guid":{"rendered":"https:\/\/achdsepatient-dev-001.azurewebsites.net\/en-us\/?page_id=11"},"modified":"2025-07-28T13:10:57","modified_gmt":"2025-07-28T13:10:57","slug":"home","status":"publish","type":"page","link":"https:\/\/achondroplasia.biomarin.com\/fr-fr\/","title":{"rendered":"Home"},"content":{"rendered":"<div id=\"acf-block-64a5a60c6bad1\" class=\"hero hero-no-overlay\">\n            <div class=\"hero-background-image hero-background-image-desktop\" style=\"background-image: url(https:\/\/achondroplasia.biomarin.com\/fr-fr\/wp-content\/uploads\/sites\/22\/2023\/07\/care_hero.jpg?v=0.110);\"><\/div>\n\t    <div class=\"hero-background-image hero-background-image-mobile\" style=\"background-image: url(https:\/\/achondroplasia.biomarin.com\/fr-fr\/wp-content\/uploads\/sites\/22\/2023\/09\/care_mobile_hero@2x.png?v=0.110);\"><\/div>\n    \t<div class=\"overlay\"><\/div>\n\t<div class=\"wrapper\">\n\t\t<div class=\"inner-wrapper\">\n\t\t\t<div class=\"hero-content\">\n\t\t\t    \t\t\t\t\t\t\t\t\t\t\t\t    <h1>Se soigner, cela commence<br \/>\n<span style=\"color: #000000\">PAR S&rsquo;INFORMER<\/span>\n<\/h1>\n\t\t\t\t\t\t\t\t\t\t\t\t    <p><span style=\"color: #0c455a\">Informez-vous sur l&rsquo;achondroplasia, sa prise en charge et les ressources disponibles.<\/span><\/p>\n\t\t\t\t\t\t\t\t\n                <p class=\"inline-buttons\">\n                    \t\t\t\t        <a class=\"button\" href=\"https:\/\/achondroplasia.biomarin.com\/fr-fr\/resources\/\" target=\"_self\">VOIR LES RESSOURCES<\/a>\t\t\t\t                                        <\/p>\n\t\t\t\t\t\t\t<\/div>\n\t\t<\/div>\n\t<\/div>\n<\/div>\n\n\n<div id=\"acf-block-64a7da67aa120\" class=\"block cards cards-3-col bg-band bg-band-tertiary block-zero-top block-zero-bottom block-remove-bottom-padding\">\n\t<div class=\"wrapper\">\n\t\t<div class=\"inner-wrapper\">\n\t\t\t<div class=\"cards-title\">\n\t\t\t    \t\t\t\t\t\t\t<\/div>\n\t\t\t<div class=\"cards-wrapper\">\n\t\t\t    \n<div id=\"acf-block-64a7da67aa88a\" class=\"card card-fixed-button\" data-muted-autoplay=\"false\">\n    \t    \n\n                    <img decoding=\"async\" class=\"card-image\" src=\"https:\/\/achondroplasia.biomarin.com\/fr-fr\/wp-content\/uploads\/sites\/22\/2023\/07\/Facts_promo-v0.3.png?v=0.110\" alt=\"\" \/>        \n\t    <div class=\"card-content\">\n                            <h4>Connaitre les faits\n<\/h4>\n        \n                                                                                                            <p>D\u00e9couvrez les consequences de l&rsquo;achondroplasie sur la croissance osseuse dans l&rsquo;ensemble du corps.<\/p>\n                                                                                                                                                                                                                                                                        \n                                                                                        <\/div>\n                                <div class=\"card-actions\">\n                            \n                            <p><a class=\"button button-text button-arrow\" href=\"https:\/\/achondroplasia.biomarin.com\/fr-fr\/what-is-achondroplasia\/\" target=\"_self\">Plus<\/a><\/p>\n                                                                                    <\/div>\n<\/div>\n\n<div id=\"acf-block-64a7da67aa921\" class=\"card card-fixed-button\" data-muted-autoplay=\"false\">\n    \t    \n\n                    <img decoding=\"async\" class=\"card-image\" src=\"https:\/\/achondroplasia.biomarin.com\/fr-fr\/wp-content\/uploads\/sites\/22\/2023\/07\/Expect_promo-v0.3.png?v=0.110\" alt=\"\" \/>        \n\t    <div class=\"card-content\">\n                            <h4>Savoir a quoi s&rsquo;attendre\n<\/h4>\n        \n                                                                                                            <p>Informez-vous sur les effets de l&rsquo;achondroplasie sur la sante fonctionnelle, \u00e9motionnelle et physique tout au long de la vie.<\/p>\n                                                                                                                                                                                                                                                                        \n                                                                                        <\/div>\n                                <div class=\"card-actions\">\n                            \n                            <p><a class=\"button button-text button-arrow\" href=\"https:\/\/achondroplasia.biomarin.com\/fr-fr\/living-with-achondroplasia\/\" target=\"_self\">Plus<\/a><\/p>\n                                                                                    <\/div>\n<\/div>\n\n<div id=\"acf-block-64a7da67aa9b8\" class=\"card card-fixed-button\" data-muted-autoplay=\"false\">\n    \t    \n\n                    <img decoding=\"async\" class=\"card-image\" src=\"https:\/\/achondroplasia.biomarin.com\/fr-fr\/wp-content\/uploads\/sites\/22\/2023\/07\/Action_promo-v0.3.png?v=0.110\" alt=\"\" \/>        \n\t    <div class=\"card-content\">\n                            <h4>Agir\n<\/h4>\n        \n                                                                                                            <p>B\u00e9n\u00e9ficiez des soins sp\u00e9cialis\u00e9s n\u00e9cessaires pour vous aider \u00e0 g\u00e9rer les \u00e9ventuelles complications de fa\u00e7on proactive.<\/p>\n                                                                                                                                                                                                                                                                        \n                                                                                        <\/div>\n                                <div class=\"card-actions\">\n                            \n                            <p><a class=\"button button-text button-arrow\" href=\"https:\/\/achondroplasia.biomarin.com\/fr-fr\/care\/\" target=\"_self\">Plus<\/a><\/p>\n                                                                                    <\/div>\n<\/div>\n\t\t\t<\/div>\n\t\t<\/div>\n\t<\/div>\n<\/div>\n\n<div id=\"acf-block-64e7cd80cf130\" class=\"block wrapped-content bg-band bg-band-tertiary block-zero-top block-zero-bottom block-remove-top-padding block-remove-bottom-padding\">\n    <div class=\"wrapper\">\n        <div class=\"inner-wrapper\">\n                \n<div id=\"acf-block-64e7cd80cf510\" class=\"block quote bg-tertiary quote-image\">\n    <div class=\"wrapper\">\n\t\t<div class=\"inner-wrapper\">\n\t\t\t<div class=\"box\">\n\t\t\t\t<div class=\"quote-content\">\n\t\t\t\t    \t\t\t\t\t    <div class=\"quote-image\" style=\"background-image: url(https:\/\/achondroplasia.biomarin.com\/fr-fr\/wp-content\/uploads\/sites\/22\/2023\/09\/testimonial@2x_B_New.png?v=0.110);\"><\/div>\n\t\t\t\t\t\t\t\t\t\t<div class=\"content-block\">\n\t\t\t\t\t\t<blockquote>\n\t\t\t\t\t\t    \t\t\t\t\t\t\t    <p>\u00catre bien inform\u00e9, c&rsquo;est essentiel pour prendre les bonnes d\u00e9cisions pour votre enfant.<\/p>\n\t\t\t\t\t\t\t\t\t\t\t\t\t\t\t\t\t\t\t\t\t    <cite>\u2013 Aidant d&rsquo;un enfant atteint d&rsquo;achondroplasie <\/cite>\n\t\t\t\t\t\t\t\t\t\t\t\t\t<\/blockquote>\n\t\t\t\t\t<\/div>\n\t\t\t\t<\/div>\n\t\t\t<\/div>\n\t\t<\/div>\n\t<\/div>\n<\/div>\n        <\/div>\n    <\/div>\n<\/div>\n\n<div id=\"acf-block-6745beb6b6d9f\" class=\"block featured-resources-listing\">\n\t<div class=\"wrapper\">\n\t\t<div class=\"inner-wrapper\">\n                            <div class=\"listing-title\">\n                                            <h2>Derni\u00e8res ressources\n<\/h2>\n                                                        <\/div>\n\t\t\t\t\t\t                                                                    \n                    \n                    \n                                                                                                                                                                                                                                                \n                                                                                        \n                                        <article class=\"resource resource-article\">\n                                                    <p class=\"resource-type\">t\u00e9l\u00e9charger<\/p>\n                                                <div class=\"resource-image\">\n                                                            <div class=\"resource-feature-image\" style=\"background-image: url(https:\/\/achondroplasia.biomarin.com\/fr-fr\/wp-content\/uploads\/sites\/22\/2024\/12\/img-hero-1-2-1.svg);\"><\/div>\n                                                                                <\/div>\n                        <div class=\"resource-information\">\n                                                                                                                    <h2>InTheKnow : questions fr\u00e9quemment pos\u00e9es\n<\/h2>\n                                                                                        <p>La section des questions fr\u00e9quemment pos\u00e9es du site InTheKnow r\u00e9pondra \u00e0 toutes vos questions concernant la vie avec l&rsquo;achondroplasie, le diagnostic et la prise en charge de la maladie.<\/p>\n                                                    <\/div>\n\n                                                                                                                                                                                                        <p><a class=\"button\" href=\"https:\/\/achondroplasia.biomarin.com\/fr-fr\/wp-content\/uploads\/sites\/22\/2024\/12\/73031028-InTheKnow-Resource_FAQs-AW2-1.pdf?v=0.110\" target=\"_blank\">T\u00e9l\u00e9charger<\/a><\/p>\n                                                                    <\/article>\n                                                        \n                    \n                    \n                                                                                                                                                                                                                                                \n                                                                                        \n                                        <article class=\"resource resource-article\">\n                                                    <p class=\"resource-type\">t\u00e9l\u00e9charger<\/p>\n                                                <div class=\"resource-image\">\n                                                            <div class=\"resource-feature-image\" style=\"background-image: url(https:\/\/achondroplasia.biomarin.com\/fr-fr\/wp-content\/uploads\/sites\/22\/2024\/12\/PEP-Jackson-BrushingTeeth.svg);\"><\/div>\n                                                                                <\/div>\n                        <div class=\"resource-information\">\n                                                                                                                    <h2>InTheKnow : glossaire\n<\/h2>\n                                                                                        <p>Consultez le glossaire du site InTheKnow pour conna\u00eetre les principaux termes et expressions utilis\u00e9s en lien avec l&rsquo;achondroplasie.<\/p>\n                                                    <\/div>\n\n                                                                                                                                                                                                        <p><a class=\"button\" href=\"https:\/\/achondroplasia.biomarin.com\/fr-fr\/wp-content\/uploads\/sites\/22\/2024\/12\/ACH_In-the-Know-Caregiver-Patient-DSE-Website-Glossary-Resource_INTL_A4_240821-1.pdf?v=0.110\" target=\"_blank\">T\u00e9l\u00e9charger<\/a><\/p>\n                                                                    <\/article>\n                            \t\t<\/div>\n\t<\/div>\n<\/div>\n\n<div id=\"acf-block-675c48aedb8b7\" class=\"block call-to-action call-to-action-no-bg\">\n    <div class=\"wrapper\">\n\t\t<div class=\"inner-wrapper\">\n\t\t\t<div class=\"box\" style=\"\">\n\t\t\t\t<div class=\"overlay\"><\/div>\n\t\t\t\t<div class=\"cta-content\">\n\t\t\t\t    \t\t\t\t\t<div class=\"cta-content-main\">\n                        <div class=\"content-block\">\n\t\t\t\t\t        \t\t\t\t\t        \t\t\t\t\t\t    \t\t\t\t\t    <\/div>\n\t\t\t\t\t                                <div class=\"content-block\">\n                                <p><a class=\"button button-ghost\" href=\"https:\/\/achondroplasia.biomarin.com\/fr-fr\/resources\/\" target=\"_self\">AFFICHER TOUTES LES RESSOURCES<\/a><\/p>\n                            <\/div>\n\t\t\t\t\t                        <\/div>\n\t\t\t\t<\/div>\n\t\t\t<\/div>\n\t\t<\/div>\n\t<\/div>\n<\/div>","protected":false},"excerpt":{"rendered":"","protected":false},"author":3,"featured_media":0,"parent":0,"menu_order":0,"comment_status":"closed","ping_status":"closed","template":"","meta":{"_acf_changed":false,"inline_featured_image":false,"footnotes":""},"class_list":["post-11","page","type-page","status-publish","hentry"],"acf":[],"yoast_head":"<!-- This site is optimized with the Yoast SEO plugin v27.1.1 - https:\/\/yoast.com\/product\/yoast-seo-wordpress\/ -->\n<title>Achondroplasia, a Type of Dwarfism | Facts and Resources<\/title>\n<meta name=\"description\" content=\"Learn more about Achondroplasia, its management, and the resources available to you. Get the facts, know what to expect and take action.\" \/>\n<meta name=\"robots\" content=\"index, follow, max-snippet:-1, max-image-preview:large, max-video-preview:-1\" \/>\n<link rel=\"canonical\" href=\"https:\/\/achondroplasia.biomarin.com\/fr-fr\/\" \/>\n<meta property=\"og:locale\" content=\"fr_FR\" \/>\n<meta property=\"og:type\" content=\"article\" \/>\n<meta property=\"og:title\" content=\"Achondroplasia, a Type of Dwarfism | Facts and Resources\" \/>\n<meta property=\"og:description\" content=\"Learn more about Achondroplasia, its management, and the resources available to you. Get the facts, know what to expect and take action.\" \/>\n<meta property=\"og:url\" content=\"https:\/\/achondroplasia.biomarin.com\/fr-fr\/\" \/>\n<meta property=\"og:site_name\" content=\"BioMarin ACH DSE Patient FR-FR DEV\" \/>\n<meta property=\"article:modified_time\" content=\"2025-07-28T13:10:57+00:00\" \/>\n<meta name=\"twitter:card\" content=\"summary_large_image\" \/>\n<script type=\"application\/ld+json\" class=\"yoast-schema-graph\">{\"@context\":\"https:\/\/schema.org\",\"@graph\":[{\"@type\":\"WebPage\",\"@id\":\"https:\/\/achondroplasia.biomarin.com\/fr-fr\/\",\"url\":\"https:\/\/achondroplasia.biomarin.com\/fr-fr\/\",\"name\":\"Achondroplasia, a Type of Dwarfism | Facts and Resources\",\"isPartOf\":{\"@id\":\"https:\/\/achondroplasia.biomarin.com\/fr-fr\/#website\"},\"datePublished\":\"2023-07-05T17:19:08+00:00\",\"dateModified\":\"2025-07-28T13:10:57+00:00\",\"description\":\"Learn more about Achondroplasia, its management, and the resources available to you. Get the facts, know what to expect and take action.\",\"breadcrumb\":{\"@id\":\"https:\/\/achondroplasia.biomarin.com\/fr-fr\/#breadcrumb\"},\"inLanguage\":\"fr-FR\",\"potentialAction\":[{\"@type\":\"ReadAction\",\"target\":[\"https:\/\/achondroplasia.biomarin.com\/fr-fr\/\"]}]},{\"@type\":\"BreadcrumbList\",\"@id\":\"https:\/\/achondroplasia.biomarin.com\/fr-fr\/#breadcrumb\",\"itemListElement\":[{\"@type\":\"ListItem\",\"position\":1,\"name\":\"Home\",\"item\":\"https:\/\/achondroplasia.biomarin.com\/fr-fr\/\"},{\"@type\":\"ListItem\",\"position\":2,\"name\":\"Home\"}]},{\"@type\":\"WebSite\",\"@id\":\"https:\/\/achondroplasia.biomarin.com\/fr-fr\/#website\",\"url\":\"https:\/\/achondroplasia.biomarin.com\/fr-fr\/\",\"name\":\"BioMarin ACH DSE Patient FR-FR DEV\",\"description\":\"\",\"potentialAction\":[{\"@type\":\"SearchAction\",\"target\":{\"@type\":\"EntryPoint\",\"urlTemplate\":\"https:\/\/achondroplasia.biomarin.com\/fr-fr\/?s={search_term_string}\"},\"query-input\":{\"@type\":\"PropertyValueSpecification\",\"valueRequired\":true,\"valueName\":\"search_term_string\"}}],\"inLanguage\":\"fr-FR\"}]}<\/script>\n<!-- \/ Yoast SEO plugin. -->","yoast_head_json":{"title":"Achondroplasia, a Type of Dwarfism | Facts and Resources","description":"Learn more about Achondroplasia, its management, and the resources available to you. Get the facts, know what to expect and take action.","robots":{"index":"index","follow":"follow","max-snippet":"max-snippet:-1","max-image-preview":"max-image-preview:large","max-video-preview":"max-video-preview:-1"},"canonical":"https:\/\/achondroplasia.biomarin.com\/fr-fr\/","og_locale":"fr_FR","og_type":"article","og_title":"Achondroplasia, a Type of Dwarfism | Facts and Resources","og_description":"Learn more about Achondroplasia, its management, and the resources available to you. Get the facts, know what to expect and take action.","og_url":"https:\/\/achondroplasia.biomarin.com\/fr-fr\/","og_site_name":"BioMarin ACH DSE Patient FR-FR DEV","article_modified_time":"2025-07-28T13:10:57+00:00","twitter_card":"summary_large_image","schema":{"@context":"https:\/\/schema.org","@graph":[{"@type":"WebPage","@id":"https:\/\/achondroplasia.biomarin.com\/fr-fr\/","url":"https:\/\/achondroplasia.biomarin.com\/fr-fr\/","name":"Achondroplasia, a Type of Dwarfism | Facts and Resources","isPartOf":{"@id":"https:\/\/achondroplasia.biomarin.com\/fr-fr\/#website"},"datePublished":"2023-07-05T17:19:08+00:00","dateModified":"2025-07-28T13:10:57+00:00","description":"Learn more about Achondroplasia, its management, and the resources available to you. Get the facts, know what to expect and take action.","breadcrumb":{"@id":"https:\/\/achondroplasia.biomarin.com\/fr-fr\/#breadcrumb"},"inLanguage":"fr-FR","potentialAction":[{"@type":"ReadAction","target":["https:\/\/achondroplasia.biomarin.com\/fr-fr\/"]}]},{"@type":"BreadcrumbList","@id":"https:\/\/achondroplasia.biomarin.com\/fr-fr\/#breadcrumb","itemListElement":[{"@type":"ListItem","position":1,"name":"Home","item":"https:\/\/achondroplasia.biomarin.com\/fr-fr\/"},{"@type":"ListItem","position":2,"name":"Home"}]},{"@type":"WebSite","@id":"https:\/\/achondroplasia.biomarin.com\/fr-fr\/#website","url":"https:\/\/achondroplasia.biomarin.com\/fr-fr\/","name":"BioMarin ACH DSE Patient FR-FR DEV","description":"","potentialAction":[{"@type":"SearchAction","target":{"@type":"EntryPoint","urlTemplate":"https:\/\/achondroplasia.biomarin.com\/fr-fr\/?s={search_term_string}"},"query-input":{"@type":"PropertyValueSpecification","valueRequired":true,"valueName":"search_term_string"}}],"inLanguage":"fr-FR"}]}},"_links":{"self":[{"href":"https:\/\/achondroplasia.biomarin.com\/fr-fr\/wp-json\/wp\/v2\/pages\/11","targetHints":{"allow":["GET"]}}],"collection":[{"href":"https:\/\/achondroplasia.biomarin.com\/fr-fr\/wp-json\/wp\/v2\/pages"}],"about":[{"href":"https:\/\/achondroplasia.biomarin.com\/fr-fr\/wp-json\/wp\/v2\/types\/page"}],"author":[{"embeddable":true,"href":"https:\/\/achondroplasia.biomarin.com\/fr-fr\/wp-json\/wp\/v2\/users\/3"}],"replies":[{"embeddable":true,"href":"https:\/\/achondroplasia.biomarin.com\/fr-fr\/wp-json\/wp\/v2\/comments?post=11"}],"version-history":[{"count":260,"href":"https:\/\/achondroplasia.biomarin.com\/fr-fr\/wp-json\/wp\/v2\/pages\/11\/revisions"}],"predecessor-version":[{"id":2434,"href":"https:\/\/achondroplasia.biomarin.com\/fr-fr\/wp-json\/wp\/v2\/pages\/11\/revisions\/2434"}],"wp:attachment":[{"href":"https:\/\/achondroplasia.biomarin.com\/fr-fr\/wp-json\/wp\/v2\/media?parent=11"}],"curies":[{"name":"wp","href":"https:\/\/api.w.org\/{rel}","templated":true}]}}