{"id":3274,"date":"2025-07-14T16:19:18","date_gmt":"2025-07-14T16:19:18","guid":{"rendered":"https:\/\/achondroplasia.biomarin.com\/es-us\/?page_id=3274"},"modified":"2026-03-25T15:35:43","modified_gmt":"2026-03-25T15:35:43","slug":"no-events","status":"publish","type":"page","link":"https:\/\/achondroplasia.biomarin.com\/es-us\/no-events\/","title":{"rendered":"No Events"},"content":{"rendered":"<div id=\"acf-block-6865606eb8eb3\" class=\"block wrapped-content bg-band bg-band-secondary block-zero-top block-zero-bottom\">\n    <div class=\"wrapper\">\n        <div class=\"inner-wrapper\">\n                \n<div id=\"acf-block-6865606eb9195\" class=\"block-wysiwyg\">\n            <h2 style=\"text-align: center\">Asistir a un evento de acondroplasia<\/h2>\n<p style=\"text-align: center\"><strong>Disfrute de la oportunidad de escuchar a expertos de la comunidad de la acondroplasia compartir sus perspectivas y conectar con familias locales que comprendan su experiencia. Esperamos verle en un futuro evento.<\/strong><\/p>\n<p style=\"text-align: center\"><strong>\u00danase a <a href=\"#\">Inside Story<\/a> \u00a0para mantenerse al tanto de los pr\u00f3ximos eventos o para ponerse en contacto con un[3]un representante de BioMarin con experiencia.<\/strong><\/p>\n    <\/div>\n        <\/div>\n    <\/div>\n<\/div>\n\n<div id=\"acf-block-6865606eb8eb3\" class=\"block wrapped-content bg-band bg-band-white block-zero-top block-zero-bottom\">\n    <div class=\"wrapper\">\n        <div class=\"inner-wrapper\">\n                \n<div id=\"acf-block-6865606eb9195\" class=\"block-wysiwyg\">\n            <h5 style=\"text-align: center\">No hay eventos que coincidan con los filtros seleccionados.<\/h5>\n<p style=\"text-align: center\">Reg\u00edstrese a continuaci\u00f3n para mantenerse informado.<\/p>\n    <\/div>\n        <\/div>\n    <\/div>\n<\/div>\n\n<div id=\"acf-block-67d29619837c8\" class=\"block call-to-action block-zero-top block-zero-bottom\">\n    <div class=\"wrapper\">\n\t\t<div class=\"inner-wrapper\">\n\t\t\t<div class=\"box\" style=\"\">\n\t\t\t\t<div class=\"overlay\"><\/div>\n\t\t\t\t<div class=\"cta-content\">\n\t\t\t\t                            <div class=\"cta-image\">\n                            <img decoding=\"async\" class=\"\" src=\"https:\/\/achondroplasia.biomarin.com\/es-us\/wp-content\/uploads\/sites\/26\/2025\/02\/EMAIL_icon@2x-1.png?v=0.96\" alt=\"\" \/>                        <\/div>\n                    \t\t\t\t\t<div class=\"cta-content-main\">\n                        <div class=\"content-block\">\n\t\t\t\t\t        \t\t\t\t\t        \t\t\t\t\t\t        <h2 class=\"h3\">Sea parte de Inside Story\n<\/h2>\n\t\t\t\t\t\t    \t\t\t\t\t\t    \t\t\t\t\t\t        <p>Obtenga acceso a informaci\u00f3n sobre la acondroplasia, incluidos los \u00faltimos avances en investigaci\u00f3n y los pr\u00f3ximos eventos en su zona. Todo se env\u00eda directamente a su bandeja de entrada.<\/p>\n\t\t\t\t\t\t    \t\t\t\t\t    <\/div>\n\t\t\t\t\t                                <div class=\"content-block\">\n                                <p><a class=\"button button-ghost button-arrow\" href=\"https:\/\/achondroplasia.biomarin.com\/es-us\/stay-connected\/\" target=\"_self\">Mant\u00e9ngase conectado<\/a><\/p>\n                            <\/div>\n\t\t\t\t\t                        <\/div>\n\t\t\t\t<\/div>\n\t\t\t<\/div>\n\t\t<\/div>\n\t<\/div>\n<\/div>\n\n<div id=\"acf-block-6865606ebb46e\" class=\"block next-previous block-zero-top block-zero-bottom\">\n    <div class=\"wrapper\">\n\t\t<div class=\"inner-wrapper\">\n            <div class=\"link link-prev\">\n                                    <p><a class=\"button button-text button-arrow button-arrow-left\" href=\"https:\/\/achondroplasia.biomarin.com\/es-us\/resources\/\" target=\"_self\">Recursos<\/a><\/p>\n                            <\/div>\n            <div class=\"link link-next\">\n                                    <p><a class=\"button button-text button-arrow\" href=\"https:\/\/achondroplasia.biomarin.com\/es-us\/\" target=\"_self\">Inicio<\/a><\/p>\n                            <\/div>\n\t\t<\/div>\n\t<\/div>\n<\/div>","protected":false},"excerpt":{"rendered":"","protected":false},"author":2,"featured_media":0,"parent":0,"menu_order":0,"comment_status":"closed","ping_status":"closed","template":"","meta":{"_acf_changed":false,"inline_featured_image":false,"footnotes":""},"class_list":["post-3274","page","type-page","status-publish","hentry"],"acf":[],"yoast_head":"<!-- This site is optimized with the Yoast SEO plugin v27.4 - https:\/\/yoast.com\/product\/yoast-seo-wordpress\/ -->\n<title>No Events - BioMarin ACH DSE Patient ES-US<\/title>\n<meta name=\"robots\" content=\"index, follow, max-snippet:-1, max-image-preview:large, max-video-preview:-1\" \/>\n<link rel=\"canonical\" href=\"https:\/\/achondroplasia.biomarin.com\/es-us\/no-events\/\" \/>\n<meta property=\"og:locale\" content=\"es_ES\" \/>\n<meta property=\"og:type\" content=\"article\" \/>\n<meta property=\"og:title\" content=\"No Events - BioMarin ACH DSE Patient ES-US\" \/>\n<meta property=\"og:url\" content=\"https:\/\/achondroplasia.biomarin.com\/es-us\/no-events\/\" \/>\n<meta property=\"og:site_name\" content=\"BioMarin ACH DSE Patient ES-US\" \/>\n<meta property=\"article:modified_time\" content=\"2026-03-25T15:35:43+00:00\" \/>\n<meta name=\"twitter:card\" content=\"summary_large_image\" \/>\n<script type=\"application\/ld+json\" class=\"yoast-schema-graph\">{\"@context\":\"https:\\\/\\\/schema.org\",\"@graph\":[{\"@type\":\"WebPage\",\"@id\":\"https:\\\/\\\/achondroplasia.biomarin.com\\\/es-us\\\/no-events\\\/\",\"url\":\"https:\\\/\\\/achondroplasia.biomarin.com\\\/es-us\\\/no-events\\\/\",\"name\":\"No Events - BioMarin ACH DSE Patient ES-US\",\"isPartOf\":{\"@id\":\"https:\\\/\\\/achondroplasia.biomarin.com\\\/es-us\\\/#website\"},\"datePublished\":\"2025-07-14T16:19:18+00:00\",\"dateModified\":\"2026-03-25T15:35:43+00:00\",\"breadcrumb\":{\"@id\":\"https:\\\/\\\/achondroplasia.biomarin.com\\\/es-us\\\/no-events\\\/#breadcrumb\"},\"inLanguage\":\"es\",\"potentialAction\":[{\"@type\":\"ReadAction\",\"target\":[\"https:\\\/\\\/achondroplasia.biomarin.com\\\/es-us\\\/no-events\\\/\"]}]},{\"@type\":\"BreadcrumbList\",\"@id\":\"https:\\\/\\\/achondroplasia.biomarin.com\\\/es-us\\\/no-events\\\/#breadcrumb\",\"itemListElement\":[{\"@type\":\"ListItem\",\"position\":1,\"name\":\"Home\",\"item\":\"https:\\\/\\\/achondroplasia.biomarin.com\\\/es-us\\\/\"},{\"@type\":\"ListItem\",\"position\":2,\"name\":\"No Events\"}]},{\"@type\":\"WebSite\",\"@id\":\"https:\\\/\\\/achondroplasia.biomarin.com\\\/es-us\\\/#website\",\"url\":\"https:\\\/\\\/achondroplasia.biomarin.com\\\/es-us\\\/\",\"name\":\"BioMarin ACH DSE Patient ES-US\",\"description\":\"\",\"potentialAction\":[{\"@type\":\"SearchAction\",\"target\":{\"@type\":\"EntryPoint\",\"urlTemplate\":\"https:\\\/\\\/achondroplasia.biomarin.com\\\/es-us\\\/?s={search_term_string}\"},\"query-input\":{\"@type\":\"PropertyValueSpecification\",\"valueRequired\":true,\"valueName\":\"search_term_string\"}}],\"inLanguage\":\"es\"}]}<\/script>\n<!-- \/ Yoast SEO plugin. -->","yoast_head_json":{"title":"No Events - BioMarin ACH DSE Patient ES-US","robots":{"index":"index","follow":"follow","max-snippet":"max-snippet:-1","max-image-preview":"max-image-preview:large","max-video-preview":"max-video-preview:-1"},"canonical":"https:\/\/achondroplasia.biomarin.com\/es-us\/no-events\/","og_locale":"es_ES","og_type":"article","og_title":"No Events - BioMarin ACH DSE Patient ES-US","og_url":"https:\/\/achondroplasia.biomarin.com\/es-us\/no-events\/","og_site_name":"BioMarin ACH DSE Patient ES-US","article_modified_time":"2026-03-25T15:35:43+00:00","twitter_card":"summary_large_image","schema":{"@context":"https:\/\/schema.org","@graph":[{"@type":"WebPage","@id":"https:\/\/achondroplasia.biomarin.com\/es-us\/no-events\/","url":"https:\/\/achondroplasia.biomarin.com\/es-us\/no-events\/","name":"No Events - BioMarin ACH DSE Patient ES-US","isPartOf":{"@id":"https:\/\/achondroplasia.biomarin.com\/es-us\/#website"},"datePublished":"2025-07-14T16:19:18+00:00","dateModified":"2026-03-25T15:35:43+00:00","breadcrumb":{"@id":"https:\/\/achondroplasia.biomarin.com\/es-us\/no-events\/#breadcrumb"},"inLanguage":"es","potentialAction":[{"@type":"ReadAction","target":["https:\/\/achondroplasia.biomarin.com\/es-us\/no-events\/"]}]},{"@type":"BreadcrumbList","@id":"https:\/\/achondroplasia.biomarin.com\/es-us\/no-events\/#breadcrumb","itemListElement":[{"@type":"ListItem","position":1,"name":"Home","item":"https:\/\/achondroplasia.biomarin.com\/es-us\/"},{"@type":"ListItem","position":2,"name":"No Events"}]},{"@type":"WebSite","@id":"https:\/\/achondroplasia.biomarin.com\/es-us\/#website","url":"https:\/\/achondroplasia.biomarin.com\/es-us\/","name":"BioMarin ACH DSE Patient ES-US","description":"","potentialAction":[{"@type":"SearchAction","target":{"@type":"EntryPoint","urlTemplate":"https:\/\/achondroplasia.biomarin.com\/es-us\/?s={search_term_string}"},"query-input":{"@type":"PropertyValueSpecification","valueRequired":true,"valueName":"search_term_string"}}],"inLanguage":"es"}]}},"_links":{"self":[{"href":"https:\/\/achondroplasia.biomarin.com\/es-us\/wp-json\/wp\/v2\/pages\/3274","targetHints":{"allow":["GET"]}}],"collection":[{"href":"https:\/\/achondroplasia.biomarin.com\/es-us\/wp-json\/wp\/v2\/pages"}],"about":[{"href":"https:\/\/achondroplasia.biomarin.com\/es-us\/wp-json\/wp\/v2\/types\/page"}],"author":[{"embeddable":true,"href":"https:\/\/achondroplasia.biomarin.com\/es-us\/wp-json\/wp\/v2\/users\/2"}],"replies":[{"embeddable":true,"href":"https:\/\/achondroplasia.biomarin.com\/es-us\/wp-json\/wp\/v2\/comments?post=3274"}],"version-history":[{"count":6,"href":"https:\/\/achondroplasia.biomarin.com\/es-us\/wp-json\/wp\/v2\/pages\/3274\/revisions"}],"predecessor-version":[{"id":3391,"href":"https:\/\/achondroplasia.biomarin.com\/es-us\/wp-json\/wp\/v2\/pages\/3274\/revisions\/3391"}],"wp:attachment":[{"href":"https:\/\/achondroplasia.biomarin.com\/es-us\/wp-json\/wp\/v2\/media?parent=3274"}],"curies":[{"name":"wp","href":"https:\/\/api.w.org\/{rel}","templated":true}]}}