{"id":2360,"date":"2025-02-24T14:32:00","date_gmt":"2025-02-24T14:32:00","guid":{"rendered":"https:\/\/achondroplasia.biomarin.com\/es-us\/?page_id=2360"},"modified":"2026-05-05T09:41:10","modified_gmt":"2026-05-05T09:41:10","slug":"stay-connected","status":"publish","type":"page","link":"https:\/\/achondroplasia.biomarin.com\/es-us\/stay-connected\/","title":{"rendered":"Stay connected"},"content":{"rendered":"<div id=\"acf-block-69f37c37eb0b7\" class=\"block rising-love-header-cta rising-love-es inside-story\">\n    <div class=\"rising-love-cta\">\n        <div class=\"wrapper\">\n            <div class=\"inner-wrapper\">\n                <div class=\"rising-love-cta-content\">\n                    <div class=\"left-col\">\n                        <div class=\"cta-image\"><\/div>\n\n                        <div class=\"text-box\">\n                            <h2><\/h2>\n                            <h5>Obtenga acceso a una colecci\u00f3n creciente de informaci\u00f3n y recursos sobre la acondroplasia.<\/h5>\n<ul>\n<li>Mant\u00e9ngase al tanto de las \u00faltimas noticias y desarrollos cl\u00ednicos sobre la acondroplasia<\/li>\n<li>Obtenga m\u00e1s informaci\u00f3n sobre los eventos de Rising Love en su \u00e1rea<\/li>\n<li>Reciba notificaciones de pr\u00f3ximos seminarios web, presentaciones y eventos educativos dirigidos por profesionales de atenci\u00f3n m\u00e9dica expertos<\/li>\n<li>P\u00f3ngase en contacto con un representante experimentado de BioMarin<\/li>\n<li>Solicite un evento en su zona si no hay ninguno programado actualmente<\/li>\n<\/ul>\n                        <\/div>\n\n                        <div class=\"text-box\">\n                            <h3><\/h3>\n                            <div class=\"separator\"><\/div>\n                                                    <\/div>\n                    <\/div>\n                    <div class=\"right-col\">\n                        <div class=\"column-header\">\n                            <div class=\"header\">\n                                <p>*Campos obligatorios<\/p>\n                            <\/div>\n                        <\/div>               \n                        <form id=\"rising-love-cta\" name=\"Sign Up to Stay in the Know!\" data-thankyou=\"https:\/\/achondroplasia.biomarin.com\/es-us\/thank-you\/\" class=\"inside-story\">\n                            \n                            <div class=\"form-item\">\n                                <label for=\"first-name\">Nombre<span class=\"required\">*<\/span><\/label>\n                                <input class=\"text\" id=\"first-name\" type=\"text\" required\n                                data-pristine-required-message=\"Ingrese su nombre\">\n                            <\/div>\n                    \n                            <div class=\"form-item\">\n                                <label for=\"last-name\">Apellido<span class=\"required\">*<\/span><\/label>\n                                <input class=\"text\" id=\"last-name\" type=\"text\" required\n                                data-pristine-required-message=\"Ingrese su apellido\">\n                            <\/div>\n                        \n                            <div class=\"form-item\">\n                                <label for=\"email\">Correo electr\u00f3nico<span class=\"required\">*<\/span><\/label>\n                                <input class=\"text\" id=\"email\" type=\"email\" required\n                                data-pristine-required-message=\"Ingrese un correo electr\u00f3nico\">\n                            <\/div>\n\n                            <div class=\"form-item\">\n                                <label for=\"zip-code\">C\u00f3digo postal de los EE. UU.<span class=\"required\">*<\/span><\/label>\n                                <input class=\"text\" id=\"zip-code\" type=\"text\" required\n                                data-pristine-required-message=\"Ingrese su c\u00f3digo postal\"\n                                data-pristine-pattern-message=\"Ingrese un c\u00f3digo postal v\u00e1lido\"\n                                data-pristine-pattern=\"\/^\\d{5}(-\\d{4})?$\/i\">\n                            <\/div>\n                    \n                            <div class=\"form-item\">\n                                <label for=\"phone-number\">N\u00famero de tel\u00e9fono<\/label>\n                                <input class=\"text\" id=\"phone-number\" type=\"text\"\n                                data-pristine-required-message=\"Ingrese un n\u00famero de tel\u00e9fono\"\n                                data-pristine-pattern-message=\"Ingrese un n\u00famero de tel\u00e9fono v\u00e1lido\"\n                                data-pristine-pattern=\"\/^\\(?([0-9]{3})\\)?[-. ]?([0-9]{3})[-. ]?([0-9]{4})$\/\">\n                            <\/div>\n                    \n                            <div class=\"form-item\">\n                                <label for=\"contact-type\">\u00bfQu\u00e9 es lo que mejor lo describe?<span class=\"required\">*<\/span><\/label>\n                                <select class=\"text\" id=\"contact-type\" required\n                                data-pristine-required-message=\"Seleccione una opci\u00f3n\">\n                                    <option value=\"\">Seleccione una opci\u00f3n<\/option>\n                                    <option value=\"Parent\">Soy el padre, la madre o el cuidador principal de un ni\u00f1o con acondroplasia.<\/option>\n                                    <option value=\"Patient\">Soy una persona con acondroplasia.<\/option>\n                                    <option value=\"HCP\">Soy un profesional de la salud.<\/option>\n                                    <option value=\"Advocate\">Soy miembro de un grupo de apoyo relacionado con la acondroplasia.<\/option>\n                                    <option value=\"Other\">No aplica ninguna de las anteriores<\/option>\n                                <\/select>\n                            <\/div>\n\n                            <div class=\"form-item check-item\">\n                                <input type=\"checkbox\" id=\"rep-contact-me\" name=\"rep_contact_me\">\n                                <label for=\"rep-contact-me\">Me gustar\u00eda estar en contacto con un representante local de BioMarin para obtener m\u00e1s informaci\u00f3n sobre la acondroplasia. Obtenga m\u00e1s informaci\u00f3n sobre los eventos locales y los recursos sobre la acondroplasia<\/label>\n                            <\/div>\n                        \n                            <div class=\"form-item check-item\">\n                                <input type=\"checkbox\" id=\"accept-ts-cs\" name=\"accept_ts_cs\" required\n                                data-pristine-required-message=\"Acepte los t\u00e9rminos de uso\">\n                                <label for=\"accept-ts-cs\">Al marcar la casilla a la izquierda y hacer clic en &ldquo;Enviar&rdquo;, a continuaci\u00f3n, confirmo que tengo al menos 18 a\u00f1os; y confirmo que acepto la <a href=\"https:\/\/www.biomarin.com\/biomarin-data-privacy-center\/\" target=\"_blank\">Pol\u00edtica de privacidad<\/a> y el Aviso de CCPA y los <a href=\"https:\/\/www.biomarin.com\/terms-of-use\/en-us\/\" target=\"_blank\">T\u00e9rminos de uso<\/a> de BioMarin; otorgo mi consentimiento a BioMarin, sus sucesores, agentes, y\/o cesionarios a usar la direcci\u00f3n de correo electr\u00f3nico que he proporcionado para mantenerme informado sobre las actualizaciones sobre noticias y desarrollos sobre la acondroplasia; y confirmo que comprendo que estas comunicaciones\/materiales pueden contener informaci\u00f3n que comercializa o publicita productos de BioMarin, bienes, o servicios.<span class=\"required\">*<\/span><\/label>\n                            <\/div>\n                        \n                            <div class=\"form-item\">\n                                <input type=\"submit\" class=\"button button-arrow\" value=\"Enviar\">\n                            <\/div>\n                        <\/form>\n                        <form id=\"mktoForm_3470\" style=\"display:none;\"><\/form>\n                    <\/div>\n                <\/div>\n            <\/div>\n        <\/div>\n    <\/div>\n<\/div>","protected":false},"excerpt":{"rendered":"","protected":false},"author":2,"featured_media":0,"parent":0,"menu_order":0,"comment_status":"closed","ping_status":"closed","template":"","meta":{"_acf_changed":false,"inline_featured_image":false,"footnotes":""},"class_list":["post-2360","page","type-page","status-publish","hentry"],"acf":[],"yoast_head":"<!-- This site is optimized with the Yoast SEO plugin v27.4 - https:\/\/yoast.com\/product\/yoast-seo-wordpress\/ -->\n<title>Stay Connected with Achondroplasia News, Events, and Support<\/title>\n<meta name=\"description\" content=\"Find achondroplasia support, connect with communities, and access valuable resources for caregivers and families. Stay informed, encouraged, and connected.\" \/>\n<meta name=\"robots\" content=\"index, follow, max-snippet:-1, max-image-preview:large, max-video-preview:-1\" \/>\n<link rel=\"canonical\" href=\"https:\/\/achondroplasia.biomarin.com\/es-us\/stay-connected\/\" \/>\n<meta property=\"og:locale\" content=\"es_ES\" \/>\n<meta property=\"og:type\" content=\"article\" \/>\n<meta property=\"og:title\" content=\"Stay Connected with Achondroplasia News, Events, and Support\" \/>\n<meta property=\"og:description\" content=\"Find achondroplasia support, connect with communities, and access valuable resources for caregivers and families. Stay informed, encouraged, and connected.\" \/>\n<meta property=\"og:url\" content=\"https:\/\/achondroplasia.biomarin.com\/es-us\/stay-connected\/\" \/>\n<meta property=\"og:site_name\" content=\"BioMarin ACH DSE Patient ES-US\" \/>\n<meta property=\"article:modified_time\" content=\"2026-05-05T09:41:10+00:00\" \/>\n<meta name=\"twitter:card\" content=\"summary_large_image\" \/>\n<script type=\"application\/ld+json\" class=\"yoast-schema-graph\">{\"@context\":\"https:\\\/\\\/schema.org\",\"@graph\":[{\"@type\":\"WebPage\",\"@id\":\"https:\\\/\\\/achondroplasia.biomarin.com\\\/es-us\\\/stay-connected\\\/\",\"url\":\"https:\\\/\\\/achondroplasia.biomarin.com\\\/es-us\\\/stay-connected\\\/\",\"name\":\"Stay Connected with Achondroplasia News, Events, and Support\",\"isPartOf\":{\"@id\":\"https:\\\/\\\/achondroplasia.biomarin.com\\\/es-us\\\/#website\"},\"datePublished\":\"2025-02-24T14:32:00+00:00\",\"dateModified\":\"2026-05-05T09:41:10+00:00\",\"description\":\"Find achondroplasia support, connect with communities, and access valuable resources for caregivers and families. Stay informed, encouraged, and connected.\",\"breadcrumb\":{\"@id\":\"https:\\\/\\\/achondroplasia.biomarin.com\\\/es-us\\\/stay-connected\\\/#breadcrumb\"},\"inLanguage\":\"es\",\"potentialAction\":[{\"@type\":\"ReadAction\",\"target\":[\"https:\\\/\\\/achondroplasia.biomarin.com\\\/es-us\\\/stay-connected\\\/\"]}]},{\"@type\":\"BreadcrumbList\",\"@id\":\"https:\\\/\\\/achondroplasia.biomarin.com\\\/es-us\\\/stay-connected\\\/#breadcrumb\",\"itemListElement\":[{\"@type\":\"ListItem\",\"position\":1,\"name\":\"Home\",\"item\":\"https:\\\/\\\/achondroplasia.biomarin.com\\\/es-us\\\/\"},{\"@type\":\"ListItem\",\"position\":2,\"name\":\"Stay connected\"}]},{\"@type\":\"WebSite\",\"@id\":\"https:\\\/\\\/achondroplasia.biomarin.com\\\/es-us\\\/#website\",\"url\":\"https:\\\/\\\/achondroplasia.biomarin.com\\\/es-us\\\/\",\"name\":\"BioMarin ACH DSE Patient ES-US\",\"description\":\"\",\"potentialAction\":[{\"@type\":\"SearchAction\",\"target\":{\"@type\":\"EntryPoint\",\"urlTemplate\":\"https:\\\/\\\/achondroplasia.biomarin.com\\\/es-us\\\/?s={search_term_string}\"},\"query-input\":{\"@type\":\"PropertyValueSpecification\",\"valueRequired\":true,\"valueName\":\"search_term_string\"}}],\"inLanguage\":\"es\"}]}<\/script>\n<!-- \/ Yoast SEO plugin. -->","yoast_head_json":{"title":"Stay Connected with Achondroplasia News, Events, and Support","description":"Find achondroplasia support, connect with communities, and access valuable resources for caregivers and families. Stay informed, encouraged, and connected.","robots":{"index":"index","follow":"follow","max-snippet":"max-snippet:-1","max-image-preview":"max-image-preview:large","max-video-preview":"max-video-preview:-1"},"canonical":"https:\/\/achondroplasia.biomarin.com\/es-us\/stay-connected\/","og_locale":"es_ES","og_type":"article","og_title":"Stay Connected with Achondroplasia News, Events, and Support","og_description":"Find achondroplasia support, connect with communities, and access valuable resources for caregivers and families. Stay informed, encouraged, and connected.","og_url":"https:\/\/achondroplasia.biomarin.com\/es-us\/stay-connected\/","og_site_name":"BioMarin ACH DSE Patient ES-US","article_modified_time":"2026-05-05T09:41:10+00:00","twitter_card":"summary_large_image","schema":{"@context":"https:\/\/schema.org","@graph":[{"@type":"WebPage","@id":"https:\/\/achondroplasia.biomarin.com\/es-us\/stay-connected\/","url":"https:\/\/achondroplasia.biomarin.com\/es-us\/stay-connected\/","name":"Stay Connected with Achondroplasia News, Events, and Support","isPartOf":{"@id":"https:\/\/achondroplasia.biomarin.com\/es-us\/#website"},"datePublished":"2025-02-24T14:32:00+00:00","dateModified":"2026-05-05T09:41:10+00:00","description":"Find achondroplasia support, connect with communities, and access valuable resources for caregivers and families. Stay informed, encouraged, and connected.","breadcrumb":{"@id":"https:\/\/achondroplasia.biomarin.com\/es-us\/stay-connected\/#breadcrumb"},"inLanguage":"es","potentialAction":[{"@type":"ReadAction","target":["https:\/\/achondroplasia.biomarin.com\/es-us\/stay-connected\/"]}]},{"@type":"BreadcrumbList","@id":"https:\/\/achondroplasia.biomarin.com\/es-us\/stay-connected\/#breadcrumb","itemListElement":[{"@type":"ListItem","position":1,"name":"Home","item":"https:\/\/achondroplasia.biomarin.com\/es-us\/"},{"@type":"ListItem","position":2,"name":"Stay connected"}]},{"@type":"WebSite","@id":"https:\/\/achondroplasia.biomarin.com\/es-us\/#website","url":"https:\/\/achondroplasia.biomarin.com\/es-us\/","name":"BioMarin ACH DSE Patient ES-US","description":"","potentialAction":[{"@type":"SearchAction","target":{"@type":"EntryPoint","urlTemplate":"https:\/\/achondroplasia.biomarin.com\/es-us\/?s={search_term_string}"},"query-input":{"@type":"PropertyValueSpecification","valueRequired":true,"valueName":"search_term_string"}}],"inLanguage":"es"}]}},"_links":{"self":[{"href":"https:\/\/achondroplasia.biomarin.com\/es-us\/wp-json\/wp\/v2\/pages\/2360","targetHints":{"allow":["GET"]}}],"collection":[{"href":"https:\/\/achondroplasia.biomarin.com\/es-us\/wp-json\/wp\/v2\/pages"}],"about":[{"href":"https:\/\/achondroplasia.biomarin.com\/es-us\/wp-json\/wp\/v2\/types\/page"}],"author":[{"embeddable":true,"href":"https:\/\/achondroplasia.biomarin.com\/es-us\/wp-json\/wp\/v2\/users\/2"}],"replies":[{"embeddable":true,"href":"https:\/\/achondroplasia.biomarin.com\/es-us\/wp-json\/wp\/v2\/comments?post=2360"}],"version-history":[{"count":21,"href":"https:\/\/achondroplasia.biomarin.com\/es-us\/wp-json\/wp\/v2\/pages\/2360\/revisions"}],"predecessor-version":[{"id":3452,"href":"https:\/\/achondroplasia.biomarin.com\/es-us\/wp-json\/wp\/v2\/pages\/2360\/revisions\/3452"}],"wp:attachment":[{"href":"https:\/\/achondroplasia.biomarin.com\/es-us\/wp-json\/wp\/v2\/media?parent=2360"}],"curies":[{"name":"wp","href":"https:\/\/api.w.org\/{rel}","templated":true}]}}