{"id":2008,"date":"2025-02-20T09:46:16","date_gmt":"2025-02-20T09:46:16","guid":{"rendered":"https:\/\/achondroplasia.biomarin.com\/es-us\/?page_id=2008"},"modified":"2026-05-06T15:56:10","modified_gmt":"2026-05-06T15:56:10","slug":"resources","status":"publish","type":"page","link":"https:\/\/achondroplasia.biomarin.com\/es-us\/resources\/","title":{"rendered":"Resources"},"content":{"rendered":"<div id=\"acf-block-67e14100646c2\" class=\"hero hero-small-title\">\n            <div class=\"hero-background-image hero-background-image-desktop\" style=\"background-image: url(https:\/\/achondroplasia.biomarin.com\/es-us\/wp-content\/uploads\/sites\/26\/2025\/03\/edu-cropped.png?v=0.96);\"><\/div>\n\t    <div class=\"hero-background-image hero-background-image-tablet\" style=\"background-image: url(https:\/\/achondroplasia.biomarin.com\/es-us\/wp-content\/uploads\/sites\/26\/2025\/03\/hero-2-tablet-v2.png?v=0.96);\"><\/div>\n        <div class=\"hero-background-image hero-background-image-mobile\" style=\"background-image: url(https:\/\/achondroplasia.biomarin.com\/es-us\/wp-content\/uploads\/sites\/26\/2025\/03\/resources_mobile_hero2.jpg?v=0.96);\"><\/div>\n    \t<div class=\"overlay\"><\/div>\n\t<div class=\"wrapper\">\n\t\t<div class=\"inner-wrapper\">\n\t\t\t<div class=\"hero-content\">\n\t\t\t    \t\t\t\t\t\t\t\t\t\t\t\t    <h1>Una creciente COLECCI\u00d3N de recursos \u00fatiles\n<\/h1>\n\t\t\t\t\t\t\t\t\t\t\t\t    <p><strong>Descubra recursos para conectar con la comunidad, aprender de expertos cl\u00ednicos, apoyar decisiones de atenci\u00f3n y mucho m\u00e1s.<\/strong><\/p>\n\t\t\t\t\t\t\t\t\t\t\t\t\t\t\t<\/div>\n\t\t<\/div>\n\t<\/div>\n<\/div>\n\n\n<div id=\"acf-block-69e5e03742aa6\" class=\"block clinic-finder clinic-finder-es\" data-nonce=\"fb6b6ce8f2\">\n    <div class=\"wrapper\">\n\t\t<div class=\"inner-wrapper\">\n\t\t\t<div class=\"clinic-intro\">\n\t\t\t\t<h3>Encuentre atenci\u00f3n cerca de usted<\/h3>\n\t\t\t\t\t\t\t\t    <p>Dado que la acondroplasia es infrecuente, puede resultar dif\u00edcil encontrar m\u00e9dicos con la experiencia que usted necesita. Si\u00e9ntase seguro de que est\u00e1 encontrando la atenci\u00f3n adecuada para su hijo.<\/p>\n<p>&nbsp;<\/p>\n\t\t\t\t\t\t\t<\/div>\n\n\t\t\t<div class=\"tabbed-content\">\n\t\t\t\t<div class=\"tabbed-content\">\n\t\t\t\t\t<div class=\"box\">\n\t\t\t\t\t\t<div class=\"tab-content\">\n\t\t\t\t\t\t\t<div class=\"clinic-finder-form\">\n\t\t\t\t\t\t\t    \t\t\t\t\t\t\t\t    <p>Encuentre proveedores de atenci\u00f3n m\u00e9dica en su \u00e1rea que tengan experiencia en el cuidado de ni\u00f1os con acondroplasia.<\/p>\n<p>&nbsp;<\/p>\n\t\t\t\t\t\t\t\t\n\t\t\t\t\t\t\t\t<div class=\"form-item\">\n\t\t\t\t\t\t\t\t\t<div class=\"linear-input\">\n\t\t\t\t\t\t\t\t\t\t<input id=\"clinic-finder-address\" type=\"text\" class=\"text google-places-autocomplete\" placeholder=\"Su direcci\u00f3n\">\n\t\t\t\t\t\t\t\t\t\t<select id=\"clinic-finder-radius\" class=\"text text-short\">\n\t\t\t\t\t\t\t\t\t\t\t<option value=\"10\">Dentro de las 10 millas<\/option>\n\t\t\t\t\t\t\t\t\t\t\t<option value=\"20\">Dentro de las 20 millas<\/option>\n\t\t\t\t\t\t\t\t\t\t\t<option value=\"30\">Dentro de las 30 millas<\/option>\n\t\t\t\t\t\t\t\t\t\t\t<option value=\"40\">Dentro de las 40 millas<\/option>\n\t\t\t\t\t\t\t\t\t\t\t<option value=\"50\">Dentro de las 50 millas<\/option>\n\t\t\t\t\t\t\t\t\t\t\t<option value=\"100\">Dentro de las 100 millas<\/option>\n\t\t\t\t\t\t\t\t\t\t\t<option value=\"250\">Dentro de las 250 millas<\/option>\n\t\t\t\t\t\t\t\t\t\t\t<option value=\"300\">Dentro de las 300 millas<\/option>\n\t\t\t\t\t\t\t\t\t\t\t<option value=\"500\">Dentro de las 500 millas<\/option>\n\t\t\t\t\t\t\t\t\t\t<\/select>\n\t\t\t\t\t\t\t\t\t\t<input type=\"submit\" class=\"button\" value=\"Buscar\">\n\t\t\t\t\t\t\t\t\t<\/div>\n\t\t\t\t\t\t\t\t\t                                        <div class=\"footnote\">\n                                            <em>Los resultados de la b\u00fasqueda no son exhaustivos y no reflejan ning\u00fan respaldo o certificaci\u00f3n de BioMarin.<\/br> Este directorio est\u00e1 disponible para cualquier proveedor de atenci\u00f3n m\u00e9dica que elija estar incluido y puede no reflejar a todos los profesionales de atenci\u00f3n m\u00e9dica de su \u00e1rea.<\/em>                                        <\/div>\n\t\t\t\t\t\t\t\t\t\t\t\t\t\t\t\t\t<\/div>\n\t\t\t\t\t\t\t<\/div>\n\n\t\t\t\t\t\t\t<div class=\"no-results\" style=\"display:none;\">\n\t\t\t\t\t\t\t    \t\t\t\t\t\t\t        <p>There are no clinics available within the distance you specified. You can expand your search area, or search for a different location instead.<\/p>\n<p>&nbsp;<\/p>\n\t\t\t\t\t\t\t    \t\t\t\t\t\t\t<\/div>\n\n\t\t\t\t\t\t\t<div class=\"results\" style=\"display:none;\"><\/div>\n\n\t\t\t\t\t\t\t<div class=\"clinic-load-more\" style=\"display:none;\">\n\t\t\t\t\t\t\t    \t\t\t\t\t\t\t\t    <p><a class=\"button button-ghost\" href=\"#\">Load more<\/a><\/p>\n\t\t\t\t\t\t\t\t\t\t\t\t\t\t\t<\/div>\n\n                            \t\t\t\t\t\t<\/div>\n\t\t\t\t\t<\/div>\n\t\t\t\t<\/div>\n\t\t\t<\/div>\n\t\t<\/div>\n\t<\/div>\n<\/div>\n\n<div id=\"clinic-finder-terms-modal\" class=\"clinic-finder-terms white-popup-block mfp-hide\">\n\t<div class=\"box\">\n\t\t<p><a class=\"modal-close\" href=\"#\">Close terms<\/a><\/p>\n\t\t\t\t    <h1>Terms &amp; Conditions<\/h1>\n<ul>\n<li><strong>IMPORTANT:<\/strong> This [Disease] Doctor Finder provides information about healthcare professionals not affiliated with BioMarin Pharmaceutical Inc. (\u00abBioMarin\u00bb).<\/li>\n<li>Healthcare professional enrollment and participation in the Achondroplasia Doctor Finder is voluntary and free of charge and is based solely on information provided by the listed healthcare professionals. The Achondroplasia Doctor Finder is open to all healthcare providers who opt in.<\/li>\n<li>BioMarin makes no express or implied warranties about the accuracy or completeness of information contained in this site\u2019s listings.<\/li>\n<li>Consult with your insurance provider and healthcare team and conduct your own research before selecting a healthcare provider.<\/li>\n<li>You are solely responsible for all communications or other interactions with any healthcare professional listed on the site.<\/li>\n<\/ul>\n<h2>By using this website, you agree that:<\/h2>\n<ul>\n<li>BioMarin makes no endorsement of, recommendations about, nor credentialing of any healthcare professional listed on the site, their insurance network status, or of the skills or services of any such healthcare professional.<\/li>\n<li>BioMarin is neither responsible nor liable for any care furnished by, or failure to provide care by, any healthcare professional identified using the [Disease] Doctor Finder.<\/li>\n<li>BioMarin is not responsible for verifying the accuracy of any licenses, skills, education, experience, or ability to practice of any healthcare professional listed on this site. You have the sole responsibility for choosing your healthcare provider and verifying that a particular healthcare professional has the appropriate qualifications and skills to provide medical care.<\/li>\n<li>BioMarin shall not, under any circumstance, be liable to you or any other person for any decision or action taken by you or any person arising from or related to information contained on this site<\/li>\n<\/ul>\n<p>&nbsp;<\/p>\n\t\t\n\t\t<div class=\"form-item check-item\">\n\t\t\t<input type=\"checkbox\" id=\"clinic-finder-accept-terms\">\n\t\t\t\t\t\t    <label for=\"clinic-finder-accept-terms\">By checking this box you have acknowledged that you have read and agree with the Terms and Conditions.<\/label>\n\t\t\t\t\t<\/div>\n\n\t\t<div class=\"form-item\">\n\t\t\t<input type=\"submit\" class=\"button button-arrow\" value=\"Get Search Results\">\n\t\t<\/div>\n\t<\/div>\n<\/div>\n\n<div id=\"acf-block-67c077f564e9b\" class=\"block quote bg-primary quote-full block-zero-top block-zero-bottom\">\n    <div class=\"wrapper\">\n\t\t<div class=\"inner-wrapper\">\n\t\t\t<div class=\"box\">\n\t\t\t\t<div class=\"quote-content\">\n\t\t\t\t    \t\t\t\t\t<div class=\"content-block\">\n\t\t\t\t\t\t<blockquote>\n\t\t\t\t\t\t    \t\t\t\t\t\t\t    <p>Lo m\u00e1s importante para cuidar de mi hija es ofrecerle un conjunto de herramientas.<\/p>\n\t\t\t\t\t\t\t\t\t\t\t\t\t\t\t\t\t\t\t\t\t    <cite>Stephanie, cuidadora de Katie de 9 a\u00f1os*  <\/cite>\n\t\t\t\t\t\t\t\t\t\t\t\t\t<\/blockquote>\n\t\t\t\t\t<\/div>\n\t\t\t\t<\/div>\n\t\t\t<\/div>\n\t\t<\/div>\n\t<\/div>\n<\/div>\n\n<div id=\"acf-block-67c07950ca486\" class=\"block boxed-content top-border block-tight-top boxed-content-white\">\n\t<div class=\"wrapper\">\n\t\t<div class=\"inner-wrapper\">\n\t\t\t<div class=\"box\">\n\t\t\t\t                    <h2 class=\"h3\">Recursos descargables\n<\/h2>\n                \t\t\t\t\n<div id=\"acf-block-67c07950ca7a3\" class=\"image-text-block content-align-center bottom-border\">\n            <div class=\"image-block medium\">\n            <figure>\n                <div class=\"image image-rounded\">\n                    <img decoding=\"async\" class=\"\" src=\"https:\/\/achondroplasia.biomarin.com\/es-us\/wp-content\/uploads\/sites\/26\/2026\/05\/Growth-Charts-e1778082964400.png?v=0.96\" alt=\"\" \/>                <\/div>\n            <\/figure>\n        <\/div>\n        <div class=\"content-block\">\n                    <h3>Tablas de crecimiento de la acondroplasia\n<\/h3>\n                            <p>Estas curvas de crecimiento son una herramienta importante para hacer un seguimiento, predecir y evaluar el crecimiento.<\/p>\n                                            <p><a class=\"button button-download\" href=\"https:\/\/achondroplasia.biomarin.com\/es-us\/wp-content\/uploads\/sites\/26\/2026\/05\/ACH-Growth-Curves-for-Caregivers-Spanish.pdf?v=0.96\" target=\"_blank\">Descargar PDF<\/a><\/p>\n                        <\/div>\n<\/div>\n\n<div id=\"acf-block-67c07950ca83a\" class=\"image-text-block content-align-center bottom-border\">\n            <div class=\"image-block medium\">\n            <figure>\n                <div class=\"image image-rounded\">\n                    <img decoding=\"async\" class=\"\" src=\"https:\/\/achondroplasia.biomarin.com\/es-us\/wp-content\/uploads\/sites\/26\/2026\/03\/Screenshot-2026-03-26-at-17.43.28.png?v=0.96\" alt=\"\" \/>                <\/div>\n            <\/figure>\n        <\/div>\n        <div class=\"content-block\">\n                    <h3>\u00bfQu\u00e9 es la acondroplasia?\n<\/h3>\n                            <p>Esta visi\u00f3n general examina la acondroplasia, incluida su causa gen\u00e9tica y c\u00f3mo inhibe el crecimiento \u00f3seo.<\/p>\n                                            <p><a class=\"button button-download\" href=\"https:\/\/achondroplasia.biomarin.com\/es-us\/wp-content\/uploads\/sites\/26\/2026\/03\/BIM-25-46850-VOX-CG-What-is-ACH-PDF_r3v2_es-US.pdf?v=0.96\" target=\"_blank\">Descargar PDF<\/a><\/p>\n                        <\/div>\n<\/div>\n\n<div id=\"acf-block-67c07950ca83a\" class=\"image-text-block content-align-center bottom-border\">\n            <div class=\"image-block medium\">\n            <figure>\n                <div class=\"image image-rounded\">\n                    <img decoding=\"async\" class=\"\" src=\"https:\/\/achondroplasia.biomarin.com\/es-us\/wp-content\/uploads\/sites\/26\/2026\/03\/Screenshot-2026-03-26-at-17.43.39.png?v=0.96\" alt=\"\" \/>                <\/div>\n            <\/figure>\n        <\/div>\n        <div class=\"content-block\">\n                    <h3>Lineamientos para la acondroplasia\n<\/h3>\n                            <p>Un resumen de las directrices de expertos que describen c\u00f3mo monitorear las complicaciones asociadas a la acondroplasia y c\u00f3mo ayudar a comentarlas con su equipo de atenci\u00f3n.<\/p>\n                                            <p><a class=\"button button-download\" href=\"https:\/\/achondroplasia.biomarin.com\/es-us\/wp-content\/uploads\/sites\/26\/2026\/03\/BIM-25-46240-VOX-Unbranded-Caregiver-AAP_r3v2_es-US.pdf?v=0.96\" target=\"_blank\">Descargar PDF<\/a><\/p>\n                        <\/div>\n<\/div>\n\n<div id=\"acf-block-67c07950ca83a\" class=\"image-text-block content-align-center\">\n            <div class=\"image-block medium\">\n            <figure>\n                <div class=\"image image-rounded\">\n                    <img decoding=\"async\" class=\"\" src=\"https:\/\/achondroplasia.biomarin.com\/es-us\/wp-content\/uploads\/sites\/26\/2026\/05\/Screenshot-2026-05-06-at-16.51.03-750x750.png\" alt=\"\" \/>                <\/div>\n            <\/figure>\n        <\/div>\n        <div class=\"content-block\">\n                    <h3>Libro infantil de Rising Love\n<\/h3>\n                            <p>La inspiraci\u00f3n para los eventos de Rising Love: este inspirador libro educativo sigue a 4\u00a0ni\u00f1os \u00fanicos en familias donde la acondroplasia es solo una parte de la vida.<\/p>\n                                            <p><a class=\"button button-download\" href=\"https:\/\/achondroplasia.biomarin.com\/es-us\/wp-content\/uploads\/sites\/26\/2026\/05\/ACH-Rising-Love-Childrens-Book-Digital-Spanish.pdf?v=0.96\" target=\"_blank\">Download PDF<\/a><\/p>\n                        <\/div>\n<\/div>\n\t\t\t<\/div>\n\t\t<\/div>\n\t<\/div>\n<\/div>\n\n<div id=\"acf-block-67bbf359a7f7b\" class=\"block cards cards-2-col bg-band bg-band-secondary block-zero-bottom\">\n\t<div class=\"wrapper\">\n\t\t<div class=\"inner-wrapper\">\n\t\t\t<div class=\"cards-title\">\n\t\t\t    \t\t\t\t\t\t\t<\/div>\n\t\t\t<div class=\"cards-wrapper\">\n\t\t\t    \n<div id=\"acf-block-67bbf359a86df\" class=\"card card-fixed-button\" data-muted-autoplay=\"false\">\n        <div class=\"card-content\">\n                            <h4>Conozca a otras personas de la comunidad\n<\/h4>\n        \n                                                                                                            <p>Los eventos de Rising Love re\u00fanen a ni\u00f1os con acondroplasia y a sus familias para compartir experiencias, ofrecer apoyo y establecer amistades duraderas. Obtenga m\u00e1s informaci\u00f3n sobre la acondroplasia y conozca a los miembros de su comunidad local en una reuni\u00f3n familiar cerca de usted.<\/p>\n                                                                                                                                                                                                                                                                        \n                                                                                        <\/div>\n                                <div class=\"card-actions\">\n                            \n                            <p><a class=\"button button-arrow\" href=\"https:\/\/achondroplasia.biomarin.com\/es-us\/events\/\" target=\"_self\">\u00danase a un evento<\/a><\/p>\n                                                                                    <\/div>\n<\/div>\n\n<div id=\"acf-block-67bbf359a85df\" class=\"card card-fixed-button\" data-muted-autoplay=\"false\">\n        <div class=\"card-content\">\n                            <h4>Escuche a profesionales de la salud experimentados\n<\/h4>\n        \n                                                                                                            <p>Asistia a una presentaci\u00f3n educativa virtual o en persona dirigida por un profesional de atenci\u00f3n m\u00e9dica para obtener un conocimiento m\u00e1s completo de la acondroplasia. Inf\u00f3rmese sobre estos eventos y otros recursos inscribi\u00e9ndose para recibir correos electr\u00f3nicos.<\/p>\n                                                                                                                                                                                                                                                                        \n                                                                                        <\/div>\n                                <div class=\"card-actions\">\n                            \n                            <p><a class=\"button button-arrow\" href=\"https:\/\/achondroplasia.biomarin.com\/es-us\/stay-connected\/\" target=\"_self\">Mant\u00e9ngase conectado<\/a><\/p>\n                                                                                    <\/div>\n<\/div>\n\t\t\t<\/div>\n\t\t<\/div>\n\t<\/div>\n<\/div>\n\n<div id=\"acf-block-67d29619837c8\" class=\"block call-to-action block-zero-top block-zero-bottom\">\n    <div class=\"wrapper\">\n\t\t<div class=\"inner-wrapper\">\n\t\t\t<div class=\"box\" style=\"\">\n\t\t\t\t<div class=\"overlay\"><\/div>\n\t\t\t\t<div class=\"cta-content\">\n\t\t\t\t                            <div class=\"cta-image\">\n                            <img decoding=\"async\" class=\"\" src=\"https:\/\/achondroplasia.biomarin.com\/es-us\/wp-content\/uploads\/sites\/26\/2025\/02\/EMAIL_icon@2x-1.png?v=0.96\" alt=\"\" \/>                        <\/div>\n                    \t\t\t\t\t<div class=\"cta-content-main\">\n                        <div class=\"content-block\">\n\t\t\t\t\t        \t\t\t\t\t        \t\t\t\t\t\t        <h2 class=\"h3\">Sea parte de Inside Story\n<\/h2>\n\t\t\t\t\t\t    \t\t\t\t\t\t    \t\t\t\t\t\t        <p>Obtenga acceso a informaci\u00f3n sobre la acondroplasia, incluidos los \u00faltimos avances en investigaci\u00f3n y los pr\u00f3ximos eventos en su zona. Todo se env\u00eda directamente a su bandeja de entrada.<\/p>\n\t\t\t\t\t\t    \t\t\t\t\t    <\/div>\n\t\t\t\t\t                                <div class=\"content-block\">\n                                <p><a class=\"button button-ghost button-arrow\" href=\"https:\/\/achondroplasia.biomarin.com\/es-us\/stay-connected\/\" target=\"_self\">Mant\u00e9ngase conectado<\/a><\/p>\n                            <\/div>\n\t\t\t\t\t                        <\/div>\n\t\t\t\t<\/div>\n\t\t\t<\/div>\n\t\t<\/div>\n\t<\/div>\n<\/div>\n\n<div id=\"acf-block-67d408d2d96bb\" class=\"block wrapped-content block-tight-top block-zero-bottom\">\n    <div class=\"wrapper\">\n        <div class=\"inner-wrapper\">\n                \n<div id=\"acf-block-67d408d2d98c2\" class=\"block-wysiwyg\">\n            <p><small>*Los nombres se anonimizaron.<\/small><\/p>\n    <\/div>\n        <\/div>\n    <\/div>\n<\/div>\n\n<div id=\"acf-block-67d2b2cbc259e\" class=\"block references\">\n    <div class=\"wrapper\">\n\t\t<div class=\"inner-wrapper\">\n\t\t    \t\t\t    <h4>Referencias:\n<\/h4>\n\t\t\t\t\t\t                <ol>\n                                                                                                                        <li><span>Foreman PK, van Kessel F, van Hoorn R, et al. Birth prevalence of achondroplasia: a systematic literature review and meta-analysis. <em>Am J Med Genet A<\/em>. 2020;182(10):2297-2316.\n<\/span><\/li>\n                                                                                                                                                <li><span>Savarirayan R, Ireland P, Irving M, et al. International Consensus Statement on the diagnosis, multidisciplinary management and lifelong care of individuals with achondroplasia. <em>Nat Rev Endocrinol<\/em>. 2022;18(3):173-189.\n<\/span><\/li>\n                                                                                                                                                <li><span>Hoover-Fong J, Scott CI, Jones MC; AAP Committee on Genetics. Health supervision for people with achondroplasia. <em>Pediatrics<\/em>. 2020;145(6):e20201010.\n<\/span><\/li>\n                                                                                                                                                <li><span>Horton WA, Hall JG, Hecht JT. Achondroplasia. <em>Lancet<\/em>. 2007;370(9582):162-172.\n<\/span><\/li>\n                                                            <\/ol>\n\t\t\t\t\t<\/div>\n\t<\/div>\n<\/div>\n\n<div id=\"acf-block-67bbff01a68fb\" class=\"block next-previous\">\n    <div class=\"wrapper\">\n\t\t<div class=\"inner-wrapper\">\n            <div class=\"link link-prev\">\n                                    <p><a class=\"button button-text button-arrow button-arrow-left\" href=\"https:\/\/achondroplasia.biomarin.com\/es-us\/about-achondroplasia\/\" target=\"_self\">Acerca de la acondroplasia<\/a><\/p>\n                            <\/div>\n            <div class=\"link link-next\">\n                                    <p><a class=\"button button-text button-arrow\" href=\"https:\/\/achondroplasia.biomarin.com\/es-us\/events\/\" target=\"_self\">Eventos<\/a><\/p>\n                            <\/div>\n\t\t<\/div>\n\t<\/div>\n<\/div>","protected":false},"excerpt":{"rendered":"","protected":false},"author":3,"featured_media":0,"parent":0,"menu_order":0,"comment_status":"closed","ping_status":"closed","template":"","meta":{"_acf_changed":false,"inline_featured_image":false,"footnotes":""},"class_list":["post-2008","page","type-page","status-publish","hentry"],"acf":[],"yoast_head":"<!-- This site is optimized with the Yoast SEO plugin v27.4 - https:\/\/yoast.com\/product\/yoast-seo-wordpress\/ -->\n<title>Achondroplasia Resources | Helpful Resources &amp; Services<\/title>\n<meta name=\"description\" content=\"Explore helpful achondroplasia resources, find local healthcare providers, and connect with experienced members of the community.\" \/>\n<meta name=\"robots\" content=\"index, follow, max-snippet:-1, max-image-preview:large, max-video-preview:-1\" \/>\n<link rel=\"canonical\" href=\"https:\/\/achondroplasia.biomarin.com\/es-us\/resources\/\" \/>\n<meta property=\"og:locale\" content=\"es_ES\" \/>\n<meta property=\"og:type\" content=\"article\" \/>\n<meta property=\"og:title\" content=\"Achondroplasia Resources | Helpful Resources &amp; Services\" \/>\n<meta property=\"og:description\" content=\"Explore helpful achondroplasia resources, find local healthcare providers, and connect with experienced members of the community.\" \/>\n<meta property=\"og:url\" content=\"https:\/\/achondroplasia.biomarin.com\/es-us\/resources\/\" \/>\n<meta property=\"og:site_name\" content=\"BioMarin ACH DSE Patient ES-US\" \/>\n<meta property=\"article:modified_time\" content=\"2026-05-06T15:56:10+00:00\" \/>\n<meta name=\"twitter:card\" content=\"summary_large_image\" \/>\n<script type=\"application\/ld+json\" class=\"yoast-schema-graph\">{\"@context\":\"https:\\\/\\\/schema.org\",\"@graph\":[{\"@type\":\"WebPage\",\"@id\":\"https:\\\/\\\/achondroplasia.biomarin.com\\\/es-us\\\/resources\\\/\",\"url\":\"https:\\\/\\\/achondroplasia.biomarin.com\\\/es-us\\\/resources\\\/\",\"name\":\"Achondroplasia Resources | Helpful Resources & Services\",\"isPartOf\":{\"@id\":\"https:\\\/\\\/achondroplasia.biomarin.com\\\/es-us\\\/#website\"},\"datePublished\":\"2025-02-20T09:46:16+00:00\",\"dateModified\":\"2026-05-06T15:56:10+00:00\",\"description\":\"Explore helpful achondroplasia resources, find local healthcare providers, and connect with experienced members of the community.\",\"breadcrumb\":{\"@id\":\"https:\\\/\\\/achondroplasia.biomarin.com\\\/es-us\\\/resources\\\/#breadcrumb\"},\"inLanguage\":\"es\",\"potentialAction\":[{\"@type\":\"ReadAction\",\"target\":[\"https:\\\/\\\/achondroplasia.biomarin.com\\\/es-us\\\/resources\\\/\"]}]},{\"@type\":\"BreadcrumbList\",\"@id\":\"https:\\\/\\\/achondroplasia.biomarin.com\\\/es-us\\\/resources\\\/#breadcrumb\",\"itemListElement\":[{\"@type\":\"ListItem\",\"position\":1,\"name\":\"Home\",\"item\":\"https:\\\/\\\/achondroplasia.biomarin.com\\\/es-us\\\/\"},{\"@type\":\"ListItem\",\"position\":2,\"name\":\"Resources\"}]},{\"@type\":\"WebSite\",\"@id\":\"https:\\\/\\\/achondroplasia.biomarin.com\\\/es-us\\\/#website\",\"url\":\"https:\\\/\\\/achondroplasia.biomarin.com\\\/es-us\\\/\",\"name\":\"BioMarin ACH DSE Patient ES-US\",\"description\":\"\",\"potentialAction\":[{\"@type\":\"SearchAction\",\"target\":{\"@type\":\"EntryPoint\",\"urlTemplate\":\"https:\\\/\\\/achondroplasia.biomarin.com\\\/es-us\\\/?s={search_term_string}\"},\"query-input\":{\"@type\":\"PropertyValueSpecification\",\"valueRequired\":true,\"valueName\":\"search_term_string\"}}],\"inLanguage\":\"es\"}]}<\/script>\n<!-- \/ Yoast SEO plugin. -->","yoast_head_json":{"title":"Achondroplasia Resources | Helpful Resources & Services","description":"Explore helpful achondroplasia resources, find local healthcare providers, and connect with experienced members of the community.","robots":{"index":"index","follow":"follow","max-snippet":"max-snippet:-1","max-image-preview":"max-image-preview:large","max-video-preview":"max-video-preview:-1"},"canonical":"https:\/\/achondroplasia.biomarin.com\/es-us\/resources\/","og_locale":"es_ES","og_type":"article","og_title":"Achondroplasia Resources | Helpful Resources & Services","og_description":"Explore helpful achondroplasia resources, find local healthcare providers, and connect with experienced members of the community.","og_url":"https:\/\/achondroplasia.biomarin.com\/es-us\/resources\/","og_site_name":"BioMarin ACH DSE Patient ES-US","article_modified_time":"2026-05-06T15:56:10+00:00","twitter_card":"summary_large_image","schema":{"@context":"https:\/\/schema.org","@graph":[{"@type":"WebPage","@id":"https:\/\/achondroplasia.biomarin.com\/es-us\/resources\/","url":"https:\/\/achondroplasia.biomarin.com\/es-us\/resources\/","name":"Achondroplasia Resources | Helpful Resources & Services","isPartOf":{"@id":"https:\/\/achondroplasia.biomarin.com\/es-us\/#website"},"datePublished":"2025-02-20T09:46:16+00:00","dateModified":"2026-05-06T15:56:10+00:00","description":"Explore helpful achondroplasia resources, find local healthcare providers, and connect with experienced members of the community.","breadcrumb":{"@id":"https:\/\/achondroplasia.biomarin.com\/es-us\/resources\/#breadcrumb"},"inLanguage":"es","potentialAction":[{"@type":"ReadAction","target":["https:\/\/achondroplasia.biomarin.com\/es-us\/resources\/"]}]},{"@type":"BreadcrumbList","@id":"https:\/\/achondroplasia.biomarin.com\/es-us\/resources\/#breadcrumb","itemListElement":[{"@type":"ListItem","position":1,"name":"Home","item":"https:\/\/achondroplasia.biomarin.com\/es-us\/"},{"@type":"ListItem","position":2,"name":"Resources"}]},{"@type":"WebSite","@id":"https:\/\/achondroplasia.biomarin.com\/es-us\/#website","url":"https:\/\/achondroplasia.biomarin.com\/es-us\/","name":"BioMarin ACH DSE Patient ES-US","description":"","potentialAction":[{"@type":"SearchAction","target":{"@type":"EntryPoint","urlTemplate":"https:\/\/achondroplasia.biomarin.com\/es-us\/?s={search_term_string}"},"query-input":{"@type":"PropertyValueSpecification","valueRequired":true,"valueName":"search_term_string"}}],"inLanguage":"es"}]}},"_links":{"self":[{"href":"https:\/\/achondroplasia.biomarin.com\/es-us\/wp-json\/wp\/v2\/pages\/2008","targetHints":{"allow":["GET"]}}],"collection":[{"href":"https:\/\/achondroplasia.biomarin.com\/es-us\/wp-json\/wp\/v2\/pages"}],"about":[{"href":"https:\/\/achondroplasia.biomarin.com\/es-us\/wp-json\/wp\/v2\/types\/page"}],"author":[{"embeddable":true,"href":"https:\/\/achondroplasia.biomarin.com\/es-us\/wp-json\/wp\/v2\/users\/3"}],"replies":[{"embeddable":true,"href":"https:\/\/achondroplasia.biomarin.com\/es-us\/wp-json\/wp\/v2\/comments?post=2008"}],"version-history":[{"count":109,"href":"https:\/\/achondroplasia.biomarin.com\/es-us\/wp-json\/wp\/v2\/pages\/2008\/revisions"}],"predecessor-version":[{"id":3471,"href":"https:\/\/achondroplasia.biomarin.com\/es-us\/wp-json\/wp\/v2\/pages\/2008\/revisions\/3471"}],"wp:attachment":[{"href":"https:\/\/achondroplasia.biomarin.com\/es-us\/wp-json\/wp\/v2\/media?parent=2008"}],"curies":[{"name":"wp","href":"https:\/\/api.w.org\/{rel}","templated":true}]}}