{"id":11,"date":"2023-07-05T17:19:08","date_gmt":"2023-07-05T17:19:08","guid":{"rendered":"https:\/\/achdsepatient-dev-001.azurewebsites.net\/en-us\/?page_id=11"},"modified":"2026-04-30T14:29:17","modified_gmt":"2026-04-30T14:29:17","slug":"home","status":"publish","type":"page","link":"https:\/\/achondroplasia.biomarin.com\/es-us\/","title":{"rendered":"Home"},"content":{"rendered":"<div id=\"acf-block-67dc3990dee73\" class=\"hero\">\n            <div class=\"hero-background-image hero-background-image-desktop\" style=\"background-image: url(https:\/\/achondroplasia.biomarin.com\/es-us\/wp-content\/uploads\/sites\/26\/2025\/03\/Hero-2000x800.png);\"><\/div>\n\t    <div class=\"hero-background-image hero-background-image-tablet\" style=\"background-image: url(https:\/\/achondroplasia.biomarin.com\/es-us\/wp-content\/uploads\/sites\/26\/2025\/03\/home_hero-tablet-v2.png?v=0.96);\"><\/div>\n        <div class=\"hero-background-image hero-background-image-mobile\" style=\"background-image: url(https:\/\/achondroplasia.biomarin.com\/es-us\/wp-content\/uploads\/sites\/26\/2025\/03\/home_hero.jpg?v=0.96);\"><\/div>\n    \t<div class=\"overlay\"><\/div>\n\t<div class=\"wrapper\">\n\t\t<div class=\"inner-wrapper\">\n\t\t\t<div class=\"hero-content\">\n\t\t\t    \t\t\t\t    <span class=\"section-title\">Bienvenido a<\/span>\n\t\t\t\t\t\t\t\t\t\t\t\t\t\t\t\t    <h1>The Inside Story\n<\/h1>\n\t\t\t\t\t\t\t\t\t\t\t\t    <p><strong>Su experiencia con la acondroplasia puede ser abrumadora, pero no est\u00e1 solo. Una comunidad de personas resilientes, cuidadores dedicados y profesionales m\u00e9dicos experimentados est\u00e1 aqu\u00ed para ofrecer orientaci\u00f3n, apoyo y experiencia, asegur\u00e1ndose de que usted y su hijo tengan recursos para prosperar en cada paso del camino.<\/strong><\/p>\n\t\t\t\t\t\t\t\t\t\t\t\t\t\t\t<\/div>\n\t\t<\/div>\n\t<\/div>\n<\/div>\n\n\n<div id=\"acf-block-67bc87bdce11e\" class=\"block quote bg-primary quote-full block-zero-top block-zero-bottom\">\n    <div class=\"wrapper\">\n\t\t<div class=\"inner-wrapper\">\n\t\t\t<div class=\"box\">\n\t\t\t\t<div class=\"quote-content\">\n\t\t\t\t    \t\t\t\t\t<div class=\"content-block\">\n\t\t\t\t\t\t<blockquote>\n\t\t\t\t\t\t    \t\t\t\t\t\t\t    <p>La acondroplasia es solo parte de ellos y no es su vida. Su nombre es Sarah, no acondroplasia&#8230; la acondroplasia es solo su afecci\u00f3n.<\/p>\n\t\t\t\t\t\t\t\t\t\t\t\t\t\t\t\t\t\t\t\t\t    <cite>Jennifer, cuidadora de Sarah de 5 a\u00f1os* <\/cite>\n\t\t\t\t\t\t\t\t\t\t\t\t\t<\/blockquote>\n\t\t\t\t\t<\/div>\n\t\t\t\t<\/div>\n\t\t\t<\/div>\n\t\t<\/div>\n\t<\/div>\n<\/div>\n\n<div id=\"acf-block-67d82e83457b8\" class=\"block split-content full-width-content equal-bias bg-band bg-band-secondary bottom-border block-zero-top block-zero-bottom\" >\n\t\t\t<div class=\"background-image background-image-desktop image-left\" style=\"background-image: url(https:\/\/achondroplasia.biomarin.com\/es-us\/wp-content\/uploads\/sites\/26\/2025\/03\/Understanding-wide-v2-e1742228804173-1024x392.png);\"><\/div>\n\t\t<div class=\"background-image background-image-mobile mobile-image-top\" style=\"background-image: url(https:\/\/achondroplasia.biomarin.com\/es-us\/wp-content\/uploads\/sites\/26\/2025\/02\/Understanding-768x481.png);\"><\/div>\n\t\t<div class=\"wrapper wrapper-align-bottom\">\n\t\t<div class=\"inner-wrapper\">\n\t\t                                            <div class=\"content-block first-block\">\n                                                    <\/div>\n\n                        <div class=\"content-block second-block\">\n                                                                                                <h2 class=\"h3\"><strong>Comprensi\u00f3n de la achondroplasia<\/strong><\/h2>\n<p>Profundice su entendimiento de la acondroplasia para conocer su causa y c\u00f3mo el crecimiento \u00f3seo inhibido puede afectar al desarrollo.<\/p>\n                                                                                                                                                                                                                                                                                                                                                                                                                                                                        <p><a class=\"button button-arrow\" href=\"https:\/\/achondroplasia.biomarin.com\/es-us\/about-achondroplasia\/\" target=\"_self\">M\u00e1s informaci\u00f3n<\/a><\/p>\n                                                                                                                        <\/div>\n                            \t\t<\/div>\n\t<\/div>\n<\/div>\n\n<div id=\"acf-block-67b7fa3bb05de\" class=\"block split-content equal-bias block-tight-top block-zero-bottom\" data-muted-autoplay=\"false\">\n\t<div class=\"wrapper\">\n\t\t<div class=\"inner-wrapper\">\n\t\t                                                                <div class=\"content-block first-block\">\n                                                                                                <h2 class=\"h3\">Conozca a otras personas de la comunidad<\/h2>\n<p>Los eventos de Rising Love re\u00fanen a ni\u00f1os con acondroplasia y a sus familias para compartir experiencias, ofrecer apoyo y establecer amistades duraderas. Conozca a los miembros de su comunidad local de acondroplasia en una reuni\u00f3n familiar cerca de usted.<\/p>\n                                                                                                                                                                                                                                                                                                                                                                                                                                                                        <p><a class=\"button button-arrow\" href=\"https:\/\/achondroplasia.biomarin.com\/es-us\/events\/\" target=\"_self\">\u00danase a un evento<\/a><\/p>\n                                                                                                                        <\/div>\n                    \n                                            <div class=\"content-block second-block\">\n                                                                                                                                                                                                                                                                                    \n                                    \n                                    \n                                    \n                                    <figure>\n                                        <div class=\"image\">\n                                                                                            <img decoding=\"async\" class=\"\" src=\"https:\/\/achondroplasia.biomarin.com\/es-us\/wp-content\/uploads\/sites\/26\/2025\/02\/rising-love.jpg?v=0.96\" alt=\"\" \/>                                                                                    <\/div>\n                                                                            <\/figure>\n                                                                                    <\/div>\n                                                \t\t<\/div>\n\t<\/div>\n<\/div>\n\n<div id=\"acf-block-67cf1e436a79a\" class=\"block split-content full-width-content equal-bias bg-band bg-band-secondary block-zero-top block-zero-bottom\" >\n\t\t\t<div class=\"background-image background-image-desktop image-left\" style=\"background-image: url(https:\/\/achondroplasia.biomarin.com\/es-us\/wp-content\/uploads\/sites\/26\/2025\/03\/reagan.png?v=0.96);\"><\/div>\n\t\t<div class=\"background-image background-image-mobile mobile-image-top\" style=\"background-image: url(https:\/\/achondroplasia.biomarin.com\/es-us\/wp-content\/uploads\/sites\/26\/2025\/03\/reagan.png?v=0.96);\"><\/div>\n\t\t<div class=\"wrapper wrapper-align-bottom\">\n\t\t<div class=\"inner-wrapper\">\n\t\t                                            <div class=\"content-block first-block\">\n                                                    <\/div>\n\n                        <div class=\"content-block second-block\">\n                                                                                                <h4>Conozca a Raegan y a su madre, Raechel<\/h4>\n<p>Raegan tiene una personalidad extraordinaria y le encanta re\u00edrse. Su madre, Raechel, es una planificadora que siempre tiene en cuenta el panorama general. Vea c\u00f3mo su comunidad las ayud\u00f3 a encontrar pertenencia y comprensi\u00f3n.<\/p>\n                                                                                                                                                                                                                                                                                                                                                                                                                                                                        <p><a class=\"button modal-video permitted button-arrow external_link\" href=\"https:\/\/player.vimeo.com\/video\/1065678412\">Ver el v\u00eddeo<\/a><\/p>\n                                                                                                                        <\/div>\n                            \t\t<\/div>\n\t<\/div>\n<\/div>\n\n<div id=\"acf-block-67d29619837c8\" class=\"block call-to-action block-zero-top block-zero-bottom\">\n    <div class=\"wrapper\">\n\t\t<div class=\"inner-wrapper\">\n\t\t\t<div class=\"box\" style=\"\">\n\t\t\t\t<div class=\"overlay\"><\/div>\n\t\t\t\t<div class=\"cta-content\">\n\t\t\t\t                            <div class=\"cta-image\">\n                            <img decoding=\"async\" class=\"\" src=\"https:\/\/achondroplasia.biomarin.com\/es-us\/wp-content\/uploads\/sites\/26\/2025\/02\/EMAIL_icon@2x-1.png?v=0.96\" alt=\"\" \/>                        <\/div>\n                    \t\t\t\t\t<div class=\"cta-content-main\">\n                        <div class=\"content-block\">\n\t\t\t\t\t        \t\t\t\t\t        \t\t\t\t\t\t        <h2 class=\"h3\">Sea parte de Inside Story\n<\/h2>\n\t\t\t\t\t\t    \t\t\t\t\t\t    \t\t\t\t\t\t        <p>Obtenga acceso a informaci\u00f3n sobre la acondroplasia, incluidos los \u00faltimos avances en investigaci\u00f3n y los pr\u00f3ximos eventos en su zona. Todo se env\u00eda directamente a su bandeja de entrada.<\/p>\n\t\t\t\t\t\t    \t\t\t\t\t    <\/div>\n\t\t\t\t\t                                <div class=\"content-block\">\n                                <p><a class=\"button button-ghost button-arrow\" href=\"https:\/\/achondroplasia.biomarin.com\/es-us\/stay-connected\/\" target=\"_self\">Mant\u00e9ngase conectado<\/a><\/p>\n                            <\/div>\n\t\t\t\t\t                        <\/div>\n\t\t\t\t<\/div>\n\t\t\t<\/div>\n\t\t<\/div>\n\t<\/div>\n<\/div>\n\n<div id=\"acf-block-67d408d2d96bb\" class=\"block wrapped-content block-tight-top block-zero-bottom\">\n    <div class=\"wrapper\">\n        <div class=\"inner-wrapper\">\n                \n<div id=\"acf-block-67d408d2d98c2\" class=\"block-wysiwyg\">\n            <p><small>*Los nombres se anonimizaron.<\/small><\/p>\n    <\/div>\n        <\/div>\n    <\/div>\n<\/div>\n\n<div id=\"acf-block-67c9c22b40f85\" class=\"block references block-zero-top block-tight-bottom\">\n    <div class=\"wrapper\">\n\t\t<div class=\"inner-wrapper\">\n\t\t    \t\t\t    <h4>Referencias:\n<\/h4>\n\t\t\t\t\t\t                <ol>\n                                                                                                                        <li><span>Horton WA, Hall JG, Hecht JT. Achondroplasia. <em>Lancet<\/em>. 2007;370(9582):162-172.\n<\/span><\/li>\n                                                                                                                                                <li><span>Hoover-Fong J, Cheung MS, Fano V, et al. Lifetime impact of achondroplasia: current evidence and perspectives on the natural history. <em>Bone<\/em>. 2021;146:115872.\n<\/span><\/li>\n                                                                                                                                                <li><span>Constantinides C, Landis SH, Jarrett J, et al. Quality of life, physical functioning, and psychosocial function among patients with achondroplasia: a targeted literature review. <em>Disabil Rehabil<\/em>. 2022;44(21):6166-6178.\n<\/span><\/li>\n                                                            <\/ol>\n\t\t\t\t\t<\/div>\n\t<\/div>\n<\/div>\n\n<div id=\"acf-block-67c04b85e80b1\" class=\"block next-previous block-zero-top block-zero-bottom\">\n    <div class=\"wrapper\">\n\t\t<div class=\"inner-wrapper\">\n            <div class=\"link link-prev\">\n                                    <p><a class=\"button button-text button-arrow button-arrow-left\" href=\"https:\/\/achondroplasia.biomarin.com\/es-us\/events\/\" target=\"_self\">Eventos<\/a><\/p>\n                            <\/div>\n            <div class=\"link link-next\">\n                                    <p><a class=\"button button-text button-arrow\" href=\"https:\/\/achondroplasia.biomarin.com\/es-us\/community-support\/\" target=\"_self\">Apoyo a la comunidad<\/a><\/p>\n                            <\/div>\n\t\t<\/div>\n\t<\/div>\n<\/div>","protected":false},"excerpt":{"rendered":"","protected":false},"author":3,"featured_media":0,"parent":0,"menu_order":0,"comment_status":"closed","ping_status":"closed","template":"","meta":{"_acf_changed":false,"inline_featured_image":false,"footnotes":""},"class_list":["post-11","page","type-page","status-publish","hentry"],"acf":[],"yoast_head":"<!-- This site is optimized with the Yoast SEO plugin v27.4 - https:\/\/yoast.com\/product\/yoast-seo-wordpress\/ -->\n<title>Achondroplasia Information &amp; Support | Get the Inside Story<\/title>\n<meta name=\"description\" content=\"Discover guidance, support, and expertise from within the achondroplasia community.\" \/>\n<meta name=\"robots\" content=\"index, follow, max-snippet:-1, max-image-preview:large, max-video-preview:-1\" \/>\n<link rel=\"canonical\" href=\"https:\/\/achondroplasia.biomarin.com\/es-us\/\" \/>\n<meta property=\"og:locale\" content=\"es_ES\" \/>\n<meta property=\"og:type\" content=\"article\" \/>\n<meta property=\"og:title\" content=\"Achondroplasia Information &amp; Support | Get the Inside Story\" \/>\n<meta property=\"og:description\" content=\"Discover guidance, support, and expertise from within the achondroplasia community.\" \/>\n<meta property=\"og:url\" content=\"https:\/\/achondroplasia.biomarin.com\/es-us\/\" \/>\n<meta property=\"og:site_name\" content=\"BioMarin ACH DSE Patient ES-US\" \/>\n<meta property=\"article:modified_time\" content=\"2026-04-30T14:29:17+00:00\" \/>\n<meta name=\"twitter:card\" content=\"summary_large_image\" \/>\n<script type=\"application\/ld+json\" class=\"yoast-schema-graph\">{\"@context\":\"https:\\\/\\\/schema.org\",\"@graph\":[{\"@type\":\"WebPage\",\"@id\":\"https:\\\/\\\/achondroplasia.biomarin.com\\\/es-us\\\/\",\"url\":\"https:\\\/\\\/achondroplasia.biomarin.com\\\/es-us\\\/\",\"name\":\"Achondroplasia Information & Support | Get the Inside Story\",\"isPartOf\":{\"@id\":\"https:\\\/\\\/achondroplasia.biomarin.com\\\/es-us\\\/#website\"},\"datePublished\":\"2023-07-05T17:19:08+00:00\",\"dateModified\":\"2026-04-30T14:29:17+00:00\",\"description\":\"Discover guidance, support, and expertise from within the achondroplasia community.\",\"breadcrumb\":{\"@id\":\"https:\\\/\\\/achondroplasia.biomarin.com\\\/es-us\\\/#breadcrumb\"},\"inLanguage\":\"es\",\"potentialAction\":[{\"@type\":\"ReadAction\",\"target\":[\"https:\\\/\\\/achondroplasia.biomarin.com\\\/es-us\\\/\"]}]},{\"@type\":\"BreadcrumbList\",\"@id\":\"https:\\\/\\\/achondroplasia.biomarin.com\\\/es-us\\\/#breadcrumb\",\"itemListElement\":[{\"@type\":\"ListItem\",\"position\":1,\"name\":\"Home\",\"item\":\"https:\\\/\\\/achondroplasia.biomarin.com\\\/es-us\\\/\"},{\"@type\":\"ListItem\",\"position\":2,\"name\":\"Home\"}]},{\"@type\":\"WebSite\",\"@id\":\"https:\\\/\\\/achondroplasia.biomarin.com\\\/es-us\\\/#website\",\"url\":\"https:\\\/\\\/achondroplasia.biomarin.com\\\/es-us\\\/\",\"name\":\"BioMarin ACH DSE Patient ES-US\",\"description\":\"\",\"potentialAction\":[{\"@type\":\"SearchAction\",\"target\":{\"@type\":\"EntryPoint\",\"urlTemplate\":\"https:\\\/\\\/achondroplasia.biomarin.com\\\/es-us\\\/?s={search_term_string}\"},\"query-input\":{\"@type\":\"PropertyValueSpecification\",\"valueRequired\":true,\"valueName\":\"search_term_string\"}}],\"inLanguage\":\"es\"}]}<\/script>\n<!-- \/ Yoast SEO plugin. -->","yoast_head_json":{"title":"Achondroplasia Information & Support | Get the Inside Story","description":"Discover guidance, support, and expertise from within the achondroplasia community.","robots":{"index":"index","follow":"follow","max-snippet":"max-snippet:-1","max-image-preview":"max-image-preview:large","max-video-preview":"max-video-preview:-1"},"canonical":"https:\/\/achondroplasia.biomarin.com\/es-us\/","og_locale":"es_ES","og_type":"article","og_title":"Achondroplasia Information & Support | Get the Inside Story","og_description":"Discover guidance, support, and expertise from within the achondroplasia community.","og_url":"https:\/\/achondroplasia.biomarin.com\/es-us\/","og_site_name":"BioMarin ACH DSE Patient ES-US","article_modified_time":"2026-04-30T14:29:17+00:00","twitter_card":"summary_large_image","schema":{"@context":"https:\/\/schema.org","@graph":[{"@type":"WebPage","@id":"https:\/\/achondroplasia.biomarin.com\/es-us\/","url":"https:\/\/achondroplasia.biomarin.com\/es-us\/","name":"Achondroplasia Information & Support | Get the Inside Story","isPartOf":{"@id":"https:\/\/achondroplasia.biomarin.com\/es-us\/#website"},"datePublished":"2023-07-05T17:19:08+00:00","dateModified":"2026-04-30T14:29:17+00:00","description":"Discover guidance, support, and expertise from within the achondroplasia community.","breadcrumb":{"@id":"https:\/\/achondroplasia.biomarin.com\/es-us\/#breadcrumb"},"inLanguage":"es","potentialAction":[{"@type":"ReadAction","target":["https:\/\/achondroplasia.biomarin.com\/es-us\/"]}]},{"@type":"BreadcrumbList","@id":"https:\/\/achondroplasia.biomarin.com\/es-us\/#breadcrumb","itemListElement":[{"@type":"ListItem","position":1,"name":"Home","item":"https:\/\/achondroplasia.biomarin.com\/es-us\/"},{"@type":"ListItem","position":2,"name":"Home"}]},{"@type":"WebSite","@id":"https:\/\/achondroplasia.biomarin.com\/es-us\/#website","url":"https:\/\/achondroplasia.biomarin.com\/es-us\/","name":"BioMarin ACH DSE Patient ES-US","description":"","potentialAction":[{"@type":"SearchAction","target":{"@type":"EntryPoint","urlTemplate":"https:\/\/achondroplasia.biomarin.com\/es-us\/?s={search_term_string}"},"query-input":{"@type":"PropertyValueSpecification","valueRequired":true,"valueName":"search_term_string"}}],"inLanguage":"es"}]}},"_links":{"self":[{"href":"https:\/\/achondroplasia.biomarin.com\/es-us\/wp-json\/wp\/v2\/pages\/11","targetHints":{"allow":["GET"]}}],"collection":[{"href":"https:\/\/achondroplasia.biomarin.com\/es-us\/wp-json\/wp\/v2\/pages"}],"about":[{"href":"https:\/\/achondroplasia.biomarin.com\/es-us\/wp-json\/wp\/v2\/types\/page"}],"author":[{"embeddable":true,"href":"https:\/\/achondroplasia.biomarin.com\/es-us\/wp-json\/wp\/v2\/users\/3"}],"replies":[{"embeddable":true,"href":"https:\/\/achondroplasia.biomarin.com\/es-us\/wp-json\/wp\/v2\/comments?post=11"}],"version-history":[{"count":439,"href":"https:\/\/achondroplasia.biomarin.com\/es-us\/wp-json\/wp\/v2\/pages\/11\/revisions"}],"predecessor-version":[{"id":3442,"href":"https:\/\/achondroplasia.biomarin.com\/es-us\/wp-json\/wp\/v2\/pages\/11\/revisions\/3442"}],"wp:attachment":[{"href":"https:\/\/achondroplasia.biomarin.com\/es-us\/wp-json\/wp\/v2\/media?parent=11"}],"curies":[{"name":"wp","href":"https:\/\/api.w.org\/{rel}","templated":true}]}}