{"id":6,"date":"2023-09-25T17:03:15","date_gmt":"2023-09-25T17:03:15","guid":{"rendered":"https:\/\/achdsepatient-dev-001.azurewebsites.net\/es-419-i\/?page_id=6"},"modified":"2025-01-23T11:20:03","modified_gmt":"2025-01-23T11:20:03","slug":"home","status":"publish","type":"page","link":"https:\/\/achondroplasia.biomarin.com\/es-la\/mihistoriavamasalla\/","title":{"rendered":"Home"},"content":{"rendered":"<div id=\"acf-block-6718ccb63125f\" class=\"hero hero-no-overlay\">\n            <div class=\"hero-background-image hero-background-image-desktop\" style=\"background-image: url(https:\/\/achondroplasia.biomarin.com\/es-la\/mihistoriavamasalla\/wp-content\/uploads\/sites\/11\/2024\/10\/Homepage_BrunoCarra_1920x1080_ES-LA_2-1920x800.jpg);\"><\/div>\n\t    <div class=\"hero-background-image hero-background-image-mobile\" style=\"background-image: url(https:\/\/achondroplasia.biomarin.com\/es-la\/mihistoriavamasalla\/wp-content\/uploads\/sites\/11\/2024\/10\/mobile_bg.png?v=0.372);\"><\/div>\n    \t<div class=\"overlay\"><\/div>\n\t<div class=\"wrapper\">\n\t\t<div class=\"inner-wrapper\">\n\t\t\t<div class=\"hero-content\">\n\t\t\t    \t\t\t\t\t\t\t\t\t\t\t\t    <h1>Quien vive con acondroplasia tiene historias que van m\u00e1s all\u00e1 de lo que se ve\n<\/h1>\n\t\t\t\t\t\t\t\t\t\t\t\t    <p class=\"p1\">La acondroplasia es el tipo de talla baja m\u00e1s com\u00fan y su caracter\u00edstica m\u00e1s conocida es la baja estatura. Sin embargo, la acondroplasia va mucho m\u00e1s all\u00e1 e implica otras complicaciones y problemas de salud. Conoce m\u00e1s sobre la enfermedad y las historias de personas con acondroplasia y s\u00e9 parte de la transformaci\u00f3n.<\/p>\n\t\t\t\t\t\t\t\t\n                <p class=\"inline-buttons\">\n                    \t\t\t\t        <a class=\"button button-arrow\" href=\"https:\/\/achondroplasia.biomarin.com\/es-la\/mihistoriavamasalla\/acondroplasia\/\" target=\"_self\">Conoce la acondroplasia<\/a>\t\t\t\t                                        <\/p>\n\t\t\t\t\t\t\t<\/div>\n\t\t<\/div>\n\t<\/div>\n<\/div>\n\n\n<div id=\"acf-block-651615558a7d4\" class=\"block split-content equal-bias bg-band bg-band-white bottom-border block-zero-top block-zero-bottom block-remove-bottom-padding\" data-muted-autoplay=\"false\">\n\t<div class=\"wrapper\">\n\t\t<div class=\"inner-wrapper\">\n\t\t                                                                <div class=\"content-block first-block\">\n                                                                                                                                                                                                                                                <div class=\"video-poster\">\n\t\t\t                            <a class=\"modal-video permitted\" href=\"https:\/\/player.vimeo.com\/video\/1025204271\" style=\"background-image: url(https:\/\/achondroplasia.biomarin.com\/es-la\/mihistoriavamasalla\/wp-content\/uploads\/sites\/11\/2024\/11\/Mi-Historia-Va-Mas-Alla-1500x796.png);\">Play<\/a>\n\t\t                            <\/div>\n                                    \n                                                                                                                    \n                                                                                                                \n\t\t                                                                            <\/div>\n                    \n                                            <div class=\"content-block second-block\">\n                                                                                                <h3 class=\"p1\">UNA CAMPA\u00d1A BASADA EN HISTORIAS REALES<\/h3>\n<p class=\"p1\">Mi Historia Va M\u00e1s All\u00e1 presenta vidas extraordinarias de personas con acondroplasia, destacando sus singulares historias de superaci\u00f3n. En 60 segundos, descubra emocionantes historias que muestran que vivir con acondroplasia es mucho m\u00e1s que enfrentar una condici\u00f3n gen\u00e9tica: se trata de ir m\u00e1s all\u00e1 de los l\u00edmites y expectativas.<\/p>\n                                                                                    <\/div>\n                                                \t\t<\/div>\n\t<\/div>\n<\/div>\n\n<div id=\"historias\" class=\"block split-content equal-bias bg-band bg-band-primary block-zero-top block-zero-bottom\" data-muted-autoplay=\"false\">\n\t<div class=\"wrapper\">\n\t\t<div class=\"inner-wrapper\">\n\t\t                                                                <div class=\"content-block first-block\">\n                                                                                                <h3 class=\"p1\">OTRAS HISTORIAS QUE VAN M\u00c1S ALL\u00c1<\/h3>\n<p class=\"p1\">Descubra las historias de otras personas y familias con acondroplasia. A pesar de los temores y desaf\u00edos respecto a la enfermedad, esto no les impide ser protagonistas de su propia historia.<\/p>\n                                                                                                                                                                                                                                                                                                                                                                                                                                                                        <p><a class=\"button button-ghost button-arrow\" href=\"https:\/\/achondroplasia.biomarin.com\/es-la\/mihistoriavamasalla\/historias\/\" target=\"_self\">Conoce a nuestros protagonistas<\/a><\/p>\n                                                                                                                        <\/div>\n                    \n                                            <div class=\"content-block second-block\">\n                                                                                                                                                                                                                                                                                    \n                                    \n                                    \n                                    \n                                    <figure>\n                                        <div class=\"image\">\n                                                                                            <img decoding=\"async\" class=\"\" src=\"https:\/\/achondroplasia.biomarin.com\/es-la\/mihistoriavamasalla\/wp-content\/uploads\/sites\/11\/2024\/10\/BannerHistorias_524x400_Espanhol.png?v=0.372\" alt=\"\" \/>                                                                                    <\/div>\n                                                                            <\/figure>\n                                                                                    <\/div>\n                                                \t\t<\/div>\n\t<\/div>\n<\/div>\n\n<div id=\"acf-block-651615558abe8\" class=\"block wrapped-content bg-band bg-band-white block-zero-top block-zero-bottom\">\n    <div class=\"wrapper\">\n        <div class=\"inner-wrapper\">\n                \n<div id=\"acf-block-651615558ad8e\" class=\"block-wysiwyg\">\n            <h2 class=\"p1\" style=\"text-align: center\">APOYO<\/h2>\n    <\/div>\n\n<figure id=\"acf-block-651f56d3c6f79\">\n    <div class=\"image image-responsive image-rounded image-align-left\">\n                    <div class=\"image-desktop\">\n\t\t\t    <img decoding=\"async\" class=\"\" src=\"https:\/\/achondroplasia.biomarin.com\/es-la\/mihistoriavamasalla\/wp-content\/uploads\/sites\/11\/2025\/01\/240121-Logos-1900x152.jpg\" alt=\"\" \/>\t\t\t<\/div>\n\t\t\t<div class=\"image-mobile\">\n\t\t\t    <img decoding=\"async\" class=\"\" src=\"https:\/\/achondroplasia.biomarin.com\/es-la\/mihistoriavamasalla\/wp-content\/uploads\/sites\/11\/2025\/01\/240121-New-mobile-logos.jpg?v=0.372\" alt=\"\" \/>\t\t\t<\/div>\n            <\/div>\n    <\/figure>\n        <\/div>\n    <\/div>\n<\/div>","protected":false},"excerpt":{"rendered":"","protected":false},"author":1,"featured_media":0,"parent":0,"menu_order":0,"comment_status":"closed","ping_status":"closed","template":"","meta":{"_acf_changed":false,"inline_featured_image":false,"footnotes":""},"class_list":["post-6","page","type-page","status-publish","hentry"],"acf":[],"yoast_head":"<!-- This site is optimized with the Yoast SEO plugin v27.4 - https:\/\/yoast.com\/product\/yoast-seo-wordpress\/ -->\n<title>Mi Historia Va M\u00e1s All\u00e1 \u2013 BioMarin<\/title>\n<meta name=\"description\" content=\"Conozca m\u00e1s acerca la acondroplasia, el tipo m\u00e1s com\u00fan de talla baja, a trav\u00e9s de la campa\u00f1a Mi Historia Va M\u00e1s All\u00e1\" \/>\n<meta name=\"robots\" content=\"index, follow, max-snippet:-1, max-image-preview:large, max-video-preview:-1\" \/>\n<link rel=\"canonical\" href=\"https:\/\/achondroplasia.biomarin.com\/es-la\/mihistoriavamasalla\/\" \/>\n<meta property=\"og:locale\" content=\"es_ES\" \/>\n<meta property=\"og:type\" content=\"article\" \/>\n<meta property=\"og:title\" content=\"Mi Historia Va M\u00e1s All\u00e1 \u2013 BioMarin\" \/>\n<meta property=\"og:description\" content=\"Conozca m\u00e1s acerca la acondroplasia, el tipo m\u00e1s com\u00fan de talla baja, a trav\u00e9s de la campa\u00f1a Mi Historia Va M\u00e1s All\u00e1\" \/>\n<meta property=\"og:url\" content=\"https:\/\/achondroplasia.biomarin.com\/es-la\/mihistoriavamasalla\/\" \/>\n<meta property=\"og:site_name\" content=\"Mi Historia Va M\u00e1s All\u00e1 \u2013 BioMarin\" \/>\n<meta property=\"article:modified_time\" content=\"2025-01-23T11:20:03+00:00\" \/>\n<meta property=\"og:image\" content=\"https:\/\/achondroplasia.biomarin.com\/es-la\/mihistoriavamasalla\/wp-content\/uploads\/sites\/11\/2024\/10\/Homepage_BrunoCarra_1920x1080_ES-LA_2.jpg?v=0.308\" \/>\n\t<meta property=\"og:image:width\" content=\"1920\" \/>\n\t<meta property=\"og:image:height\" content=\"967\" \/>\n\t<meta property=\"og:image:type\" content=\"image\/jpeg\" \/>\n<meta name=\"twitter:card\" content=\"summary_large_image\" \/>\n<meta name=\"twitter:title\" content=\"Mi Historia Va M\u00e1s All\u00e1 \u2013 BioMarin\" \/>\n<meta name=\"twitter:description\" content=\"Conozca m\u00e1s acerca la acondroplasia, el tipo m\u00e1s com\u00fan de talla baja, a trav\u00e9s de la campa\u00f1a Mi Historia Va M\u00e1s All\u00e1\" \/>\n<meta name=\"twitter:image\" content=\"https:\/\/achondroplasia.biomarin.com\/es-la\/mihistoriavamasalla\/wp-content\/uploads\/sites\/11\/2024\/10\/Homepage_BrunoCarra_1920x1080_ES-LA_2.jpg?v=0.372\" \/>\n<script type=\"application\/ld+json\" class=\"yoast-schema-graph\">{\"@context\":\"https:\\\/\\\/schema.org\",\"@graph\":[{\"@type\":\"WebPage\",\"@id\":\"https:\\\/\\\/achondroplasia.biomarin.com\\\/es-la\\\/mihistoriavamasalla\\\/\",\"url\":\"https:\\\/\\\/achondroplasia.biomarin.com\\\/es-la\\\/mihistoriavamasalla\\\/\",\"name\":\"Mi Historia Va M\u00e1s All\u00e1 \u2013 BioMarin\",\"isPartOf\":{\"@id\":\"https:\\\/\\\/achondroplasia.biomarin.com\\\/es-la\\\/mihistoriavamasalla\\\/#website\"},\"datePublished\":\"2023-09-25T17:03:15+00:00\",\"dateModified\":\"2025-01-23T11:20:03+00:00\",\"description\":\"Conozca m\u00e1s acerca la acondroplasia, el tipo m\u00e1s com\u00fan de talla baja, a trav\u00e9s de la campa\u00f1a Mi Historia Va M\u00e1s All\u00e1\",\"breadcrumb\":{\"@id\":\"https:\\\/\\\/achondroplasia.biomarin.com\\\/es-la\\\/mihistoriavamasalla\\\/#breadcrumb\"},\"inLanguage\":\"es\",\"potentialAction\":[{\"@type\":\"ReadAction\",\"target\":[\"https:\\\/\\\/achondroplasia.biomarin.com\\\/es-la\\\/mihistoriavamasalla\\\/\"]}]},{\"@type\":\"BreadcrumbList\",\"@id\":\"https:\\\/\\\/achondroplasia.biomarin.com\\\/es-la\\\/mihistoriavamasalla\\\/#breadcrumb\",\"itemListElement\":[{\"@type\":\"ListItem\",\"position\":1,\"name\":\"Home\",\"item\":\"https:\\\/\\\/achondroplasia.biomarin.com\\\/es-la\\\/mihistoriavamasalla\\\/\"},{\"@type\":\"ListItem\",\"position\":2,\"name\":\"Home\"}]},{\"@type\":\"WebSite\",\"@id\":\"https:\\\/\\\/achondroplasia.biomarin.com\\\/es-la\\\/mihistoriavamasalla\\\/#website\",\"url\":\"https:\\\/\\\/achondroplasia.biomarin.com\\\/es-la\\\/mihistoriavamasalla\\\/\",\"name\":\"Mi Historia Va M\u00e1s All\u00e1 \u2013 BioMarin\",\"description\":\"\",\"potentialAction\":[{\"@type\":\"SearchAction\",\"target\":{\"@type\":\"EntryPoint\",\"urlTemplate\":\"https:\\\/\\\/achondroplasia.biomarin.com\\\/es-la\\\/mihistoriavamasalla\\\/?s={search_term_string}\"},\"query-input\":{\"@type\":\"PropertyValueSpecification\",\"valueRequired\":true,\"valueName\":\"search_term_string\"}}],\"inLanguage\":\"es\"}]}<\/script>\n<!-- \/ Yoast SEO plugin. -->","yoast_head_json":{"title":"Mi Historia Va M\u00e1s All\u00e1 \u2013 BioMarin","description":"Conozca m\u00e1s acerca la acondroplasia, el tipo m\u00e1s com\u00fan de talla baja, a trav\u00e9s de la campa\u00f1a Mi Historia Va M\u00e1s All\u00e1","robots":{"index":"index","follow":"follow","max-snippet":"max-snippet:-1","max-image-preview":"max-image-preview:large","max-video-preview":"max-video-preview:-1"},"canonical":"https:\/\/achondroplasia.biomarin.com\/es-la\/mihistoriavamasalla\/","og_locale":"es_ES","og_type":"article","og_title":"Mi Historia Va M\u00e1s All\u00e1 \u2013 BioMarin","og_description":"Conozca m\u00e1s acerca la acondroplasia, el tipo m\u00e1s com\u00fan de talla baja, a trav\u00e9s de la campa\u00f1a Mi Historia Va M\u00e1s All\u00e1","og_url":"https:\/\/achondroplasia.biomarin.com\/es-la\/mihistoriavamasalla\/","og_site_name":"Mi Historia Va M\u00e1s All\u00e1 \u2013 BioMarin","article_modified_time":"2025-01-23T11:20:03+00:00","og_image":[{"width":1920,"height":967,"url":"https:\/\/achondroplasia.biomarin.com\/es-la\/mihistoriavamasalla\/wp-content\/uploads\/sites\/11\/2024\/10\/Homepage_BrunoCarra_1920x1080_ES-LA_2.jpg?v=0.308","type":"image\/jpeg"}],"twitter_card":"summary_large_image","twitter_title":"Mi Historia Va M\u00e1s All\u00e1 \u2013 BioMarin","twitter_description":"Conozca m\u00e1s acerca la acondroplasia, el tipo m\u00e1s com\u00fan de talla baja, a trav\u00e9s de la campa\u00f1a Mi Historia Va M\u00e1s All\u00e1","twitter_image":"https:\/\/achondroplasia.biomarin.com\/es-la\/mihistoriavamasalla\/wp-content\/uploads\/sites\/11\/2024\/10\/Homepage_BrunoCarra_1920x1080_ES-LA_2.jpg?v=0.372","schema":{"@context":"https:\/\/schema.org","@graph":[{"@type":"WebPage","@id":"https:\/\/achondroplasia.biomarin.com\/es-la\/mihistoriavamasalla\/","url":"https:\/\/achondroplasia.biomarin.com\/es-la\/mihistoriavamasalla\/","name":"Mi Historia Va M\u00e1s All\u00e1 \u2013 BioMarin","isPartOf":{"@id":"https:\/\/achondroplasia.biomarin.com\/es-la\/mihistoriavamasalla\/#website"},"datePublished":"2023-09-25T17:03:15+00:00","dateModified":"2025-01-23T11:20:03+00:00","description":"Conozca m\u00e1s acerca la acondroplasia, el tipo m\u00e1s com\u00fan de talla baja, a trav\u00e9s de la campa\u00f1a Mi Historia Va M\u00e1s All\u00e1","breadcrumb":{"@id":"https:\/\/achondroplasia.biomarin.com\/es-la\/mihistoriavamasalla\/#breadcrumb"},"inLanguage":"es","potentialAction":[{"@type":"ReadAction","target":["https:\/\/achondroplasia.biomarin.com\/es-la\/mihistoriavamasalla\/"]}]},{"@type":"BreadcrumbList","@id":"https:\/\/achondroplasia.biomarin.com\/es-la\/mihistoriavamasalla\/#breadcrumb","itemListElement":[{"@type":"ListItem","position":1,"name":"Home","item":"https:\/\/achondroplasia.biomarin.com\/es-la\/mihistoriavamasalla\/"},{"@type":"ListItem","position":2,"name":"Home"}]},{"@type":"WebSite","@id":"https:\/\/achondroplasia.biomarin.com\/es-la\/mihistoriavamasalla\/#website","url":"https:\/\/achondroplasia.biomarin.com\/es-la\/mihistoriavamasalla\/","name":"Mi Historia Va M\u00e1s All\u00e1 \u2013 BioMarin","description":"","potentialAction":[{"@type":"SearchAction","target":{"@type":"EntryPoint","urlTemplate":"https:\/\/achondroplasia.biomarin.com\/es-la\/mihistoriavamasalla\/?s={search_term_string}"},"query-input":{"@type":"PropertyValueSpecification","valueRequired":true,"valueName":"search_term_string"}}],"inLanguage":"es"}]}},"_links":{"self":[{"href":"https:\/\/achondroplasia.biomarin.com\/es-la\/mihistoriavamasalla\/wp-json\/wp\/v2\/pages\/6","targetHints":{"allow":["GET"]}}],"collection":[{"href":"https:\/\/achondroplasia.biomarin.com\/es-la\/mihistoriavamasalla\/wp-json\/wp\/v2\/pages"}],"about":[{"href":"https:\/\/achondroplasia.biomarin.com\/es-la\/mihistoriavamasalla\/wp-json\/wp\/v2\/types\/page"}],"author":[{"embeddable":true,"href":"https:\/\/achondroplasia.biomarin.com\/es-la\/mihistoriavamasalla\/wp-json\/wp\/v2\/users\/1"}],"replies":[{"embeddable":true,"href":"https:\/\/achondroplasia.biomarin.com\/es-la\/mihistoriavamasalla\/wp-json\/wp\/v2\/comments?post=6"}],"version-history":[{"count":68,"href":"https:\/\/achondroplasia.biomarin.com\/es-la\/mihistoriavamasalla\/wp-json\/wp\/v2\/pages\/6\/revisions"}],"predecessor-version":[{"id":270,"href":"https:\/\/achondroplasia.biomarin.com\/es-la\/mihistoriavamasalla\/wp-json\/wp\/v2\/pages\/6\/revisions\/270"}],"wp:attachment":[{"href":"https:\/\/achondroplasia.biomarin.com\/es-la\/mihistoriavamasalla\/wp-json\/wp\/v2\/media?parent=6"}],"curies":[{"name":"wp","href":"https:\/\/api.w.org\/{rel}","templated":true}]}}