{"id":14,"date":"2023-09-25T17:07:34","date_gmt":"2023-09-25T17:07:34","guid":{"rendered":"https:\/\/achdsepatient-dev-001.azurewebsites.net\/es-419-i\/?page_id=14"},"modified":"2024-11-04T10:01:37","modified_gmt":"2024-11-04T10:01:37","slug":"pagina-no-encontrada","status":"publish","type":"page","link":"https:\/\/achondroplasia.biomarin.com\/es-la\/mihistoriavamasalla\/pagina-no-encontrada\/","title":{"rendered":"P\u00e1gina no encontrada"},"content":{"rendered":"<div id=\"acf-block-6511be56d6d6b\" class=\"hero\">\n    \t<div class=\"overlay\"><\/div>\n\t<div class=\"wrapper\">\n\t\t<div class=\"inner-wrapper\">\n\t\t\t<div class=\"hero-content\">\n\t\t\t    \t\t\t\t\t\t\t\t\t\t\t\t    <h1>P\u00e1gina no encontrada\n<\/h1>\n\t\t\t\t\t\t\t\t\t\t\t\t    <p>Lo sentimos, pero no pudimos encontrar la p\u00e1gina que estabas buscando.<\/p>\n\t\t\t\t\t\t\t\t\n                <p class=\"inline-buttons\">\n                    \t\t\t\t        <a class=\"button button-arrow\" href=\"\/es-419\/mihistoriavamasalla\/\" target=\"_self\">Regresar a la p\u00e1gina de inicio<\/a>\t\t\t\t                                        <\/p>\n\t\t\t\t\t\t\t<\/div>\n\t\t<\/div>\n\t<\/div>\n<\/div>\n","protected":false},"excerpt":{"rendered":"","protected":false},"author":1,"featured_media":0,"parent":0,"menu_order":0,"comment_status":"closed","ping_status":"closed","template":"","meta":{"_acf_changed":false,"inline_featured_image":false,"footnotes":""},"class_list":["post-14","page","type-page","status-publish","hentry"],"acf":[],"yoast_head":"<!-- This site is optimized with the Yoast SEO plugin v27.1.1 - https:\/\/yoast.com\/product\/yoast-seo-wordpress\/ -->\n<title>P\u00e1gina no encontrada - Mi Historia Va M\u00e1s All\u00e1 \u2013 BioMarin<\/title>\n<meta name=\"robots\" content=\"index, follow, max-snippet:-1, max-image-preview:large, max-video-preview:-1\" \/>\n<link rel=\"canonical\" href=\"https:\/\/achondroplasia.biomarin.com\/es-la\/mihistoriavamasalla\/pagina-no-encontrada\/\" \/>\n<meta property=\"og:locale\" content=\"es_ES\" \/>\n<meta property=\"og:type\" content=\"article\" \/>\n<meta property=\"og:title\" content=\"P\u00e1gina no encontrada - Mi Historia Va M\u00e1s All\u00e1 \u2013 BioMarin\" \/>\n<meta property=\"og:url\" content=\"https:\/\/achondroplasia.biomarin.com\/es-la\/mihistoriavamasalla\/pagina-no-encontrada\/\" \/>\n<meta property=\"og:site_name\" content=\"Mi Historia Va M\u00e1s All\u00e1 \u2013 BioMarin\" \/>\n<meta property=\"article:modified_time\" content=\"2024-11-04T10:01:37+00:00\" \/>\n<meta name=\"twitter:card\" content=\"summary_large_image\" \/>\n<script type=\"application\/ld+json\" class=\"yoast-schema-graph\">{\"@context\":\"https:\/\/schema.org\",\"@graph\":[{\"@type\":\"WebPage\",\"@id\":\"https:\/\/achondroplasia.biomarin.com\/es-la\/mihistoriavamasalla\/pagina-no-encontrada\/\",\"url\":\"https:\/\/achondroplasia.biomarin.com\/es-la\/mihistoriavamasalla\/pagina-no-encontrada\/\",\"name\":\"P\u00e1gina no encontrada - Mi Historia Va M\u00e1s All\u00e1 \u2013 BioMarin\",\"isPartOf\":{\"@id\":\"https:\/\/achondroplasia.biomarin.com\/es-la\/mihistoriavamasalla\/#website\"},\"datePublished\":\"2023-09-25T17:07:34+00:00\",\"dateModified\":\"2024-11-04T10:01:37+00:00\",\"breadcrumb\":{\"@id\":\"https:\/\/achondroplasia.biomarin.com\/es-la\/mihistoriavamasalla\/pagina-no-encontrada\/#breadcrumb\"},\"inLanguage\":\"es\",\"potentialAction\":[{\"@type\":\"ReadAction\",\"target\":[\"https:\/\/achondroplasia.biomarin.com\/es-la\/mihistoriavamasalla\/pagina-no-encontrada\/\"]}]},{\"@type\":\"BreadcrumbList\",\"@id\":\"https:\/\/achondroplasia.biomarin.com\/es-la\/mihistoriavamasalla\/pagina-no-encontrada\/#breadcrumb\",\"itemListElement\":[{\"@type\":\"ListItem\",\"position\":1,\"name\":\"Home\",\"item\":\"https:\/\/achondroplasia.biomarin.com\/es-la\/mihistoriavamasalla\/\"},{\"@type\":\"ListItem\",\"position\":2,\"name\":\"P\u00e1gina no encontrada\"}]},{\"@type\":\"WebSite\",\"@id\":\"https:\/\/achondroplasia.biomarin.com\/es-la\/mihistoriavamasalla\/#website\",\"url\":\"https:\/\/achondroplasia.biomarin.com\/es-la\/mihistoriavamasalla\/\",\"name\":\"Mi Historia Va M\u00e1s All\u00e1 \u2013 BioMarin\",\"description\":\"\",\"potentialAction\":[{\"@type\":\"SearchAction\",\"target\":{\"@type\":\"EntryPoint\",\"urlTemplate\":\"https:\/\/achondroplasia.biomarin.com\/es-la\/mihistoriavamasalla\/?s={search_term_string}\"},\"query-input\":{\"@type\":\"PropertyValueSpecification\",\"valueRequired\":true,\"valueName\":\"search_term_string\"}}],\"inLanguage\":\"es\"}]}<\/script>\n<!-- \/ Yoast SEO plugin. -->","yoast_head_json":{"title":"P\u00e1gina no encontrada - Mi Historia Va M\u00e1s All\u00e1 \u2013 BioMarin","robots":{"index":"index","follow":"follow","max-snippet":"max-snippet:-1","max-image-preview":"max-image-preview:large","max-video-preview":"max-video-preview:-1"},"canonical":"https:\/\/achondroplasia.biomarin.com\/es-la\/mihistoriavamasalla\/pagina-no-encontrada\/","og_locale":"es_ES","og_type":"article","og_title":"P\u00e1gina no encontrada - Mi Historia Va M\u00e1s All\u00e1 \u2013 BioMarin","og_url":"https:\/\/achondroplasia.biomarin.com\/es-la\/mihistoriavamasalla\/pagina-no-encontrada\/","og_site_name":"Mi Historia Va M\u00e1s All\u00e1 \u2013 BioMarin","article_modified_time":"2024-11-04T10:01:37+00:00","twitter_card":"summary_large_image","schema":{"@context":"https:\/\/schema.org","@graph":[{"@type":"WebPage","@id":"https:\/\/achondroplasia.biomarin.com\/es-la\/mihistoriavamasalla\/pagina-no-encontrada\/","url":"https:\/\/achondroplasia.biomarin.com\/es-la\/mihistoriavamasalla\/pagina-no-encontrada\/","name":"P\u00e1gina no encontrada - Mi Historia Va M\u00e1s All\u00e1 \u2013 BioMarin","isPartOf":{"@id":"https:\/\/achondroplasia.biomarin.com\/es-la\/mihistoriavamasalla\/#website"},"datePublished":"2023-09-25T17:07:34+00:00","dateModified":"2024-11-04T10:01:37+00:00","breadcrumb":{"@id":"https:\/\/achondroplasia.biomarin.com\/es-la\/mihistoriavamasalla\/pagina-no-encontrada\/#breadcrumb"},"inLanguage":"es","potentialAction":[{"@type":"ReadAction","target":["https:\/\/achondroplasia.biomarin.com\/es-la\/mihistoriavamasalla\/pagina-no-encontrada\/"]}]},{"@type":"BreadcrumbList","@id":"https:\/\/achondroplasia.biomarin.com\/es-la\/mihistoriavamasalla\/pagina-no-encontrada\/#breadcrumb","itemListElement":[{"@type":"ListItem","position":1,"name":"Home","item":"https:\/\/achondroplasia.biomarin.com\/es-la\/mihistoriavamasalla\/"},{"@type":"ListItem","position":2,"name":"P\u00e1gina no encontrada"}]},{"@type":"WebSite","@id":"https:\/\/achondroplasia.biomarin.com\/es-la\/mihistoriavamasalla\/#website","url":"https:\/\/achondroplasia.biomarin.com\/es-la\/mihistoriavamasalla\/","name":"Mi Historia Va M\u00e1s All\u00e1 \u2013 BioMarin","description":"","potentialAction":[{"@type":"SearchAction","target":{"@type":"EntryPoint","urlTemplate":"https:\/\/achondroplasia.biomarin.com\/es-la\/mihistoriavamasalla\/?s={search_term_string}"},"query-input":{"@type":"PropertyValueSpecification","valueRequired":true,"valueName":"search_term_string"}}],"inLanguage":"es"}]}},"_links":{"self":[{"href":"https:\/\/achondroplasia.biomarin.com\/es-la\/mihistoriavamasalla\/wp-json\/wp\/v2\/pages\/14","targetHints":{"allow":["GET"]}}],"collection":[{"href":"https:\/\/achondroplasia.biomarin.com\/es-la\/mihistoriavamasalla\/wp-json\/wp\/v2\/pages"}],"about":[{"href":"https:\/\/achondroplasia.biomarin.com\/es-la\/mihistoriavamasalla\/wp-json\/wp\/v2\/types\/page"}],"author":[{"embeddable":true,"href":"https:\/\/achondroplasia.biomarin.com\/es-la\/mihistoriavamasalla\/wp-json\/wp\/v2\/users\/1"}],"replies":[{"embeddable":true,"href":"https:\/\/achondroplasia.biomarin.com\/es-la\/mihistoriavamasalla\/wp-json\/wp\/v2\/comments?post=14"}],"version-history":[{"count":6,"href":"https:\/\/achondroplasia.biomarin.com\/es-la\/mihistoriavamasalla\/wp-json\/wp\/v2\/pages\/14\/revisions"}],"predecessor-version":[{"id":227,"href":"https:\/\/achondroplasia.biomarin.com\/es-la\/mihistoriavamasalla\/wp-json\/wp\/v2\/pages\/14\/revisions\/227"}],"wp:attachment":[{"href":"https:\/\/achondroplasia.biomarin.com\/es-la\/mihistoriavamasalla\/wp-json\/wp\/v2\/media?parent=14"}],"curies":[{"name":"wp","href":"https:\/\/api.w.org\/{rel}","templated":true}]}}