{"id":11,"date":"2023-07-05T17:19:08","date_gmt":"2023-07-05T17:19:08","guid":{"rendered":"https:\/\/achdsepatient-dev-001.azurewebsites.net\/en-us\/?page_id=11"},"modified":"2025-07-23T12:05:19","modified_gmt":"2025-07-23T12:05:19","slug":"home","status":"publish","type":"page","link":"https:\/\/achondroplasia.biomarin.com\/es-es\/","title":{"rendered":"Home"},"content":{"rendered":"<div id=\"acf-block-64a5a60c6bad1\" class=\"hero hero-no-overlay\">\n            <div class=\"hero-background-image hero-background-image-desktop\" style=\"background-image: url(https:\/\/achondroplasia.biomarin.com\/es-es\/wp-content\/uploads\/sites\/23\/2023\/07\/care_hero.jpg?v=0.110);\"><\/div>\n\t    <div class=\"hero-background-image hero-background-image-mobile\" style=\"background-image: url(https:\/\/achondroplasia.biomarin.com\/es-es\/wp-content\/uploads\/sites\/23\/2023\/09\/care_mobile_hero@2x.png?v=0.110);\"><\/div>\n    \t<div class=\"overlay\"><\/div>\n\t<div class=\"wrapper\">\n\t\t<div class=\"inner-wrapper\">\n\t\t\t<div class=\"hero-content\">\n\t\t\t    \t\t\t\t\t\t\t\t\t\t\t\t    <h1>La atenci\u00f3n empieza con<br \/>\n<span style=\"color: #000000\">el conocimiento<\/span>\n<\/h1>\n\t\t\t\t\t\t\t\t\t\t\t\t    <p><span style=\"color: #0c455a\">Aprenda m\u00e1s sobre la acondroplasia, su tratamiento y los recursos a su alcance.<\/span><\/p>\n\t\t\t\t\t\t\t\t\n                <p class=\"inline-buttons\">\n                    \t\t\t\t        <a class=\"button\" href=\"https:\/\/achondroplasia.biomarin.com\/es-es\/resources\/\" target=\"_self\">DESPLAZARSE POR LOS RECURSOS<\/a>\t\t\t\t                                        <\/p>\n\t\t\t\t\t\t\t<\/div>\n\t\t<\/div>\n\t<\/div>\n<\/div>\n\n\n<div id=\"acf-block-64a7da67aa120\" class=\"block cards cards-3-col bg-band bg-band-tertiary block-zero-top block-zero-bottom block-remove-bottom-padding\">\n\t<div class=\"wrapper\">\n\t\t<div class=\"inner-wrapper\">\n\t\t\t<div class=\"cards-title\">\n\t\t\t    \t\t\t\t\t\t\t<\/div>\n\t\t\t<div class=\"cards-wrapper\">\n\t\t\t    \n<div id=\"acf-block-64a7da67aa88a\" class=\"card card-fixed-button\" data-muted-autoplay=\"false\">\n    \t    \n\n                    <img decoding=\"async\" class=\"card-image\" src=\"https:\/\/achondroplasia.biomarin.com\/es-es\/wp-content\/uploads\/sites\/23\/2023\/07\/Facts_promo-v0.3.png?v=0.110\" alt=\"\" \/>        \n\t    <div class=\"card-content\">\n                            <h4>Conozca los datos\n<\/h4>\n        \n                                                                                                            <p>Descubra la influencia en el crecimiento \u00f3seo de todo el cuerpo.<\/p>\n                                                                                                                                                                                                                                                                        \n                                                                                        <\/div>\n                                <div class=\"card-actions\">\n                            \n                            <p><a class=\"button button-text button-arrow\" href=\"https:\/\/achondroplasia.biomarin.com\/es-es\/what-is-achondroplasia\/\" target=\"_self\">Aprender<\/a><\/p>\n                                                                                    <\/div>\n<\/div>\n\n<div id=\"acf-block-64a7da67aa921\" class=\"card card-fixed-button\" data-muted-autoplay=\"false\">\n    \t    \n\n                    <img decoding=\"async\" class=\"card-image\" src=\"https:\/\/achondroplasia.biomarin.com\/es-es\/wp-content\/uploads\/sites\/23\/2023\/07\/Expect_promo-v0.3.png?v=0.110\" alt=\"\" \/>        \n\t    <div class=\"card-content\">\n                            <h4>Inf\u00f3rmese\n<\/h4>\n        \n                                                                                                            <p>Vea el efecto en la salud f\u00edsica, emocional y funcional de una persona a lo largo de su vida.<\/p>\n                                                                                                                                                                                                                                                                        \n                                                                                        <\/div>\n                                <div class=\"card-actions\">\n                            \n                            <p><a class=\"button button-text button-arrow\" href=\"https:\/\/achondroplasia.biomarin.com\/es-es\/living-with-achondroplasia\/\" target=\"_self\">Aprender<\/a><\/p>\n                                                                                    <\/div>\n<\/div>\n\n<div id=\"acf-block-64a7da67aa9b8\" class=\"card card-fixed-button\" data-muted-autoplay=\"false\">\n    \t    \n\n                    <img decoding=\"async\" class=\"card-image\" src=\"https:\/\/achondroplasia.biomarin.com\/es-es\/wp-content\/uploads\/sites\/23\/2023\/07\/Action_promo-v0.3.png?v=0.110\" alt=\"\" \/>        \n\t    <div class=\"card-content\">\n                            <h4>Act\u00fae\n<\/h4>\n        \n                                                                                                            <p>Consiga la atenci\u00f3n especializada que necesita para ayudarle a manejar posibles complicaciones.<\/p>\n                                                                                                                                                                                                                                                                        \n                                                                                        <\/div>\n                                <div class=\"card-actions\">\n                            \n                            <p><a class=\"button button-text button-arrow\" href=\"https:\/\/achondroplasia.biomarin.com\/es-es\/care\/\" target=\"_self\">Aprender<\/a><\/p>\n                                                                                    <\/div>\n<\/div>\n\t\t\t<\/div>\n\t\t<\/div>\n\t<\/div>\n<\/div>\n\n<div id=\"acf-block-64e7cd80cf130\" class=\"block wrapped-content bg-band bg-band-tertiary block-zero-top block-zero-bottom block-remove-top-padding block-remove-bottom-padding\">\n    <div class=\"wrapper\">\n        <div class=\"inner-wrapper\">\n                \n<div id=\"acf-block-64e7cd80cf510\" class=\"block quote bg-tertiary quote-image\">\n    <div class=\"wrapper\">\n\t\t<div class=\"inner-wrapper\">\n\t\t\t<div class=\"box\">\n\t\t\t\t<div class=\"quote-content\">\n\t\t\t\t    \t\t\t\t\t    <div class=\"quote-image\" style=\"background-image: url(https:\/\/achondroplasia.biomarin.com\/es-es\/wp-content\/uploads\/sites\/23\/2023\/09\/testimonial@2x_B_New.png?v=0.110);\"><\/div>\n\t\t\t\t\t\t\t\t\t\t<div class=\"content-block\">\n\t\t\t\t\t\t<blockquote>\n\t\t\t\t\t\t    \t\t\t\t\t\t\t    <p>Es importante recibir la informaci\u00f3n adecuada para poder tomar las decisiones correctas para tu hijo.<\/p>\n\t\t\t\t\t\t\t\t\t\t\t\t\t\t\t\t\t\t\t\t\t    <cite>\u2013 Cuidador de un ni\u00f1o con acondroplasia <\/cite>\n\t\t\t\t\t\t\t\t\t\t\t\t\t<\/blockquote>\n\t\t\t\t\t<\/div>\n\t\t\t\t<\/div>\n\t\t\t<\/div>\n\t\t<\/div>\n\t<\/div>\n<\/div>\n        <\/div>\n    <\/div>\n<\/div>\n\n<div id=\"recursos\" class=\"block featured-resources-listing\">\n\t<div class=\"wrapper\">\n\t\t<div class=\"inner-wrapper\">\n                            <div class=\"listing-title\">\n                                            <h2>\u00daltimos recursos\n<\/h2>\n                                                        <\/div>\n\t\t\t\t\t\t                                                                    \n                    \n                    \n                                                                                                                                                                                                                                                \n                                                                                        \n                                        <article class=\"resource resource-article\">\n                                                    <p class=\"resource-type\">V\u00eddeos<\/p>\n                                                <div class=\"resource-image\">\n                                                            <div class=\"resource-feature-image\" style=\"background-image: url(https:\/\/achondroplasia.biomarin.com\/es-es\/wp-content\/uploads\/sites\/23\/2025\/04\/untitled-f000050-1024x576.jpg);\"><\/div>\n                                                                                <\/div>\n                        <div class=\"resource-information\">\n                                                            <div class=\"resource-meta\">\n                                                                                                                <span class=\"duration\">07:11<\/span>\n                                                                    <\/div>\n                                                                                                                    <h2>Animaci\u00f3n sobre crecimiento \u00f3seo\n<\/h2>\n                                                                                        <p>Descubra c\u00f3mo crecen los huesos y c\u00f3mo las se\u00f1ales del cuerpo ralentizan este proceso en personas con acondroplasia.<\/p>\n                                                    <\/div>\n\n                                                                                                                                                                                                                                        <p><a class=\"button modal-video permitted\" href=\"https:\/\/player.vimeo.com\/video\/757853005\" target=\"_self\">VER<\/a><\/p>\n                                                                    <\/article>\n                                                        \n                    \n                    \n                                                                                                                                                                                                                                                \n                                                                                        \n                                        <article class=\"resource resource-article\">\n                                                    <p class=\"resource-type\">Descargar<\/p>\n                                                <div class=\"resource-image\">\n                                                            <div class=\"resource-feature-image\" style=\"background-image: url(https:\/\/achondroplasia.biomarin.com\/es-es\/wp-content\/uploads\/sites\/23\/2025\/04\/no-img-1024x674.png);\"><\/div>\n                                                                                <\/div>\n                        <div class=\"resource-information\">\n                                                                                                                    <h2>Crecimiento \u00f3seo y acondroplasia\n<\/h2>\n                                                                                        <p>Obtenga m\u00e1s informaci\u00f3n acerca de las causas, caracter\u00edsticas y efectos de la acondroplasia con esta ficha.<\/p>\n                                                    <\/div>\n\n                                                                                                                                                                                                        <p><a class=\"button\" href=\"https:\/\/achondroplasia.biomarin.com\/es-es\/wp-content\/uploads\/sites\/23\/2025\/04\/ACH_Bone-Growth-Factsheet-Spain.pdf?v=0.110\" target=\"_blank\">Descargar<\/a><\/p>\n                                                                    <\/article>\n                                                        \n                    \n                    \n                                                                                                                                                                                                                                                \n                                                                                        \n                                        <article class=\"resource resource-article\">\n                                                    <p class=\"resource-type\">V\u00eddeos<\/p>\n                                                <div class=\"resource-image\">\n                                                            <div class=\"resource-feature-image\" style=\"background-image: url(https:\/\/achondroplasia.biomarin.com\/es-es\/wp-content\/uploads\/sites\/23\/2025\/04\/untitled-f000092-1024x576.jpg);\"><\/div>\n                                                                                <\/div>\n                        <div class=\"resource-information\">\n                                                            <div class=\"resource-meta\">\n                                                                                                                <span class=\"duration\">21:22<\/span>\n                                                                    <\/div>\n                                                                                                                    <h2>Free To Be Me\n<\/h2>\n                                                                                        <p><em>Free To Be Me<\/em> incluye diversas personas de toda Europa y plantea la cuesti\u00f3n \u00ab\u00bfQu\u00e9 te hace ser t\u00fa?\u00bb<br \/>\nMira c\u00f3mo Riccardo, Anna, Sandy y Claudia hablan de sus experiencias y de c\u00f3mo su recorrido personal y sus decisiones individuales han dado forma a su identidad, viviendo con una enfermedad rara o discapacidad.<br \/>\n<em>#FreeToBeMe<\/em><\/p>\n                                                    <\/div>\n\n                                                                                                                                                                                                                                        <p><a class=\"button modal-video permitted\" href=\"https:\/\/player.vimeo.com\/video\/765999826\" target=\"_self\">VER<\/a><\/p>\n                                                                    <\/article>\n                            \t\t<\/div>\n\t<\/div>\n<\/div>\n\n<div id=\"acf-block-675c48aedb8b7\" class=\"block call-to-action call-to-action-no-bg\">\n    <div class=\"wrapper\">\n\t\t<div class=\"inner-wrapper\">\n\t\t\t<div class=\"box\" style=\"\">\n\t\t\t\t<div class=\"overlay\"><\/div>\n\t\t\t\t<div class=\"cta-content\">\n\t\t\t\t    \t\t\t\t\t<div class=\"cta-content-main\">\n                        <div class=\"content-block\">\n\t\t\t\t\t        \t\t\t\t\t        \t\t\t\t\t\t    \t\t\t\t\t    <\/div>\n\t\t\t\t\t                                <div class=\"content-block\">\n                                <p><a class=\"button button-ghost\" href=\"https:\/\/achondroplasia.biomarin.com\/es-es\/resources\/\" target=\"_self\">VER TODOS LOS RECURSOS<\/a><\/p>\n                            <\/div>\n\t\t\t\t\t                        <\/div>\n\t\t\t\t<\/div>\n\t\t\t<\/div>\n\t\t<\/div>\n\t<\/div>\n<\/div>","protected":false},"excerpt":{"rendered":"","protected":false},"author":3,"featured_media":0,"parent":0,"menu_order":0,"comment_status":"closed","ping_status":"closed","template":"","meta":{"_acf_changed":false,"inline_featured_image":false,"footnotes":""},"class_list":["post-11","page","type-page","status-publish","hentry"],"acf":[],"yoast_head":"<!-- This site is optimized with the Yoast SEO plugin v27.1.1 - https:\/\/yoast.com\/product\/yoast-seo-wordpress\/ -->\n<title>Achondroplasia, a Type of Dwarfism | Facts and Resources<\/title>\n<meta name=\"description\" content=\"Learn more about Achondroplasia, its management, and the resources available to you. Get the facts, know what to expect and take action.\" \/>\n<meta name=\"robots\" content=\"index, follow, max-snippet:-1, max-image-preview:large, max-video-preview:-1\" \/>\n<link rel=\"canonical\" href=\"https:\/\/achondroplasia.biomarin.com\/es-es\/\" \/>\n<meta property=\"og:locale\" content=\"es_ES\" \/>\n<meta property=\"og:type\" content=\"article\" \/>\n<meta property=\"og:title\" content=\"Achondroplasia, a Type of Dwarfism | Facts and Resources\" \/>\n<meta property=\"og:description\" content=\"Learn more about Achondroplasia, its management, and the resources available to you. Get the facts, know what to expect and take action.\" \/>\n<meta property=\"og:url\" content=\"https:\/\/achondroplasia.biomarin.com\/es-es\/\" \/>\n<meta property=\"og:site_name\" content=\"BioMarin ACH DSE Patient ES-ES\" \/>\n<meta property=\"article:modified_time\" content=\"2025-07-23T12:05:19+00:00\" \/>\n<meta name=\"twitter:card\" content=\"summary_large_image\" \/>\n<script type=\"application\/ld+json\" class=\"yoast-schema-graph\">{\"@context\":\"https:\/\/schema.org\",\"@graph\":[{\"@type\":\"WebPage\",\"@id\":\"https:\/\/achondroplasia.biomarin.com\/es-es\/\",\"url\":\"https:\/\/achondroplasia.biomarin.com\/es-es\/\",\"name\":\"Achondroplasia, a Type of Dwarfism | Facts and Resources\",\"isPartOf\":{\"@id\":\"https:\/\/achondroplasia.biomarin.com\/es-es\/#website\"},\"datePublished\":\"2023-07-05T17:19:08+00:00\",\"dateModified\":\"2025-07-23T12:05:19+00:00\",\"description\":\"Learn more about Achondroplasia, its management, and the resources available to you. Get the facts, know what to expect and take action.\",\"breadcrumb\":{\"@id\":\"https:\/\/achondroplasia.biomarin.com\/es-es\/#breadcrumb\"},\"inLanguage\":\"es\",\"potentialAction\":[{\"@type\":\"ReadAction\",\"target\":[\"https:\/\/achondroplasia.biomarin.com\/es-es\/\"]}]},{\"@type\":\"BreadcrumbList\",\"@id\":\"https:\/\/achondroplasia.biomarin.com\/es-es\/#breadcrumb\",\"itemListElement\":[{\"@type\":\"ListItem\",\"position\":1,\"name\":\"Home\",\"item\":\"https:\/\/achondroplasia.biomarin.com\/es-es\/\"},{\"@type\":\"ListItem\",\"position\":2,\"name\":\"Home\"}]},{\"@type\":\"WebSite\",\"@id\":\"https:\/\/achondroplasia.biomarin.com\/es-es\/#website\",\"url\":\"https:\/\/achondroplasia.biomarin.com\/es-es\/\",\"name\":\"BioMarin ACH DSE Patient ES-ES\",\"description\":\"\",\"potentialAction\":[{\"@type\":\"SearchAction\",\"target\":{\"@type\":\"EntryPoint\",\"urlTemplate\":\"https:\/\/achondroplasia.biomarin.com\/es-es\/?s={search_term_string}\"},\"query-input\":{\"@type\":\"PropertyValueSpecification\",\"valueRequired\":true,\"valueName\":\"search_term_string\"}}],\"inLanguage\":\"es\"}]}<\/script>\n<!-- \/ Yoast SEO plugin. -->","yoast_head_json":{"title":"Achondroplasia, a Type of Dwarfism | Facts and Resources","description":"Learn more about Achondroplasia, its management, and the resources available to you. Get the facts, know what to expect and take action.","robots":{"index":"index","follow":"follow","max-snippet":"max-snippet:-1","max-image-preview":"max-image-preview:large","max-video-preview":"max-video-preview:-1"},"canonical":"https:\/\/achondroplasia.biomarin.com\/es-es\/","og_locale":"es_ES","og_type":"article","og_title":"Achondroplasia, a Type of Dwarfism | Facts and Resources","og_description":"Learn more about Achondroplasia, its management, and the resources available to you. Get the facts, know what to expect and take action.","og_url":"https:\/\/achondroplasia.biomarin.com\/es-es\/","og_site_name":"BioMarin ACH DSE Patient ES-ES","article_modified_time":"2025-07-23T12:05:19+00:00","twitter_card":"summary_large_image","schema":{"@context":"https:\/\/schema.org","@graph":[{"@type":"WebPage","@id":"https:\/\/achondroplasia.biomarin.com\/es-es\/","url":"https:\/\/achondroplasia.biomarin.com\/es-es\/","name":"Achondroplasia, a Type of Dwarfism | Facts and Resources","isPartOf":{"@id":"https:\/\/achondroplasia.biomarin.com\/es-es\/#website"},"datePublished":"2023-07-05T17:19:08+00:00","dateModified":"2025-07-23T12:05:19+00:00","description":"Learn more about Achondroplasia, its management, and the resources available to you. Get the facts, know what to expect and take action.","breadcrumb":{"@id":"https:\/\/achondroplasia.biomarin.com\/es-es\/#breadcrumb"},"inLanguage":"es","potentialAction":[{"@type":"ReadAction","target":["https:\/\/achondroplasia.biomarin.com\/es-es\/"]}]},{"@type":"BreadcrumbList","@id":"https:\/\/achondroplasia.biomarin.com\/es-es\/#breadcrumb","itemListElement":[{"@type":"ListItem","position":1,"name":"Home","item":"https:\/\/achondroplasia.biomarin.com\/es-es\/"},{"@type":"ListItem","position":2,"name":"Home"}]},{"@type":"WebSite","@id":"https:\/\/achondroplasia.biomarin.com\/es-es\/#website","url":"https:\/\/achondroplasia.biomarin.com\/es-es\/","name":"BioMarin ACH DSE Patient ES-ES","description":"","potentialAction":[{"@type":"SearchAction","target":{"@type":"EntryPoint","urlTemplate":"https:\/\/achondroplasia.biomarin.com\/es-es\/?s={search_term_string}"},"query-input":{"@type":"PropertyValueSpecification","valueRequired":true,"valueName":"search_term_string"}}],"inLanguage":"es"}]}},"_links":{"self":[{"href":"https:\/\/achondroplasia.biomarin.com\/es-es\/wp-json\/wp\/v2\/pages\/11","targetHints":{"allow":["GET"]}}],"collection":[{"href":"https:\/\/achondroplasia.biomarin.com\/es-es\/wp-json\/wp\/v2\/pages"}],"about":[{"href":"https:\/\/achondroplasia.biomarin.com\/es-es\/wp-json\/wp\/v2\/types\/page"}],"author":[{"embeddable":true,"href":"https:\/\/achondroplasia.biomarin.com\/es-es\/wp-json\/wp\/v2\/users\/3"}],"replies":[{"embeddable":true,"href":"https:\/\/achondroplasia.biomarin.com\/es-es\/wp-json\/wp\/v2\/comments?post=11"}],"version-history":[{"count":248,"href":"https:\/\/achondroplasia.biomarin.com\/es-es\/wp-json\/wp\/v2\/pages\/11\/revisions"}],"predecessor-version":[{"id":2360,"href":"https:\/\/achondroplasia.biomarin.com\/es-es\/wp-json\/wp\/v2\/pages\/11\/revisions\/2360"}],"wp:attachment":[{"href":"https:\/\/achondroplasia.biomarin.com\/es-es\/wp-json\/wp\/v2\/media?parent=11"}],"curies":[{"name":"wp","href":"https:\/\/api.w.org\/{rel}","templated":true}]}}