{"id":2162,"date":"2025-04-15T09:47:22","date_gmt":"2025-04-15T09:47:22","guid":{"rendered":"https:\/\/achdsepatient-dev-001.azurewebsites.net\/de-de\/?page_id=2162"},"modified":"2026-02-10T17:48:17","modified_gmt":"2026-02-10T17:48:17","slug":"impressum","status":"publish","type":"page","link":"https:\/\/achondroplasia.biomarin.com\/de-de\/impressum\/","title":{"rendered":"Impressum"},"content":{"rendered":"<div id=\"acf-block-67fe2bdcacece\" class=\"hero\">\n    \t<div class=\"overlay\"><\/div>\n\t<div class=\"wrapper\">\n\t\t<div class=\"inner-wrapper\">\n\t\t\t<div class=\"hero-content\">\n\t\t\t    \t\t\t\t\t\t\t\t\t\t\t\t    <h1>Impressum\n<\/h1>\n\t\t\t\t\t\t\t\t\t\t\t\t\n                <p class=\"inline-buttons\">\n                                                        <\/p>\n\t\t\t\t\t\t\t<\/div>\n\t\t<\/div>\n\t<\/div>\n<\/div>\n\n\n<div id=\"acf-block-67fe2bdcad1c2\" class=\"block wrapped-content\">\n    <div class=\"wrapper\">\n        <div class=\"inner-wrapper\">\n                \n<div id=\"acf-block-67fe2bdcad368\" class=\"block-wysiwyg\">\n            <p><span style=\"font-size: 1.4rem;color: #368bab\">Herausgeber:<\/span><\/p>\n<p>BioMarin Deutschland GmbH<br \/>\nWesterbachstra\u00dfe 28<br \/>\n61476 Kronberg (Ts.)<\/p>\n<p>Tel. +49 (0)6173 98 90 100<br \/>\nFax +49 (0)6173 98 90 109<\/p>\n<p><a href=\"https:\/\/www.biomarin.eu\/\" target=\"_blank\" rel=\"noopener\">www.biomarin.eu<\/a><\/p>\n<p>Gesch\u00e4ftsf\u00fchrer: Richard Morris, Fabian F\u00fcllbier, Eric Davis, Brian Keogh<\/p>\n<p>Amtsgericht Frankfurt \u2013 Registergericht \u2013 HRB 95536<\/p>\n<p>Umsatzsteuernummer: DE293701259<\/p>\n    <\/div>\n        <\/div>\n    <\/div>\n<\/div>","protected":false},"excerpt":{"rendered":"","protected":false},"author":3,"featured_media":0,"parent":0,"menu_order":0,"comment_status":"closed","ping_status":"closed","template":"","meta":{"_acf_changed":false,"inline_featured_image":false,"footnotes":""},"class_list":["post-2162","page","type-page","status-publish","hentry"],"acf":[],"yoast_head":"<!-- This site is optimized with the Yoast SEO plugin v27.1.1 - https:\/\/yoast.com\/product\/yoast-seo-wordpress\/ -->\n<title>Impressum - BioMarin ACH DSE Patient DE-DE<\/title>\n<meta name=\"robots\" content=\"index, follow, max-snippet:-1, max-image-preview:large, max-video-preview:-1\" \/>\n<link rel=\"canonical\" href=\"https:\/\/achondroplasia.biomarin.com\/de-de\/impressum\/\" \/>\n<meta property=\"og:locale\" content=\"de_DE\" \/>\n<meta property=\"og:type\" content=\"article\" \/>\n<meta property=\"og:title\" content=\"Impressum - BioMarin ACH DSE Patient DE-DE\" \/>\n<meta property=\"og:url\" content=\"https:\/\/achondroplasia.biomarin.com\/de-de\/impressum\/\" \/>\n<meta property=\"og:site_name\" content=\"BioMarin ACH DSE Patient DE-DE\" \/>\n<meta property=\"article:modified_time\" content=\"2026-02-10T17:48:17+00:00\" \/>\n<meta name=\"twitter:card\" content=\"summary_large_image\" \/>\n<script type=\"application\/ld+json\" class=\"yoast-schema-graph\">{\"@context\":\"https:\/\/schema.org\",\"@graph\":[{\"@type\":\"WebPage\",\"@id\":\"https:\/\/achondroplasia.biomarin.com\/de-de\/impressum\/\",\"url\":\"https:\/\/achondroplasia.biomarin.com\/de-de\/impressum\/\",\"name\":\"Impressum - BioMarin ACH DSE Patient DE-DE\",\"isPartOf\":{\"@id\":\"https:\/\/achondroplasia.biomarin.com\/de-de\/#website\"},\"datePublished\":\"2025-04-15T09:47:22+00:00\",\"dateModified\":\"2026-02-10T17:48:17+00:00\",\"breadcrumb\":{\"@id\":\"https:\/\/achondroplasia.biomarin.com\/de-de\/impressum\/#breadcrumb\"},\"inLanguage\":\"de\",\"potentialAction\":[{\"@type\":\"ReadAction\",\"target\":[\"https:\/\/achondroplasia.biomarin.com\/de-de\/impressum\/\"]}]},{\"@type\":\"BreadcrumbList\",\"@id\":\"https:\/\/achondroplasia.biomarin.com\/de-de\/impressum\/#breadcrumb\",\"itemListElement\":[{\"@type\":\"ListItem\",\"position\":1,\"name\":\"Home\",\"item\":\"https:\/\/achondroplasia.biomarin.com\/de-de\/\"},{\"@type\":\"ListItem\",\"position\":2,\"name\":\"Impressum\"}]},{\"@type\":\"WebSite\",\"@id\":\"https:\/\/achondroplasia.biomarin.com\/de-de\/#website\",\"url\":\"https:\/\/achondroplasia.biomarin.com\/de-de\/\",\"name\":\"BioMarin ACH DSE Patient DE-DE\",\"description\":\"\",\"potentialAction\":[{\"@type\":\"SearchAction\",\"target\":{\"@type\":\"EntryPoint\",\"urlTemplate\":\"https:\/\/achondroplasia.biomarin.com\/de-de\/?s={search_term_string}\"},\"query-input\":{\"@type\":\"PropertyValueSpecification\",\"valueRequired\":true,\"valueName\":\"search_term_string\"}}],\"inLanguage\":\"de\"}]}<\/script>\n<!-- \/ Yoast SEO plugin. -->","yoast_head_json":{"title":"Impressum - BioMarin ACH DSE Patient DE-DE","robots":{"index":"index","follow":"follow","max-snippet":"max-snippet:-1","max-image-preview":"max-image-preview:large","max-video-preview":"max-video-preview:-1"},"canonical":"https:\/\/achondroplasia.biomarin.com\/de-de\/impressum\/","og_locale":"de_DE","og_type":"article","og_title":"Impressum - BioMarin ACH DSE Patient DE-DE","og_url":"https:\/\/achondroplasia.biomarin.com\/de-de\/impressum\/","og_site_name":"BioMarin ACH DSE Patient DE-DE","article_modified_time":"2026-02-10T17:48:17+00:00","twitter_card":"summary_large_image","schema":{"@context":"https:\/\/schema.org","@graph":[{"@type":"WebPage","@id":"https:\/\/achondroplasia.biomarin.com\/de-de\/impressum\/","url":"https:\/\/achondroplasia.biomarin.com\/de-de\/impressum\/","name":"Impressum - BioMarin ACH DSE Patient DE-DE","isPartOf":{"@id":"https:\/\/achondroplasia.biomarin.com\/de-de\/#website"},"datePublished":"2025-04-15T09:47:22+00:00","dateModified":"2026-02-10T17:48:17+00:00","breadcrumb":{"@id":"https:\/\/achondroplasia.biomarin.com\/de-de\/impressum\/#breadcrumb"},"inLanguage":"de","potentialAction":[{"@type":"ReadAction","target":["https:\/\/achondroplasia.biomarin.com\/de-de\/impressum\/"]}]},{"@type":"BreadcrumbList","@id":"https:\/\/achondroplasia.biomarin.com\/de-de\/impressum\/#breadcrumb","itemListElement":[{"@type":"ListItem","position":1,"name":"Home","item":"https:\/\/achondroplasia.biomarin.com\/de-de\/"},{"@type":"ListItem","position":2,"name":"Impressum"}]},{"@type":"WebSite","@id":"https:\/\/achondroplasia.biomarin.com\/de-de\/#website","url":"https:\/\/achondroplasia.biomarin.com\/de-de\/","name":"BioMarin ACH DSE Patient DE-DE","description":"","potentialAction":[{"@type":"SearchAction","target":{"@type":"EntryPoint","urlTemplate":"https:\/\/achondroplasia.biomarin.com\/de-de\/?s={search_term_string}"},"query-input":{"@type":"PropertyValueSpecification","valueRequired":true,"valueName":"search_term_string"}}],"inLanguage":"de"}]}},"_links":{"self":[{"href":"https:\/\/achondroplasia.biomarin.com\/de-de\/wp-json\/wp\/v2\/pages\/2162","targetHints":{"allow":["GET"]}}],"collection":[{"href":"https:\/\/achondroplasia.biomarin.com\/de-de\/wp-json\/wp\/v2\/pages"}],"about":[{"href":"https:\/\/achondroplasia.biomarin.com\/de-de\/wp-json\/wp\/v2\/types\/page"}],"author":[{"embeddable":true,"href":"https:\/\/achondroplasia.biomarin.com\/de-de\/wp-json\/wp\/v2\/users\/3"}],"replies":[{"embeddable":true,"href":"https:\/\/achondroplasia.biomarin.com\/de-de\/wp-json\/wp\/v2\/comments?post=2162"}],"version-history":[{"count":9,"href":"https:\/\/achondroplasia.biomarin.com\/de-de\/wp-json\/wp\/v2\/pages\/2162\/revisions"}],"predecessor-version":[{"id":2414,"href":"https:\/\/achondroplasia.biomarin.com\/de-de\/wp-json\/wp\/v2\/pages\/2162\/revisions\/2414"}],"wp:attachment":[{"href":"https:\/\/achondroplasia.biomarin.com\/de-de\/wp-json\/wp\/v2\/media?parent=2162"}],"curies":[{"name":"wp","href":"https:\/\/api.w.org\/{rel}","templated":true}]}}