{"id":11,"date":"2023-07-05T17:19:08","date_gmt":"2023-07-05T17:19:08","guid":{"rendered":"https:\/\/achdsepatient-dev-001.azurewebsites.net\/en-us\/?page_id=11"},"modified":"2025-07-01T09:07:12","modified_gmt":"2025-07-01T09:07:12","slug":"home","status":"publish","type":"page","link":"https:\/\/achondroplasia.biomarin.com\/de-de\/","title":{"rendered":"Home"},"content":{"rendered":"<div id=\"acf-block-64a5a60c6bad1\" class=\"hero hero-no-overlay\">\n            <div class=\"hero-background-image hero-background-image-desktop\" style=\"background-image: url(https:\/\/achondroplasia.biomarin.com\/de-de\/wp-content\/uploads\/sites\/19\/2023\/07\/care_hero.jpg?v=0.110);\"><\/div>\n\t    <div class=\"hero-background-image hero-background-image-mobile\" style=\"background-image: url(https:\/\/achondroplasia.biomarin.com\/de-de\/wp-content\/uploads\/sites\/19\/2023\/09\/care_mobile_hero@2x.png?v=0.110);\"><\/div>\n    \t<div class=\"overlay\"><\/div>\n\t<div class=\"wrapper\">\n\t\t<div class=\"inner-wrapper\">\n\t\t\t<div class=\"hero-content\">\n\t\t\t    \t\t\t\t\t\t\t\t\t\t\t\t    <h1>Die Behandlung beginnt mit<br \/>\n<span style=\"color: #000000\">WISSEN<\/span>\n<\/h1>\n\t\t\t\t\t\t\t\t\t\t\t\t    <p><span style=\"color: #0c455a\">Erfahren Sie mehr \u00fcber Achondroplasie, ihre Behandlung und die Ihnen zur Verf\u00fcgung stehenden Informationsquellen.<\/span><\/p>\n\t\t\t\t\t\t\t\t\n                <p class=\"inline-buttons\">\n                    \t\t\t\t        <a class=\"button\" href=\"https:\/\/achondroplasia.biomarin.com\/de-de\/#links\" target=\"_self\">ZU DEN LINKS SCROLLEN<\/a>\t\t\t\t                                        <\/p>\n\t\t\t\t\t\t\t<\/div>\n\t\t<\/div>\n\t<\/div>\n<\/div>\n\n\n<div id=\"acf-block-64a7da67aa120\" class=\"block cards cards-3-col bg-band bg-band-tertiary block-zero-top block-zero-bottom block-remove-bottom-padding\">\n\t<div class=\"wrapper\">\n\t\t<div class=\"inner-wrapper\">\n\t\t\t<div class=\"cards-title\">\n\t\t\t    \t\t\t\t\t\t\t<\/div>\n\t\t\t<div class=\"cards-wrapper\">\n\t\t\t    \n<div id=\"acf-block-64a7da67aa88a\" class=\"card card-fixed-button\" data-muted-autoplay=\"false\">\n    \t    \n\n                    <img decoding=\"async\" class=\"card-image\" src=\"https:\/\/achondroplasia.biomarin.com\/de-de\/wp-content\/uploads\/sites\/19\/2023\/07\/Facts_promo-v0.3.png?v=0.110\" alt=\"\" \/>        \n\t    <div class=\"card-content\">\n                            <h4>Hier sind die Fakten\n<\/h4>\n        \n                                                                                                            <p>Erfahren Sie mehr \u00fcber die Auswirkung auf das Knochenwachstum.<\/p>\n                                                                                                                                                                                                                                                                        \n                                                                                        <\/div>\n                                <div class=\"card-actions\">\n                            \n                            <p><a class=\"button button-text button-arrow\" href=\"https:\/\/achondroplasia.biomarin.com\/de-de\/what-is-achondroplasia\/\" target=\"_self\">Mehr<\/a><\/p>\n                                                                                    <\/div>\n<\/div>\n\n<div id=\"acf-block-64a7da67aa921\" class=\"card card-fixed-button\" data-muted-autoplay=\"false\">\n    \t    \n\n                    <img decoding=\"async\" class=\"card-image\" src=\"https:\/\/achondroplasia.biomarin.com\/de-de\/wp-content\/uploads\/sites\/19\/2023\/07\/Expect_promo-v0.3.png?v=0.110\" alt=\"\" \/>        \n\t    <div class=\"card-content\">\n                            <h4>Was erwartet einen?\n<\/h4>\n        \n                                                                                                            <p>Erfahren Sie mehr \u00fcber Auswirkungen auf die funktionale, emotionale und k\u00f6rperliche Gesundheit in verschiedenen Lebensabschnitten<\/p>\n                                                                                                                                                                                                                                                                        \n                                                                                        <\/div>\n                                <div class=\"card-actions\">\n                            \n                            <p><a class=\"button button-text button-arrow\" href=\"https:\/\/achondroplasia.biomarin.com\/de-de\/living-with-achondroplasia\/\" target=\"_self\">Mehr<\/a><\/p>\n                                                                                    <\/div>\n<\/div>\n\n<div id=\"acf-block-64a7da67aa9b8\" class=\"card card-fixed-button\" data-muted-autoplay=\"false\">\n    \t    \n\n                    <img decoding=\"async\" class=\"card-image\" src=\"https:\/\/achondroplasia.biomarin.com\/de-de\/wp-content\/uploads\/sites\/19\/2023\/07\/Action_promo-v0.3.png?v=0.110\" alt=\"\" \/>        \n\t    <div class=\"card-content\">\n                            <h4>Was kann ich tun?\n<\/h4>\n        \n                                                                                                            <p>Unterst\u00fctzung f\u00fcr eine umfassende Betreuung<\/p>\n                                                                                                                                                                                                                                                                        \n                                                                                        <\/div>\n                                <div class=\"card-actions\">\n                            \n                            <p><a class=\"button button-text button-arrow\" href=\"https:\/\/achondroplasia.biomarin.com\/de-de\/care\/\" target=\"_self\">Mehr<\/a><\/p>\n                                                                                    <\/div>\n<\/div>\n\t\t\t<\/div>\n\t\t<\/div>\n\t<\/div>\n<\/div>\n\n<div id=\"acf-block-67fe33a30db12\" class=\"block wrapped-content bg-band bg-band-tertiary block-zero-top block-zero-bottom block-remove-bottom-padding\">\n    <div class=\"wrapper\">\n        <div class=\"inner-wrapper\">\n                \n<div id=\"acf-block-67fe33a30dce7\" class=\"block-wysiwyg\">\n            <h3 style=\"text-align: center;text-transform: none\">Achondroplasie-Behandlung beginnt mit Wissen<\/h3>\n    <\/div>\n        <\/div>\n    <\/div>\n<\/div>\n\n<div id=\"acf-block-64e7cd80cf130\" class=\"block wrapped-content bg-band bg-band-tertiary block-zero-top block-zero-bottom block-remove-top-padding block-remove-bottom-padding\">\n    <div class=\"wrapper\">\n        <div class=\"inner-wrapper\">\n                \n<div id=\"acf-block-64e7cd80cf510\" class=\"block quote bg-tertiary quote-image\">\n    <div class=\"wrapper\">\n\t\t<div class=\"inner-wrapper\">\n\t\t\t<div class=\"box\">\n\t\t\t\t<div class=\"quote-content\">\n\t\t\t\t    \t\t\t\t\t    <div class=\"quote-image\" style=\"background-image: url(https:\/\/achondroplasia.biomarin.com\/de-de\/wp-content\/uploads\/sites\/19\/2023\/09\/testimonial@2x_B_New.png?v=0.110);\"><\/div>\n\t\t\t\t\t\t\t\t\t\t<div class=\"content-block\">\n\t\t\t\t\t\t<blockquote>\n\t\t\t\t\t\t    \t\t\t\t\t\t\t    <p>Es ist wichtig, gut informiert zu sein, um die richtigen Entscheidungen f\u00fcr Ihr Kind treffen zu k\u00f6nnen.<\/p>\n\t\t\t\t\t\t\t\t\t\t\t\t\t\t\t\t\t\t\t\t\t    <cite>\u2013Betreuungsperson eines Kindes mit Achondroplasie <\/cite>\n\t\t\t\t\t\t\t\t\t\t\t\t\t<\/blockquote>\n\t\t\t\t\t<\/div>\n\t\t\t\t<\/div>\n\t\t\t<\/div>\n\t\t<\/div>\n\t<\/div>\n<\/div>\n        <\/div>\n    <\/div>\n<\/div>\n\n<div id=\"links\" class=\"block featured-resources-listing\">\n\t<div class=\"wrapper\">\n\t\t<div class=\"inner-wrapper\">\n                            <div class=\"listing-title\">\n                                            <h2>Neueste Links\n<\/h2>\n                                                        <\/div>\n\t\t\t\t\t\t                                                                    \n                    \n                    \n                                                                                                                                                                                                                                                \n                                                                                        \n                                        <article class=\"resource resource-article\">\n                                                    <p class=\"resource-type\">Herunterladen<\/p>\n                                                <div class=\"resource-image\">\n                                                            <div class=\"resource-feature-image\" style=\"background-image: url(https:\/\/achondroplasia.biomarin.com\/de-de\/wp-content\/uploads\/sites\/19\/2024\/12\/img-slider-reagan-1-1.svg);\"><\/div>\n                                                                                <\/div>\n                        <div class=\"resource-information\">\n                                                                                                                    <h2>\u00dcber Achondroplasie \u2013 Factsheet\n<\/h2>\n                                                                                        <p>Erfahren Sie anhand dieser n\u00fctzlichen \u00dcberischt mehr \u00fcber die Ursachen, Merkmale und Auswirkungen der Achondroplasie.<\/p>\n                                                    <\/div>\n\n                                                                                                                                                                                                        <p><a class=\"button\" href=\"https:\/\/achondroplasia.biomarin.com\/de-de\/wp-content\/uploads\/sites\/19\/2025\/04\/ACH_About-Achondroplasia-Factsheet.pdf?v=0.110\" target=\"_blank\">Herunterladen<\/a><\/p>\n                                                                    <\/article>\n                                                        \n                    \n                    \n                                                                                                                                                                                                                                                \n                                                                                        \n                                        <article class=\"resource resource-article\">\n                                                    <p class=\"resource-type\">Herunterladen<\/p>\n                                                <div class=\"resource-image\">\n                                                            <div class=\"resource-feature-image\" style=\"background-image: url(https:\/\/achondroplasia.biomarin.com\/de-de\/wp-content\/uploads\/sites\/19\/2024\/12\/img-hero-1-2-1.svg);\"><\/div>\n                                                                                <\/div>\n                        <div class=\"resource-information\">\n                                                                                                                    <h2>Knochenwachstum und Achondroplasie\n<\/h2>\n                                                                                        <p>Erfahren Sie anhand dieses n\u00fctzlichen Faktenblatts mehr \u00fcber die Ursachen, Merkmale und Auswirkungen der Achondroplasie.<\/p>\n                                                    <\/div>\n\n                                                                                                                                                                                                        <p><a class=\"button\" href=\"https:\/\/achondroplasia.biomarin.com\/de-de\/wp-content\/uploads\/sites\/19\/2025\/04\/ACH_Bone-Growth-Factsheet-German.pdf?v=0.110\" target=\"_blank\">Herunterladen<\/a><\/p>\n                                                                    <\/article>\n                                                        \n                    \n                    \n                                                                                                                                                                                                                                                \n                                                                                        \n                                        <article class=\"resource resource-article\">\n                                                    <p class=\"resource-type\">Video<\/p>\n                                                <div class=\"resource-image\">\n                                                            <div class=\"resource-feature-image\" style=\"background-image: url(https:\/\/achondroplasia.biomarin.com\/de-de\/wp-content\/uploads\/sites\/19\/2025\/04\/untitled-f000089-1024x576.jpg);\"><\/div>\n                                                                                <\/div>\n                        <div class=\"resource-information\">\n                                                                                                                    <h2>Free To Be Me\n<\/h2>\n                                                                                        <p>Free To Be Me erz\u00e4hlt die Geschichte mehrerer Personen aus ganz Europa und stellt die Frage: \u201eWas macht Dich zu der Person, die Du bist?\u201c<br \/>\nSehen Sie sich in einem Video an, wie Riccardo, Anna, Sandy und Claudia \u00fcber ihre Erfahrungen sprechen und wie ihr individueller Lebensweg und ihre pers\u00f6nlichen Entscheidungen sie als Menschen mit einer seltenen Erkrankung oder Behinderung gepr\u00e4gt haben. #FreeToBeMe<\/p>\n                                                    <\/div>\n\n                                                                                                                                                                                                                                        <p><a class=\"button modal-video permitted\" href=\"https:\/\/player.vimeo.com\/video\/762177791\" target=\"_self\">Anzeigen<\/a><\/p>\n                                                                    <\/article>\n                            \t\t<\/div>\n\t<\/div>\n<\/div>\n\n<div id=\"acf-block-675c48aedb8b7\" class=\"block call-to-action call-to-action-no-bg\">\n    <div class=\"wrapper\">\n\t\t<div class=\"inner-wrapper\">\n\t\t\t<div class=\"box\" style=\"\">\n\t\t\t\t<div class=\"overlay\"><\/div>\n\t\t\t\t<div class=\"cta-content\">\n\t\t\t\t    \t\t\t\t\t<div class=\"cta-content-main\">\n                        <div class=\"content-block\">\n\t\t\t\t\t        \t\t\t\t\t        \t\t\t\t\t\t    \t\t\t\t\t    <\/div>\n\t\t\t\t\t                                <div class=\"content-block\">\n                                <p><a class=\"button button-ghost\" href=\"https:\/\/achondroplasia.biomarin.com\/de-de\/resources\/\" target=\"_self\">ALLE LINKS ANZEIGEN<\/a><\/p>\n                            <\/div>\n\t\t\t\t\t                        <\/div>\n\t\t\t\t<\/div>\n\t\t\t<\/div>\n\t\t<\/div>\n\t<\/div>\n<\/div>","protected":false},"excerpt":{"rendered":"","protected":false},"author":3,"featured_media":0,"parent":0,"menu_order":0,"comment_status":"closed","ping_status":"closed","template":"","meta":{"_acf_changed":false,"inline_featured_image":false,"footnotes":""},"class_list":["post-11","page","type-page","status-publish","hentry"],"acf":[],"yoast_head":"<!-- This site is optimized with the Yoast SEO plugin v27.1.1 - https:\/\/yoast.com\/product\/yoast-seo-wordpress\/ -->\n<title>Achondroplasia, a Type of Dwarfism | Facts and Resources<\/title>\n<meta name=\"description\" content=\"Learn more about Achondroplasia, its management, and the resources available to you. Get the facts, know what to expect and take action.\" \/>\n<meta name=\"robots\" content=\"index, follow, max-snippet:-1, max-image-preview:large, max-video-preview:-1\" \/>\n<link rel=\"canonical\" href=\"https:\/\/achondroplasia.biomarin.com\/de-de\/\" \/>\n<meta property=\"og:locale\" content=\"de_DE\" \/>\n<meta property=\"og:type\" content=\"article\" \/>\n<meta property=\"og:title\" content=\"Achondroplasia, a Type of Dwarfism | Facts and Resources\" \/>\n<meta property=\"og:description\" content=\"Learn more about Achondroplasia, its management, and the resources available to you. Get the facts, know what to expect and take action.\" \/>\n<meta property=\"og:url\" content=\"https:\/\/achondroplasia.biomarin.com\/de-de\/\" \/>\n<meta property=\"og:site_name\" content=\"BioMarin ACH DSE Patient DE-DE\" \/>\n<meta property=\"article:modified_time\" content=\"2025-07-01T09:07:12+00:00\" \/>\n<meta name=\"twitter:card\" content=\"summary_large_image\" \/>\n<script type=\"application\/ld+json\" class=\"yoast-schema-graph\">{\"@context\":\"https:\/\/schema.org\",\"@graph\":[{\"@type\":\"WebPage\",\"@id\":\"https:\/\/achondroplasia.biomarin.com\/de-de\/\",\"url\":\"https:\/\/achondroplasia.biomarin.com\/de-de\/\",\"name\":\"Achondroplasia, a Type of Dwarfism | Facts and Resources\",\"isPartOf\":{\"@id\":\"https:\/\/achondroplasia.biomarin.com\/de-de\/#website\"},\"datePublished\":\"2023-07-05T17:19:08+00:00\",\"dateModified\":\"2025-07-01T09:07:12+00:00\",\"description\":\"Learn more about Achondroplasia, its management, and the resources available to you. Get the facts, know what to expect and take action.\",\"breadcrumb\":{\"@id\":\"https:\/\/achondroplasia.biomarin.com\/de-de\/#breadcrumb\"},\"inLanguage\":\"de\",\"potentialAction\":[{\"@type\":\"ReadAction\",\"target\":[\"https:\/\/achondroplasia.biomarin.com\/de-de\/\"]}]},{\"@type\":\"BreadcrumbList\",\"@id\":\"https:\/\/achondroplasia.biomarin.com\/de-de\/#breadcrumb\",\"itemListElement\":[{\"@type\":\"ListItem\",\"position\":1,\"name\":\"Home\",\"item\":\"https:\/\/achondroplasia.biomarin.com\/de-de\/\"},{\"@type\":\"ListItem\",\"position\":2,\"name\":\"Home\"}]},{\"@type\":\"WebSite\",\"@id\":\"https:\/\/achondroplasia.biomarin.com\/de-de\/#website\",\"url\":\"https:\/\/achondroplasia.biomarin.com\/de-de\/\",\"name\":\"BioMarin ACH DSE Patient DE-DE\",\"description\":\"\",\"potentialAction\":[{\"@type\":\"SearchAction\",\"target\":{\"@type\":\"EntryPoint\",\"urlTemplate\":\"https:\/\/achondroplasia.biomarin.com\/de-de\/?s={search_term_string}\"},\"query-input\":{\"@type\":\"PropertyValueSpecification\",\"valueRequired\":true,\"valueName\":\"search_term_string\"}}],\"inLanguage\":\"de\"}]}<\/script>\n<!-- \/ Yoast SEO plugin. -->","yoast_head_json":{"title":"Achondroplasia, a Type of Dwarfism | Facts and Resources","description":"Learn more about Achondroplasia, its management, and the resources available to you. Get the facts, know what to expect and take action.","robots":{"index":"index","follow":"follow","max-snippet":"max-snippet:-1","max-image-preview":"max-image-preview:large","max-video-preview":"max-video-preview:-1"},"canonical":"https:\/\/achondroplasia.biomarin.com\/de-de\/","og_locale":"de_DE","og_type":"article","og_title":"Achondroplasia, a Type of Dwarfism | Facts and Resources","og_description":"Learn more about Achondroplasia, its management, and the resources available to you. Get the facts, know what to expect and take action.","og_url":"https:\/\/achondroplasia.biomarin.com\/de-de\/","og_site_name":"BioMarin ACH DSE Patient DE-DE","article_modified_time":"2025-07-01T09:07:12+00:00","twitter_card":"summary_large_image","schema":{"@context":"https:\/\/schema.org","@graph":[{"@type":"WebPage","@id":"https:\/\/achondroplasia.biomarin.com\/de-de\/","url":"https:\/\/achondroplasia.biomarin.com\/de-de\/","name":"Achondroplasia, a Type of Dwarfism | Facts and Resources","isPartOf":{"@id":"https:\/\/achondroplasia.biomarin.com\/de-de\/#website"},"datePublished":"2023-07-05T17:19:08+00:00","dateModified":"2025-07-01T09:07:12+00:00","description":"Learn more about Achondroplasia, its management, and the resources available to you. Get the facts, know what to expect and take action.","breadcrumb":{"@id":"https:\/\/achondroplasia.biomarin.com\/de-de\/#breadcrumb"},"inLanguage":"de","potentialAction":[{"@type":"ReadAction","target":["https:\/\/achondroplasia.biomarin.com\/de-de\/"]}]},{"@type":"BreadcrumbList","@id":"https:\/\/achondroplasia.biomarin.com\/de-de\/#breadcrumb","itemListElement":[{"@type":"ListItem","position":1,"name":"Home","item":"https:\/\/achondroplasia.biomarin.com\/de-de\/"},{"@type":"ListItem","position":2,"name":"Home"}]},{"@type":"WebSite","@id":"https:\/\/achondroplasia.biomarin.com\/de-de\/#website","url":"https:\/\/achondroplasia.biomarin.com\/de-de\/","name":"BioMarin ACH DSE Patient DE-DE","description":"","potentialAction":[{"@type":"SearchAction","target":{"@type":"EntryPoint","urlTemplate":"https:\/\/achondroplasia.biomarin.com\/de-de\/?s={search_term_string}"},"query-input":{"@type":"PropertyValueSpecification","valueRequired":true,"valueName":"search_term_string"}}],"inLanguage":"de"}]}},"_links":{"self":[{"href":"https:\/\/achondroplasia.biomarin.com\/de-de\/wp-json\/wp\/v2\/pages\/11","targetHints":{"allow":["GET"]}}],"collection":[{"href":"https:\/\/achondroplasia.biomarin.com\/de-de\/wp-json\/wp\/v2\/pages"}],"about":[{"href":"https:\/\/achondroplasia.biomarin.com\/de-de\/wp-json\/wp\/v2\/types\/page"}],"author":[{"embeddable":true,"href":"https:\/\/achondroplasia.biomarin.com\/de-de\/wp-json\/wp\/v2\/users\/3"}],"replies":[{"embeddable":true,"href":"https:\/\/achondroplasia.biomarin.com\/de-de\/wp-json\/wp\/v2\/comments?post=11"}],"version-history":[{"count":248,"href":"https:\/\/achondroplasia.biomarin.com\/de-de\/wp-json\/wp\/v2\/pages\/11\/revisions"}],"predecessor-version":[{"id":2381,"href":"https:\/\/achondroplasia.biomarin.com\/de-de\/wp-json\/wp\/v2\/pages\/11\/revisions\/2381"}],"wp:attachment":[{"href":"https:\/\/achondroplasia.biomarin.com\/de-de\/wp-json\/wp\/v2\/media?parent=11"}],"curies":[{"name":"wp","href":"https:\/\/api.w.org\/{rel}","templated":true}]}}